{"id":2567,"date":"2016-10-31T17:38:49","date_gmt":"2016-10-31T17:38:49","guid":{"rendered":"https:\/\/www.citybrewtours.com\/montreal\/tours\/"},"modified":"2023-01-11T18:02:25","modified_gmt":"2023-01-11T18:02:25","slug":"tours","status":"publish","type":"page","link":"https:\/\/www.citybrewtours.com\/montreal\/fr\/tours\/","title":{"rendered":"Choisissez votre tourn\u00e9e"},"content":{"rendered":"<table id=\"tablepress-3\" class=\"tablepress tablepress-id-3 mobile-column\">\n<thead>\n<tr class=\"row-1 odd\">\n<th class=\"column-1\">La Rencontre Brassicole de MTL<\/th>\n<th class=\"column-2\">Le 5 \u00e0 7 Brassicole de Montr\u00e9al<\/th>\n<\/tr>\n<\/thead>\n<tbody>\n<tr class=\"row-2 even\">\n<td class=\"column-1\"><img data-src=\"https:\/\/www.citybrewtours.com\/montreal\/wp-content\/uploads\/sites\/10\/2022\/03\/BREW-TOUR-00695-scaled-e1648749225220.jpg\" alt=\"sip of montreal brew tours\" width=\"524\" height=\"294\"  src=\"data:image\/svg+xml;base64,PHN2ZyB3aWR0aD0iMSIgaGVpZ2h0PSIxIiB4bWxucz0iaHR0cDovL3d3dy53My5vcmcvMjAwMC9zdmciPjwvc3ZnPg==\" class=\"lazyload\" style=\"--smush-placeholder-width: 524px; --smush-placeholder-aspect-ratio: 524\/294;\"><\/p>\n<p><span class=\"button-wrap\"><a href=\"https:\/\/www.citybrewtours.com\/montreal\/fr\/reserver-la-rencontre-brassicole\/\" class=\"button button-light\" target=\"\">Reserver Maintenant<\/a><\/span><\/td>\n<td class=\"column-2\"><img data-src=\"https:\/\/www.citybrewtours.com\/montreal\/wp-content\/uploads\/sites\/10\/2022\/03\/BREW-TOUR-00523-1-scaled-e1648749556397.jpg\" alt=\"happy hour tour montreal\" width=\"524\" height=\"294\"  src=\"data:image\/svg+xml;base64,PHN2ZyB3aWR0aD0iMSIgaGVpZ2h0PSIxIiB4bWxucz0iaHR0cDovL3d3dy53My5vcmcvMjAwMC9zdmciPjwvc3ZnPg==\" class=\"lazyload\" style=\"--smush-placeholder-width: 524px; --smush-placeholder-aspect-ratio: 524\/294;\"><\/p>\n<p><span class=\"button-wrap\"><a href=\"https:\/\/www.citybrewtours.com\/montreal\/fr\/book-the-happy-hour-montreal-brew-tour\/\" class=\"button button-light\" target=\"\">Reserver Maintenant<\/a><\/span><\/td>\n<\/tr>\n<tr class=\"row-3 odd\">\n<td colspan=\"2\" class=\"column-1\"><span style=\"color: #ffffff\"><strong>Les Grandes Lignes<\/strong><\/span><\/td>\n<\/tr>\n<tr class=\"row-4 even\">\n<td class=\"column-1\">D\u00e9couvrez les brasseries, les quartiers branch\u00e9s et la c\u00e9l\u00e8bre bi\u00e8re artisanale sur La Rencontre Brassicole. Beaucoup de d\u00e9gustations, une l\u00e9g\u00e8re collation en accord avec la bi\u00e8re et tout le plaisir dont vous avez besoin pour terminer une belle journ\u00e9e \u00e0 Montr\u00e9al.<\/td>\n<td class=\"column-2\">Il n'y a pas de meilleure fa\u00e7on d'apprendre que d'aller directement \u00e0 la source pour d\u00e9guster les produits de nos artisans. Le 5 \u00e0 7 Brassicole de Montr\u00e9al offre aux invit\u00e9s l'ultime visite de trois des meilleures brasseries artisanales, une activit\u00e9 enrichissante avec un accord bi\u00e8res et mets, des d\u00e9gustations \u00e0 profusions et le tout est accompagn\u00e9e par un de nos guides experts qui conduit un minibus.<\/td>\n<\/tr>\n<tr class=\"row-5 odd\">\n<td colspan=\"2\" class=\"column-1\"><span style=\"color: #ffffff\"><strong>Inclus<\/strong><\/span><\/td>\n<\/tr>\n<tr class=\"row-6 even\">\n<td class=\"column-1\">\n<ul><\/p>\n<li>D\u00e9gustez jusqu'\u00e0 10 style de bi\u00e8re dans 3 microbrasseries diff\u00e9rentes<\/li>\n<p><\/p>\n<li>Plateau \u00e0 partager : pretzel g\u00e9ant, fromage frais local, olives, cornichons et moutarde \u00e0 la bi\u00e8re maison<\/li>\n<p><\/p>\n<li>Un transport aller-retour s\u00e9curitaire<\/li>\n<p><\/p>\n<li>Un acc\u00e8s VIP aux aires de production, \u00e0 l'histoire de la bi\u00e8re montr\u00e9alaise et sa nouvelle g\u00e9n\u00e9ration de brasseurs <\/li>\n<p><\/p>\n<li>Une cocarde avec des fiches informative \u00e0 rapporter \u00e0 la maison pour vos futur d\u00e9gustation<\/li>\n<p>\n<\/ul>\n<\/td>\n<td class=\"column-2\">\n<ul><\/p>\n<li>D\u00e9gustez jusqu'\u00e0 10 styles de bi\u00e8res dans 3 microbrasseries diff\u00e9rentes<\/li>\n<p><\/p>\n<li>Savourez un d\u00e9licieux repas parfaitement accord\u00e9 \u00e0 votre bi\u00e8re : paninis gourmands ou Eurodogs savoureux accompagn\u00e9s de chips croustillantes. Des options v\u00e9g\u00e9tariennes et v\u00e9ganes sont \u00e9galement disponibles pour combler tous les app\u00e9tits<\/li>\n<p><\/p>\n<li>Un transport aller-retour s\u00e9curitaire<\/li>\n<p><\/p>\n<li>Un acc\u00e8s VIP aux aires de production, \u00e0 l'histoire de la bi\u00e8re montr\u00e9alaise et sa nouvelle g\u00e9n\u00e9ration de brasseurs <\/li>\n<p><\/p>\n<li>La touche Brassicole<\/li>\n<p>\n<\/ul>\n<\/td>\n<\/tr>\n<tr class=\"row-7 odd\">\n<td colspan=\"2\" class=\"column-1\"><span style=\"color: #ffffff\"><strong>Disponibilit\u00e9s &amp; Heures<\/strong><\/span><\/td>\n<\/tr>\n<tr class=\"row-8 even\">\n<td class=\"column-1\">mardi, vendredi au dimanche<\/td>\n<td class=\"column-2\">mercredi, jeudi et samedi<\/td>\n<\/tr>\n<tr class=\"row-9 odd\">\n<td colspan=\"2\" class=\"column-1\"><span style=\"color: #ffffff\"><strong>Dur\u00e9e<\/strong><\/span><\/td>\n<\/tr>\n<tr class=\"row-10 even\">\n<td class=\"column-1\">3,5 heures<\/td>\n<td class=\"column-2\">3.5 heures<\/td>\n<\/tr>\n<tr class=\"row-11 odd\">\n<td colspan=\"2\" class=\"column-1\"><span style=\"color: #ffffff\"><strong>Prix<\/strong><\/span><\/td>\n<\/tr>\n<tr class=\"row-12 even\">\n<td class=\"column-1\">$89 PP CAD<\/td>\n<td class=\"column-2\">$105 PP CAD<\/td>\n<\/tr>\n<tr class=\"row-13 odd\">\n<td colspan=\"2\" class=\"column-1\"><span style=\"color: #ffffff\"><strong>Prochaine \u00e9tape<\/strong><\/span><\/td>\n<\/tr>\n<tr class=\"row-14 even\">\n<td class=\"column-1\"><span class=\"button-wrap\"><a href=\"https:\/\/www.citybrewtours.com\/montreal\/fr\/reserver-la-rencontre-brassicole\/\" class=\"button button-light\" target=\"\">Reserver Maintenant<\/a><\/span><span class=\"button-wrap\"><a href=\"https:\/\/www.citybrewtours.com\/montreal\/fr\/tours\/la-rencontre-brassicole\/\" class=\"button button-dark-yellow\" target=\"\">En savoir plus<\/a><\/span><\/td>\n<td class=\"column-2\"><span class=\"button-wrap\"><a href=\"https:\/\/www.citybrewtours.com\/montreal\/book-the-happy-hour-montreal-brew-tour\/\" class=\"button button-light\" target=\"\">Reserver Maintenant<\/a><\/span><span class=\"button-wrap\"><a href=\"https:\/\/www.citybrewtours.com\/montreal\/fr\/tours\/the-happy-hour-montreal-brew-tour\/\" class=\"button button-dark-yellow\" target=\"\">En savoir plus<\/a><\/span><\/td>\n<\/tr>\n<\/tbody>\n<\/table>\n<h6 style=\"text-align: center;\">\u00c0 la recherche des heures et disponibilit\u00e9s? \u00a0<a href=\"https:\/\/www.citybrewtours.com\/montreal\/book\/\">Cliquez ici<\/a>!<\/h6>\n<h6 style=\"text-align: center;\">\u00c0 la recherche de <a href=\"https:\/\/www.citybrewtours.com\/montreal\/gift-certificate\/\">certificats cadeaux<\/a>?<\/h6>\n<div class='line'><\/div>\n<h3 style=\"text-align: center;\">Vous souhaitez une tourn\u00e9e priv\u00e9e?<\/h3>\n<p style=\"text-align: center;\">Des visites priv\u00e9es sont disponibles pour les groupes et les occasions sp\u00e9ciales de toutes tailles.<\/p>\n<p style=\"text-align: center;\"><span class=\"button-wrap\"><a href=\"https:\/\/www.citybrewtours.com\/montreal\/private-tours\/\" class=\"button button-light\" target=\"\">En savoir plus<\/a><\/span><\/p>\n","protected":false},"excerpt":{"rendered":"<p>\u00c0 la recherche des heures et disponibilit\u00e9s? \u00a0Cliquez ici! \u00c0 la recherche de certificats cadeaux? Vous souhaitez une tourn\u00e9e priv\u00e9e? Des visites priv\u00e9es sont disponibles pour les groupes et les occasions sp\u00e9ciales de toutes tailles.<\/p>\n","protected":false},"author":1,"featured_media":2569,"parent":0,"menu_order":0,"comment_status":"closed","ping_status":"closed","template":"","meta":[],"acf":[],"yoast_head":"<!-- This site is optimized with the Yoast SEO plugin v19.10 - https:\/\/yoast.com\/wordpress\/plugins\/seo\/ -->\n<title>Choisissez votre tourn\u00e9e - Montr\u00e9al Brew Tours - All-Inclusive, Guided Brewery Tours &amp; Events - Book Now<\/title>\n<meta name=\"description\" content=\"Faites votre choix entre l&#039;exp\u00e9rience brassicole ou la rencontre brassicole de Montr\u00e9al. Afficher les d\u00e9tails de la visite, les prix et les heures de parcours disponibles. D\u00e9couvrez quelle tourn\u00e9e est la meilleure pour vous!\" \/>\n<meta name=\"robots\" content=\"index, follow, max-snippet:-1, max-image-preview:large, max-video-preview:-1\" \/>\n<link rel=\"canonical\" href=\"https:\/\/www.citybrewtours.com\/montreal\/tours\/\" \/>\n<meta property=\"og:locale\" content=\"en_US\" \/>\n<meta property=\"og:type\" content=\"article\" \/>\n<meta property=\"og:title\" content=\"Choisissez votre tourn\u00e9e - Montr\u00e9al Brew Tours - All-Inclusive, Guided Brewery Tours &amp; Events - Book Now\" \/>\n<meta property=\"og:description\" content=\"Faites votre choix entre l&#039;exp\u00e9rience brassicole ou la rencontre brassicole de Montr\u00e9al. Afficher les d\u00e9tails de la visite, les prix et les heures de parcours disponibles. D\u00e9couvrez quelle tourn\u00e9e est la meilleure pour vous!\" \/>\n<meta property=\"og:url\" content=\"https:\/\/www.citybrewtours.com\/montreal\/fr\/tours\/\" \/>\n<meta property=\"og:site_name\" content=\"Montr\u00e9al Brew Tours - All-Inclusive, Guided Brewery Tours &amp; Events\" \/>\n<meta property=\"article:publisher\" content=\"https:\/\/www.facebook.com\/citybrewtoursMTL\/\" \/>\n<meta property=\"article:modified_time\" content=\"2023-01-11T18:02:25+00:00\" \/>\n<meta property=\"og:image\" content=\"https:\/\/www.citybrewtours.com\/montreal\/wp-content\/uploads\/sites\/10\/2016\/10\/featured.jpg\" \/>\n\t<meta property=\"og:image:width\" content=\"2880\" \/>\n\t<meta property=\"og:image:height\" content=\"960\" \/>\n\t<meta property=\"og:image:type\" content=\"image\/jpeg\" \/>\n<meta name=\"twitter:card\" content=\"summary_large_image\" \/>\n<meta name=\"twitter:label1\" content=\"Est. reading time\" \/>\n\t<meta name=\"twitter:data1\" content=\"1 minute\" \/>\n<script type=\"application\/ld+json\" class=\"yoast-schema-graph\">{\"@context\":\"https:\/\/schema.org\",\"@graph\":[{\"@type\":\"WebPage\",\"@id\":\"https:\/\/www.citybrewtours.com\/montreal\/fr\/tours\/\",\"url\":\"https:\/\/www.citybrewtours.com\/montreal\/fr\/tours\/\",\"name\":\"Choisissez votre tourn\u00e9e - Montr\u00e9al Brew Tours - All-Inclusive, Guided Brewery Tours &amp; Events - Book Now\",\"isPartOf\":{\"@id\":\"https:\/\/www.citybrewtours.com\/montreal\/#website\"},\"datePublished\":\"2016-10-31T17:38:49+00:00\",\"dateModified\":\"2023-01-11T18:02:25+00:00\",\"description\":\"Faites votre choix entre l'exp\u00e9rience brassicole ou la rencontre brassicole de Montr\u00e9al. Afficher les d\u00e9tails de la visite, les prix et les heures de parcours disponibles. D\u00e9couvrez quelle tourn\u00e9e est la meilleure pour vous!\",\"breadcrumb\":{\"@id\":\"https:\/\/www.citybrewtours.com\/montreal\/fr\/tours\/#breadcrumb\"},\"inLanguage\":\"en-US\",\"potentialAction\":[{\"@type\":\"ReadAction\",\"target\":[\"https:\/\/www.citybrewtours.com\/montreal\/fr\/tours\/\"]}]},{\"@type\":\"BreadcrumbList\",\"@id\":\"https:\/\/www.citybrewtours.com\/montreal\/fr\/tours\/#breadcrumb\",\"itemListElement\":[{\"@type\":\"ListItem\",\"position\":1,\"name\":\"Home\",\"item\":\"https:\/\/www.citybrewtours.com\/montreal\/\"},{\"@type\":\"ListItem\",\"position\":2,\"name\":\"Choisissez votre tourn\u00e9e\"}]},{\"@type\":\"WebSite\",\"@id\":\"https:\/\/www.citybrewtours.com\/montreal\/#website\",\"url\":\"https:\/\/www.citybrewtours.com\/montreal\/\",\"name\":\"Montr\u00e9al Brew Tours - All-Inclusive, Guided Brewery Tours &amp; Events\",\"description\":\"Local Brewery Tours in Montreal, QC\",\"publisher\":{\"@id\":\"https:\/\/www.citybrewtours.com\/montreal\/#organization\"},\"potentialAction\":[{\"@type\":\"SearchAction\",\"target\":{\"@type\":\"EntryPoint\",\"urlTemplate\":\"https:\/\/www.citybrewtours.com\/montreal\/?s={search_term_string}\"},\"query-input\":\"required name=search_term_string\"}],\"inLanguage\":\"en-US\"},{\"@type\":\"Organization\",\"@id\":\"https:\/\/www.citybrewtours.com\/montreal\/#organization\",\"name\":\"City Brew Tours Montreal La Tourn\u00e9e Brasicole\",\"url\":\"https:\/\/www.citybrewtours.com\/montreal\/\",\"logo\":{\"@type\":\"ImageObject\",\"inLanguage\":\"en-US\",\"@id\":\"https:\/\/www.citybrewtours.com\/montreal\/#\/schema\/logo\/image\/\",\"url\":\"https:\/\/www.citybrewtours.com\/montreal\/wp-content\/uploads\/sites\/10\/2018\/04\/brown_horizontal_nyc.png\",\"contentUrl\":\"https:\/\/www.citybrewtours.com\/montreal\/wp-content\/uploads\/sites\/10\/2018\/04\/brown_horizontal_nyc.png\",\"width\":246,\"height\":90,\"caption\":\"City Brew Tours Montreal La Tourn\u00e9e Brasicole\"},\"image\":{\"@id\":\"https:\/\/www.citybrewtours.com\/montreal\/#\/schema\/logo\/image\/\"},\"sameAs\":[\"https:\/\/www.instagram.com\/citybrewtoursmtl\/\",\"https:\/\/www.facebook.com\/citybrewtoursMTL\/\"]}]}<\/script>\n<!-- \/ Yoast SEO plugin. -->","yoast_head_json":{"title":"Choisissez votre tourn\u00e9e - Montr\u00e9al Brew Tours - All-Inclusive, Guided Brewery Tours &amp; Events - Book Now","description":"Faites votre choix entre l'exp\u00e9rience brassicole ou la rencontre brassicole de Montr\u00e9al. Afficher les d\u00e9tails de la visite, les prix et les heures de parcours disponibles. D\u00e9couvrez quelle tourn\u00e9e est la meilleure pour vous!","robots":{"index":"index","follow":"follow","max-snippet":"max-snippet:-1","max-image-preview":"max-image-preview:large","max-video-preview":"max-video-preview:-1"},"canonical":"https:\/\/www.citybrewtours.com\/montreal\/tours\/","og_locale":"en_US","og_type":"article","og_title":"Choisissez votre tourn\u00e9e - Montr\u00e9al Brew Tours - All-Inclusive, Guided Brewery Tours &amp; Events - Book Now","og_description":"Faites votre choix entre l'exp\u00e9rience brassicole ou la rencontre brassicole de Montr\u00e9al. Afficher les d\u00e9tails de la visite, les prix et les heures de parcours disponibles. D\u00e9couvrez quelle tourn\u00e9e est la meilleure pour vous!","og_url":"https:\/\/www.citybrewtours.com\/montreal\/fr\/tours\/","og_site_name":"Montr\u00e9al Brew Tours - All-Inclusive, Guided Brewery Tours &amp; Events","article_publisher":"https:\/\/www.facebook.com\/citybrewtoursMTL\/","article_modified_time":"2023-01-11T18:02:25+00:00","og_image":[{"width":2880,"height":960,"url":"https:\/\/www.citybrewtours.com\/montreal\/wp-content\/uploads\/sites\/10\/2016\/10\/featured.jpg","type":"image\/jpeg"}],"twitter_card":"summary_large_image","twitter_misc":{"Est. reading time":"1 minute"},"schema":{"@context":"https:\/\/schema.org","@graph":[{"@type":"WebPage","@id":"https:\/\/www.citybrewtours.com\/montreal\/fr\/tours\/","url":"https:\/\/www.citybrewtours.com\/montreal\/fr\/tours\/","name":"Choisissez votre tourn\u00e9e - Montr\u00e9al Brew Tours - All-Inclusive, Guided Brewery Tours &amp; Events - Book Now","isPartOf":{"@id":"https:\/\/www.citybrewtours.com\/montreal\/#website"},"datePublished":"2016-10-31T17:38:49+00:00","dateModified":"2023-01-11T18:02:25+00:00","description":"Faites votre choix entre l'exp\u00e9rience brassicole ou la rencontre brassicole de Montr\u00e9al. Afficher les d\u00e9tails de la visite, les prix et les heures de parcours disponibles. D\u00e9couvrez quelle tourn\u00e9e est la meilleure pour vous!","breadcrumb":{"@id":"https:\/\/www.citybrewtours.com\/montreal\/fr\/tours\/#breadcrumb"},"inLanguage":"en-US","potentialAction":[{"@type":"ReadAction","target":["https:\/\/www.citybrewtours.com\/montreal\/fr\/tours\/"]}]},{"@type":"BreadcrumbList","@id":"https:\/\/www.citybrewtours.com\/montreal\/fr\/tours\/#breadcrumb","itemListElement":[{"@type":"ListItem","position":1,"name":"Home","item":"https:\/\/www.citybrewtours.com\/montreal\/"},{"@type":"ListItem","position":2,"name":"Choisissez votre tourn\u00e9e"}]},{"@type":"WebSite","@id":"https:\/\/www.citybrewtours.com\/montreal\/#website","url":"https:\/\/www.citybrewtours.com\/montreal\/","name":"Montr\u00e9al Brew Tours - All-Inclusive, Guided Brewery Tours &amp; Events","description":"Local Brewery Tours in Montreal, QC","publisher":{"@id":"https:\/\/www.citybrewtours.com\/montreal\/#organization"},"potentialAction":[{"@type":"SearchAction","target":{"@type":"EntryPoint","urlTemplate":"https:\/\/www.citybrewtours.com\/montreal\/?s={search_term_string}"},"query-input":"required name=search_term_string"}],"inLanguage":"en-US"},{"@type":"Organization","@id":"https:\/\/www.citybrewtours.com\/montreal\/#organization","name":"City Brew Tours Montreal La Tourn\u00e9e Brasicole","url":"https:\/\/www.citybrewtours.com\/montreal\/","logo":{"@type":"ImageObject","inLanguage":"en-US","@id":"https:\/\/www.citybrewtours.com\/montreal\/#\/schema\/logo\/image\/","url":"https:\/\/www.citybrewtours.com\/montreal\/wp-content\/uploads\/sites\/10\/2018\/04\/brown_horizontal_nyc.png","contentUrl":"https:\/\/www.citybrewtours.com\/montreal\/wp-content\/uploads\/sites\/10\/2018\/04\/brown_horizontal_nyc.png","width":246,"height":90,"caption":"City Brew Tours Montreal La Tourn\u00e9e Brasicole"},"image":{"@id":"https:\/\/www.citybrewtours.com\/montreal\/#\/schema\/logo\/image\/"},"sameAs":["https:\/\/www.instagram.com\/citybrewtoursmtl\/","https:\/\/www.facebook.com\/citybrewtoursMTL\/"]}]}},"_links":{"self":[{"href":"https:\/\/www.citybrewtours.com\/montreal\/wp-json\/wp\/v2\/pages\/2567"}],"collection":[{"href":"https:\/\/www.citybrewtours.com\/montreal\/wp-json\/wp\/v2\/pages"}],"about":[{"href":"https:\/\/www.citybrewtours.com\/montreal\/wp-json\/wp\/v2\/types\/page"}],"author":[{"embeddable":true,"href":"https:\/\/www.citybrewtours.com\/montreal\/wp-json\/wp\/v2\/users\/1"}],"replies":[{"embeddable":true,"href":"https:\/\/www.citybrewtours.com\/montreal\/wp-json\/wp\/v2\/comments?post=2567"}],"version-history":[{"count":0,"href":"https:\/\/www.citybrewtours.com\/montreal\/wp-json\/wp\/v2\/pages\/2567\/revisions"}],"wp:featuredmedia":[{"embeddable":true,"href":"https:\/\/www.citybrewtours.com\/montreal\/wp-json\/wp\/v2\/media\/2569"}],"wp:attachment":[{"href":"https:\/\/www.citybrewtours.com\/montreal\/wp-json\/wp\/v2\/media?parent=2567"}],"curies":[{"name":"wp","href":"https:\/\/api.w.org\/{rel}","templated":true}]}}