{"id":2594,"date":"2016-10-31T17:40:03","date_gmt":"2016-10-31T17:40:03","guid":{"rendered":"https:\/\/www.citybrewtours.com\/montreal\/about\/beer-guides\/"},"modified":"2023-01-11T17:43:14","modified_gmt":"2023-01-11T17:43:14","slug":"guides-experts","status":"publish","type":"page","link":"https:\/\/www.citybrewtours.com\/montreal\/fr\/about\/guides-experts\/","title":{"rendered":"Nos guides experts"},"content":{"rendered":"<h3>Mathieu &#8211; Expert Bi\u00e8re<\/h3>\n<p><img decoding=\"async\" class=\"alignright wp-image-4162 size-medium lazyload\" data-src=\"https:\/\/www.citybrewtours.com\/montreal\/wp-content\/uploads\/sites\/10\/2019\/07\/537cea30-dae3-4eb0-8a11-d7a6e4928448-300x225.jpg\" alt=\"\" width=\"300\" height=\"225\" data-srcset=\"https:\/\/www.citybrewtours.com\/montreal\/wp-content\/uploads\/sites\/10\/2019\/07\/537cea30-dae3-4eb0-8a11-d7a6e4928448-300x225.jpg 300w, https:\/\/www.citybrewtours.com\/montreal\/wp-content\/uploads\/sites\/10\/2019\/07\/537cea30-dae3-4eb0-8a11-d7a6e4928448-768x576.jpg 768w, https:\/\/www.citybrewtours.com\/montreal\/wp-content\/uploads\/sites\/10\/2019\/07\/537cea30-dae3-4eb0-8a11-d7a6e4928448.jpg 1024w, https:\/\/www.citybrewtours.com\/montreal\/wp-content\/uploads\/sites\/10\/2019\/07\/537cea30-dae3-4eb0-8a11-d7a6e4928448-600x450.jpg 600w, https:\/\/www.citybrewtours.com\/montreal\/wp-content\/uploads\/sites\/10\/2019\/07\/537cea30-dae3-4eb0-8a11-d7a6e4928448-297x223.jpg 297w\" data-sizes=\"(max-width: 300px) 100vw, 300px\" src=\"data:image\/svg+xml;base64,PHN2ZyB3aWR0aD0iMSIgaGVpZ2h0PSIxIiB4bWxucz0iaHR0cDovL3d3dy53My5vcmcvMjAwMC9zdmciPjwvc3ZnPg==\" style=\"--smush-placeholder-width: 300px; --smush-placeholder-aspect-ratio: 300\/225;\" \/>Mathieu Bergeron a \u00e9voluer professionnellement dans l&#8217;industrie du tourisme au cours des <strong>15 derni\u00e8res ann\u00e9es<\/strong>. \u00abdes centres d\u2019appels, au coordinateur des op\u00e9rations et au guide. Je pense avoir tout fait. Et maintenant, je guide les gens par la bouche et le nez avec de la bi\u00e8re dans nos minibus.\u00bb<\/p>\n<p>Il aime beaucoup les s\u00fbres et certaines IPA pour commencer une soir\u00e9e, mais il boit surtout des sessions en g\u00e9n\u00e9ral !<\/p>\n<p>\u00abJ&#8217;ai fait le tour du monde ici et l\u00e0, j&#8217;ai bu quelques dizaines de dizaines de bi\u00e8res pour arriver o\u00f9 je suis maintenant.\u00bb<\/p>\n<p>En gros, rejoignez-le pour une tourn\u00e9e et vous verrez le plaisir que vous aurez!<\/p>\n<p><strong>Des trucs que j&#8217;aime:<\/strong> les voyages, la paix dans le monde, br\u00fbl\u00e9 les politiciens et leurs id\u00e9es idiotes!<\/p>\n<p><strong>Des choses que je conteste:<\/strong>\u00a0Les politiciens avec de mauvaises id\u00e9es,\u00a0des foules qui n&#8217;ont aucune raison d&#8217;\u00eatre bruyantes et du trafic incessant!<\/p>\n<p><img decoding=\"async\" class=\"alignleft wp-image-4168 size-medium lazyload\" data-src=\"https:\/\/www.citybrewtours.com\/montreal\/wp-content\/uploads\/sites\/10\/2019\/07\/d4f476ec-c686-4be9-9767-d8d34f5131ea-300x225.jpg\" alt=\"\" width=\"300\" height=\"225\" data-srcset=\"https:\/\/www.citybrewtours.com\/montreal\/wp-content\/uploads\/sites\/10\/2019\/07\/d4f476ec-c686-4be9-9767-d8d34f5131ea-300x225.jpg 300w, https:\/\/www.citybrewtours.com\/montreal\/wp-content\/uploads\/sites\/10\/2019\/07\/d4f476ec-c686-4be9-9767-d8d34f5131ea-768x576.jpg 768w, https:\/\/www.citybrewtours.com\/montreal\/wp-content\/uploads\/sites\/10\/2019\/07\/d4f476ec-c686-4be9-9767-d8d34f5131ea-1024x768.jpg 1024w, https:\/\/www.citybrewtours.com\/montreal\/wp-content\/uploads\/sites\/10\/2019\/07\/d4f476ec-c686-4be9-9767-d8d34f5131ea-600x450.jpg 600w, https:\/\/www.citybrewtours.com\/montreal\/wp-content\/uploads\/sites\/10\/2019\/07\/d4f476ec-c686-4be9-9767-d8d34f5131ea-297x223.jpg 297w, https:\/\/www.citybrewtours.com\/montreal\/wp-content\/uploads\/sites\/10\/2019\/07\/d4f476ec-c686-4be9-9767-d8d34f5131ea.jpg 1600w\" data-sizes=\"(max-width: 300px) 100vw, 300px\" src=\"data:image\/svg+xml;base64,PHN2ZyB3aWR0aD0iMSIgaGVpZ2h0PSIxIiB4bWxucz0iaHR0cDovL3d3dy53My5vcmcvMjAwMC9zdmciPjwvc3ZnPg==\" style=\"--smush-placeholder-width: 300px; --smush-placeholder-aspect-ratio: 300\/225;\" \/><\/p>\n<p><strong>Bi\u00e8re Fav <\/strong><\/p>\n<p># 1 Lindemans &#8211; Faro: Gueuze vieillie en barrique, notes bois\u00e9es d\u00e9licieuses EASY DRINKER!<\/p>\n<p># 2 Avant-garde &#8211; Fashonista: Une IPA tropicale, tout est dit!<\/p>\n<p># 3 Ausable Brewing co. &#8211; Whiskey Sour, juste un terrain de jeu de saveur.<\/p>\n<p>&nbsp;<\/p>\n<p>&nbsp;<\/p>\n<p>&nbsp;<\/p>\n<p>&nbsp;<\/p>\n<p><span class=\"button-wrap\"><a href=\"https:\/\/www.citybrewtours.com\/montreal\/tours\/\" class=\"button button-light\" target=\"self\">Reserver Maintenant<\/a><\/span><\/p>\n<div class='clearfix'><\/div>\n<p>&nbsp;<\/p>\n","protected":false},"excerpt":{"rendered":"<p>Mathieu &#8211; Expert Bi\u00e8re Mathieu Bergeron a \u00e9voluer professionnellement dans l&#8217;industrie du tourisme au cours des 15 derni\u00e8res ann\u00e9es. \u00abdes centres d\u2019appels, au coordinateur des op\u00e9rations et au guide. Je pense avoir tout fait. Et maintenant, je guide les gens par la bouche et le nez avec de la bi\u00e8re dans nos minibus.\u00bb Il aime [&hellip;]<\/p>\n","protected":false},"author":1,"featured_media":2596,"parent":2580,"menu_order":0,"comment_status":"closed","ping_status":"closed","template":"page-tpl-leftmenu.php","meta":[],"acf":[],"yoast_head":"<!-- This site is optimized with the Yoast SEO plugin v19.10 - https:\/\/yoast.com\/wordpress\/plugins\/seo\/ -->\n<title>Nos guides experts - Montr\u00e9al Brew Tours - All-Inclusive, Guided Brewery Tours &amp; Events<\/title>\n<meta name=\"description\" content=\"Rencontrez l&#039;\u00e9quipe de passionn\u00e9s de La Tourn\u00e9e brassicole qui vous guideront lors de votre prochaine visite brassicole et vous enseigneront l&#039;art et l&#039;histoire du brassage artisanal.\" \/>\n<meta name=\"robots\" content=\"index, follow, max-snippet:-1, max-image-preview:large, max-video-preview:-1\" \/>\n<link rel=\"canonical\" href=\"https:\/\/www.citybrewtours.com\/montreal\/about\/guides-experts\/\" \/>\n<meta property=\"og:locale\" content=\"en_US\" \/>\n<meta property=\"og:type\" content=\"article\" \/>\n<meta property=\"og:title\" content=\"Apprenez-en plus sur nos guides passionn\u00e9s!\" \/>\n<meta property=\"og:description\" content=\"Rencontrez l&#039;\u00e9quipe de passionn\u00e9s de La Tourn\u00e9e brassicole qui vous guideront lors de votre prochaine visite brassicole et vous enseigneront l&#039;art et l&#039;histoire du brassage artisanal.\" \/>\n<meta property=\"og:url\" content=\"https:\/\/www.citybrewtours.com\/montreal\/fr\/about\/guides-experts\/\" \/>\n<meta property=\"og:site_name\" content=\"Montr\u00e9al Brew Tours - All-Inclusive, Guided Brewery Tours &amp; Events\" \/>\n<meta property=\"article:publisher\" content=\"https:\/\/www.facebook.com\/citybrewtoursMTL\/\" \/>\n<meta property=\"article:modified_time\" content=\"2023-01-11T17:43:14+00:00\" \/>\n<meta property=\"og:image\" content=\"https:\/\/www.citybrewtours.com\/montreal\/wp-content\/uploads\/sites\/10\/2017\/03\/beer-guide-shirt.jpg\" \/>\n\t<meta property=\"og:image:width\" content=\"979\" \/>\n\t<meta property=\"og:image:height\" content=\"734\" \/>\n\t<meta property=\"og:image:type\" content=\"image\/jpeg\" \/>\n<meta name=\"twitter:card\" content=\"summary_large_image\" \/>\n<meta name=\"twitter:label1\" content=\"Est. reading time\" \/>\n\t<meta name=\"twitter:data1\" content=\"2 minutes\" \/>\n<script type=\"application\/ld+json\" class=\"yoast-schema-graph\">{\"@context\":\"https:\/\/schema.org\",\"@graph\":[{\"@type\":\"WebPage\",\"@id\":\"https:\/\/www.citybrewtours.com\/montreal\/fr\/about\/guides-experts\/\",\"url\":\"https:\/\/www.citybrewtours.com\/montreal\/fr\/about\/guides-experts\/\",\"name\":\"Nos guides experts - Montr\u00e9al Brew Tours - All-Inclusive, Guided Brewery Tours &amp; Events\",\"isPartOf\":{\"@id\":\"https:\/\/www.citybrewtours.com\/montreal\/#website\"},\"datePublished\":\"2016-10-31T17:40:03+00:00\",\"dateModified\":\"2023-01-11T17:43:14+00:00\",\"description\":\"Rencontrez l'\u00e9quipe de passionn\u00e9s de La Tourn\u00e9e brassicole qui vous guideront lors de votre prochaine visite brassicole et vous enseigneront l'art et l'histoire du brassage artisanal.\",\"breadcrumb\":{\"@id\":\"https:\/\/www.citybrewtours.com\/montreal\/fr\/about\/guides-experts\/#breadcrumb\"},\"inLanguage\":\"en-US\",\"potentialAction\":[{\"@type\":\"ReadAction\",\"target\":[\"https:\/\/www.citybrewtours.com\/montreal\/fr\/about\/guides-experts\/\"]}]},{\"@type\":\"BreadcrumbList\",\"@id\":\"https:\/\/www.citybrewtours.com\/montreal\/fr\/about\/guides-experts\/#breadcrumb\",\"itemListElement\":[{\"@type\":\"ListItem\",\"position\":1,\"name\":\"Home\",\"item\":\"https:\/\/www.citybrewtours.com\/montreal\/\"},{\"@type\":\"ListItem\",\"position\":2,\"name\":\"\u00c0 propos de La Tourn\u00e9e Brassicole\",\"item\":\"https:\/\/www.citybrewtours.com\/montreal\/fr\/about\/\"},{\"@type\":\"ListItem\",\"position\":3,\"name\":\"Nos guides experts\"}]},{\"@type\":\"WebSite\",\"@id\":\"https:\/\/www.citybrewtours.com\/montreal\/#website\",\"url\":\"https:\/\/www.citybrewtours.com\/montreal\/\",\"name\":\"Montr\u00e9al Brew Tours - All-Inclusive, Guided Brewery Tours &amp; Events\",\"description\":\"Local Brewery Tours in Montreal, QC\",\"publisher\":{\"@id\":\"https:\/\/www.citybrewtours.com\/montreal\/#organization\"},\"potentialAction\":[{\"@type\":\"SearchAction\",\"target\":{\"@type\":\"EntryPoint\",\"urlTemplate\":\"https:\/\/www.citybrewtours.com\/montreal\/?s={search_term_string}\"},\"query-input\":\"required name=search_term_string\"}],\"inLanguage\":\"en-US\"},{\"@type\":\"Organization\",\"@id\":\"https:\/\/www.citybrewtours.com\/montreal\/#organization\",\"name\":\"City Brew Tours Montreal La Tourn\u00e9e Brasicole\",\"url\":\"https:\/\/www.citybrewtours.com\/montreal\/\",\"logo\":{\"@type\":\"ImageObject\",\"inLanguage\":\"en-US\",\"@id\":\"https:\/\/www.citybrewtours.com\/montreal\/#\/schema\/logo\/image\/\",\"url\":\"https:\/\/www.citybrewtours.com\/montreal\/wp-content\/uploads\/sites\/10\/2018\/04\/brown_horizontal_nyc.png\",\"contentUrl\":\"https:\/\/www.citybrewtours.com\/montreal\/wp-content\/uploads\/sites\/10\/2018\/04\/brown_horizontal_nyc.png\",\"width\":246,\"height\":90,\"caption\":\"City Brew Tours Montreal La Tourn\u00e9e Brasicole\"},\"image\":{\"@id\":\"https:\/\/www.citybrewtours.com\/montreal\/#\/schema\/logo\/image\/\"},\"sameAs\":[\"https:\/\/www.instagram.com\/citybrewtoursmtl\/\",\"https:\/\/www.facebook.com\/citybrewtoursMTL\/\"]}]}<\/script>\n<!-- \/ Yoast SEO plugin. -->","yoast_head_json":{"title":"Nos guides experts - Montr\u00e9al Brew Tours - All-Inclusive, Guided Brewery Tours &amp; Events","description":"Rencontrez l'\u00e9quipe de passionn\u00e9s de La Tourn\u00e9e brassicole qui vous guideront lors de votre prochaine visite brassicole et vous enseigneront l'art et l'histoire du brassage artisanal.","robots":{"index":"index","follow":"follow","max-snippet":"max-snippet:-1","max-image-preview":"max-image-preview:large","max-video-preview":"max-video-preview:-1"},"canonical":"https:\/\/www.citybrewtours.com\/montreal\/about\/guides-experts\/","og_locale":"en_US","og_type":"article","og_title":"Apprenez-en plus sur nos guides passionn\u00e9s!","og_description":"Rencontrez l'\u00e9quipe de passionn\u00e9s de La Tourn\u00e9e brassicole qui vous guideront lors de votre prochaine visite brassicole et vous enseigneront l'art et l'histoire du brassage artisanal.","og_url":"https:\/\/www.citybrewtours.com\/montreal\/fr\/about\/guides-experts\/","og_site_name":"Montr\u00e9al Brew Tours - All-Inclusive, Guided Brewery Tours &amp; Events","article_publisher":"https:\/\/www.facebook.com\/citybrewtoursMTL\/","article_modified_time":"2023-01-11T17:43:14+00:00","og_image":[{"width":979,"height":734,"url":"https:\/\/www.citybrewtours.com\/montreal\/wp-content\/uploads\/sites\/10\/2017\/03\/beer-guide-shirt.jpg","type":"image\/jpeg"}],"twitter_card":"summary_large_image","twitter_misc":{"Est. reading time":"2 minutes"},"schema":{"@context":"https:\/\/schema.org","@graph":[{"@type":"WebPage","@id":"https:\/\/www.citybrewtours.com\/montreal\/fr\/about\/guides-experts\/","url":"https:\/\/www.citybrewtours.com\/montreal\/fr\/about\/guides-experts\/","name":"Nos guides experts - Montr\u00e9al Brew Tours - All-Inclusive, Guided Brewery Tours &amp; Events","isPartOf":{"@id":"https:\/\/www.citybrewtours.com\/montreal\/#website"},"datePublished":"2016-10-31T17:40:03+00:00","dateModified":"2023-01-11T17:43:14+00:00","description":"Rencontrez l'\u00e9quipe de passionn\u00e9s de La Tourn\u00e9e brassicole qui vous guideront lors de votre prochaine visite brassicole et vous enseigneront l'art et l'histoire du brassage artisanal.","breadcrumb":{"@id":"https:\/\/www.citybrewtours.com\/montreal\/fr\/about\/guides-experts\/#breadcrumb"},"inLanguage":"en-US","potentialAction":[{"@type":"ReadAction","target":["https:\/\/www.citybrewtours.com\/montreal\/fr\/about\/guides-experts\/"]}]},{"@type":"BreadcrumbList","@id":"https:\/\/www.citybrewtours.com\/montreal\/fr\/about\/guides-experts\/#breadcrumb","itemListElement":[{"@type":"ListItem","position":1,"name":"Home","item":"https:\/\/www.citybrewtours.com\/montreal\/"},{"@type":"ListItem","position":2,"name":"\u00c0 propos de La Tourn\u00e9e Brassicole","item":"https:\/\/www.citybrewtours.com\/montreal\/fr\/about\/"},{"@type":"ListItem","position":3,"name":"Nos guides experts"}]},{"@type":"WebSite","@id":"https:\/\/www.citybrewtours.com\/montreal\/#website","url":"https:\/\/www.citybrewtours.com\/montreal\/","name":"Montr\u00e9al Brew Tours - All-Inclusive, Guided Brewery Tours &amp; Events","description":"Local Brewery Tours in Montreal, QC","publisher":{"@id":"https:\/\/www.citybrewtours.com\/montreal\/#organization"},"potentialAction":[{"@type":"SearchAction","target":{"@type":"EntryPoint","urlTemplate":"https:\/\/www.citybrewtours.com\/montreal\/?s={search_term_string}"},"query-input":"required name=search_term_string"}],"inLanguage":"en-US"},{"@type":"Organization","@id":"https:\/\/www.citybrewtours.com\/montreal\/#organization","name":"City Brew Tours Montreal La Tourn\u00e9e Brasicole","url":"https:\/\/www.citybrewtours.com\/montreal\/","logo":{"@type":"ImageObject","inLanguage":"en-US","@id":"https:\/\/www.citybrewtours.com\/montreal\/#\/schema\/logo\/image\/","url":"https:\/\/www.citybrewtours.com\/montreal\/wp-content\/uploads\/sites\/10\/2018\/04\/brown_horizontal_nyc.png","contentUrl":"https:\/\/www.citybrewtours.com\/montreal\/wp-content\/uploads\/sites\/10\/2018\/04\/brown_horizontal_nyc.png","width":246,"height":90,"caption":"City Brew Tours Montreal La Tourn\u00e9e Brasicole"},"image":{"@id":"https:\/\/www.citybrewtours.com\/montreal\/#\/schema\/logo\/image\/"},"sameAs":["https:\/\/www.instagram.com\/citybrewtoursmtl\/","https:\/\/www.facebook.com\/citybrewtoursMTL\/"]}]}},"_links":{"self":[{"href":"https:\/\/www.citybrewtours.com\/montreal\/wp-json\/wp\/v2\/pages\/2594"}],"collection":[{"href":"https:\/\/www.citybrewtours.com\/montreal\/wp-json\/wp\/v2\/pages"}],"about":[{"href":"https:\/\/www.citybrewtours.com\/montreal\/wp-json\/wp\/v2\/types\/page"}],"author":[{"embeddable":true,"href":"https:\/\/www.citybrewtours.com\/montreal\/wp-json\/wp\/v2\/users\/1"}],"replies":[{"embeddable":true,"href":"https:\/\/www.citybrewtours.com\/montreal\/wp-json\/wp\/v2\/comments?post=2594"}],"version-history":[{"count":0,"href":"https:\/\/www.citybrewtours.com\/montreal\/wp-json\/wp\/v2\/pages\/2594\/revisions"}],"up":[{"embeddable":true,"href":"https:\/\/www.citybrewtours.com\/montreal\/wp-json\/wp\/v2\/pages\/2580"}],"wp:featuredmedia":[{"embeddable":true,"href":"https:\/\/www.citybrewtours.com\/montreal\/wp-json\/wp\/v2\/media\/2596"}],"wp:attachment":[{"href":"https:\/\/www.citybrewtours.com\/montreal\/wp-json\/wp\/v2\/media?parent=2594"}],"curies":[{"name":"wp","href":"https:\/\/api.w.org\/{rel}","templated":true}]}}