{"id":2619,"date":"2016-10-31T17:40:03","date_gmt":"2016-10-31T17:40:03","guid":{"rendered":"https:\/\/www.citybrewtours.com\/montreal\/about\/press\/"},"modified":"2022-08-24T19:20:29","modified_gmt":"2022-08-24T19:20:29","slug":"presse","status":"publish","type":"page","link":"https:\/\/www.citybrewtours.com\/montreal\/fr\/about\/presse\/","title":{"rendered":"Articles de presse &amp; m\u00e9dias"},"content":{"rendered":"<p><img decoding=\"async\" class=\"alignnone size-full wp-image-3680 lazyload\" data-src=\"https:\/\/www.citybrewtours.com\/montreal\/wp-content\/uploads\/sites\/10\/2019\/03\/1624512-cedric-rousseau-jade-genest-coproprietaires.jpg\" alt=\"genest-coproprietaires\" width=\"923\" height=\"615\" data-srcset=\"https:\/\/www.citybrewtours.com\/montreal\/wp-content\/uploads\/sites\/10\/2019\/03\/1624512-cedric-rousseau-jade-genest-coproprietaires.jpg 923w, https:\/\/www.citybrewtours.com\/montreal\/wp-content\/uploads\/sites\/10\/2019\/03\/1624512-cedric-rousseau-jade-genest-coproprietaires-300x200.jpg 300w, https:\/\/www.citybrewtours.com\/montreal\/wp-content\/uploads\/sites\/10\/2019\/03\/1624512-cedric-rousseau-jade-genest-coproprietaires-768x512.jpg 768w, https:\/\/www.citybrewtours.com\/montreal\/wp-content\/uploads\/sites\/10\/2019\/03\/1624512-cedric-rousseau-jade-genest-coproprietaires-600x400.jpg 600w, https:\/\/www.citybrewtours.com\/montreal\/wp-content\/uploads\/sites\/10\/2019\/03\/1624512-cedric-rousseau-jade-genest-coproprietaires-335x223.jpg 335w, https:\/\/www.citybrewtours.com\/montreal\/wp-content\/uploads\/sites\/10\/2019\/03\/1624512-cedric-rousseau-jade-genest-coproprietaires-115x76.jpg 115w\" data-sizes=\"(max-width: 923px) 100vw, 923px\" src=\"data:image\/svg+xml;base64,PHN2ZyB3aWR0aD0iMSIgaGVpZ2h0PSIxIiB4bWxucz0iaHR0cDovL3d3dy53My5vcmcvMjAwMC9zdmciPjwvc3ZnPg==\" style=\"--smush-placeholder-width: 923px; --smush-placeholder-aspect-ratio: 923\/615;\" \/><\/p>\n<pre>Cr\u00e9dit Photo: MARTIN CHAMBERLAND, LA PRESSE<\/pre>\n<p>&nbsp;<\/p>\n<p>La Tourn\u00e9e Brassicole de Montr\u00e9al a re\u00e7u de nombreuses \u00e9loges pour son engagement dans la communaut\u00e9 brassicole et pour sa volont\u00e9 de cr\u00e9er des visites de micro-brasseries amusantes et instructives avec des reportages dans La Presse, le Journal M\u00e9tro, Bi\u00e8res et Plaisirs et plus encore. En outre, nous avons re\u00e7u le certificat d\u2019excellence de Trip Advisor six ann\u00e9es de suite et continuons \u00e0 am\u00e9liorer nos exp\u00e9riences en ajoutant de nouvelles brasseries et en nous adaptant au paysage en constante \u00e9volution de la bi\u00e8re artisanale.<\/p>\n<h2><\/h2>\n<h2>Articles de presse<\/h2>\n<ul>\n<li><a href=\"https:\/\/bieresetplaisirs.com\/2019\/02\/21\/une-nouvelle-facon-de-visiter-les-brasseries-de-montreal\/\">Bi\u00e8res et Plaisirs<\/a><\/li>\n<li><a href=\"https:\/\/www.lapresse.ca\/voyage\/destinations\/quebec\/montreal\/201903\/20\/01-5218995-decouvrir-montreal-par-ses-bieres.php?fbclid=IwAR1R9-uKyMEoIjzOYSeJng9yq5Y_OvQj6Nj0B1k7RIQ7DC_3R_ESxLQZLm4\">La Presse<\/a><\/li>\n<li><a href=\"https:\/\/www.ledroit.com\/le-mag\/biere\/decouvrir-les-microbrasseries-a833f4120d2d60fb3793ffe8d0a0cf87\">LeDroit<\/a><\/li>\n<li><a href=\"https:\/\/lecarnetdemc.ca\/la-tournee-brassicole-de-montreal-les-secrets-de-la-biere-devoiles\/\" target=\"_blank\" rel=\"noopener\">Le Carnet de Mc<\/a><\/li>\n<li><a href=\"http:\/\/www.notremontrealite.com\/2019\/02\/la-tournee-brassicole-de-montreal.html\" rel=\"noopener\">Notre Montrealite<\/a><\/li>\n<li><a href=\"https:\/\/urbainecity.com\/microbrasseries-montreal-tournee-brassicole\/\" target=\"_blank\" rel=\"noopener\">Urbaine City<\/a><\/li>\n<li><a href=\"https:\/\/www.youtube.com\/watch?v=343N5uGpCpk\" data-rel=\"lightbox-video-0\">Journal M\u00e9tro<\/a><\/li>\n<li><a href=\"https:\/\/www.mtl.org\/fr\/quoi-faire\/visites-et-parcours\/la-tournee-brassicole-montreal\">Tourisme Montr\u00e9al<\/a><\/li>\n<li><a href=\"https:\/\/voir.ca\/pierre-luc-gagnon\/2019\/03\/19\/tournee-brassicole-et-produits-sans-alcool-dignes-dinteret\/\">Voir.ca<\/a><\/li>\n<li><a href=\"http:\/\/www.passionmtl.com\/la-tournee-brassicole\/?fbclid=IwAR2cXti61Rc4RzWEcGLC2MMiBXlmTqXoiJ4jyqkgIm_-mr7mhRaripuGxTs\">PassionMTL<\/a><\/li>\n<\/ul>\n","protected":false},"excerpt":{"rendered":"<p>Cr\u00e9dit Photo: MARTIN CHAMBERLAND, LA PRESSE &nbsp; La Tourn\u00e9e Brassicole de Montr\u00e9al a re\u00e7u de nombreuses \u00e9loges pour son engagement dans la communaut\u00e9 brassicole et pour sa volont\u00e9 de cr\u00e9er des visites de micro-brasseries amusantes et instructives avec des reportages dans La Presse, le Journal M\u00e9tro, Bi\u00e8res et Plaisirs et plus encore. En outre, nous [&hellip;]<\/p>\n","protected":false},"author":1,"featured_media":2569,"parent":2580,"menu_order":1,"comment_status":"closed","ping_status":"closed","template":"page-tpl-leftmenu.php","meta":[],"acf":[],"yoast_head":"<!-- This site is optimized with the Yoast SEO plugin v19.10 - https:\/\/yoast.com\/wordpress\/plugins\/seo\/ -->\n<title>Articles de presse &amp; m\u00e9dias - Montr\u00e9al Brew Tours - All-Inclusive, Guided Brewery Tours &amp; Events<\/title>\n<meta name=\"description\" content=\"Lisez les diff\u00e9rents articles de presse et l&#039;avis des m\u00e9dias sur La Tourn\u00e9e Brassicole de Montr\u00e9al\" \/>\n<meta name=\"robots\" content=\"index, follow, max-snippet:-1, max-image-preview:large, max-video-preview:-1\" \/>\n<link rel=\"canonical\" href=\"https:\/\/www.citybrewtours.com\/montreal\/about\/presse\/\" \/>\n<meta property=\"og:locale\" content=\"en_US\" \/>\n<meta property=\"og:type\" content=\"article\" \/>\n<meta property=\"og:title\" content=\"Articles de presse &amp; m\u00e9dias - Montr\u00e9al Brew Tours - All-Inclusive, Guided Brewery Tours &amp; Events\" \/>\n<meta property=\"og:description\" content=\"Lisez les diff\u00e9rents articles de presse et l&#039;avis des m\u00e9dias sur La Tourn\u00e9e Brassicole de Montr\u00e9al\" \/>\n<meta property=\"og:url\" content=\"https:\/\/www.citybrewtours.com\/montreal\/fr\/about\/presse\/\" \/>\n<meta property=\"og:site_name\" content=\"Montr\u00e9al Brew Tours - All-Inclusive, Guided Brewery Tours &amp; Events\" \/>\n<meta property=\"article:publisher\" content=\"https:\/\/www.facebook.com\/citybrewtoursMTL\/\" \/>\n<meta property=\"article:modified_time\" content=\"2022-08-24T19:20:29+00:00\" \/>\n<meta property=\"og:image\" content=\"https:\/\/www.citybrewtours.com\/montreal\/wp-content\/uploads\/sites\/10\/2016\/10\/featured.jpg\" \/>\n\t<meta property=\"og:image:width\" content=\"2880\" \/>\n\t<meta property=\"og:image:height\" content=\"960\" \/>\n\t<meta property=\"og:image:type\" content=\"image\/jpeg\" \/>\n<meta name=\"twitter:card\" content=\"summary_large_image\" \/>\n<meta name=\"twitter:label1\" content=\"Est. reading time\" \/>\n\t<meta name=\"twitter:data1\" content=\"1 minute\" \/>\n<script type=\"application\/ld+json\" class=\"yoast-schema-graph\">{\"@context\":\"https:\/\/schema.org\",\"@graph\":[{\"@type\":\"WebPage\",\"@id\":\"https:\/\/www.citybrewtours.com\/montreal\/fr\/about\/presse\/\",\"url\":\"https:\/\/www.citybrewtours.com\/montreal\/fr\/about\/presse\/\",\"name\":\"Articles de presse &amp; m\u00e9dias - Montr\u00e9al Brew Tours - All-Inclusive, Guided Brewery Tours &amp; Events\",\"isPartOf\":{\"@id\":\"https:\/\/www.citybrewtours.com\/montreal\/#website\"},\"datePublished\":\"2016-10-31T17:40:03+00:00\",\"dateModified\":\"2022-08-24T19:20:29+00:00\",\"description\":\"Lisez les diff\u00e9rents articles de presse et l'avis des m\u00e9dias sur La Tourn\u00e9e Brassicole de Montr\u00e9al\",\"breadcrumb\":{\"@id\":\"https:\/\/www.citybrewtours.com\/montreal\/fr\/about\/presse\/#breadcrumb\"},\"inLanguage\":\"en-US\",\"potentialAction\":[{\"@type\":\"ReadAction\",\"target\":[\"https:\/\/www.citybrewtours.com\/montreal\/fr\/about\/presse\/\"]}]},{\"@type\":\"BreadcrumbList\",\"@id\":\"https:\/\/www.citybrewtours.com\/montreal\/fr\/about\/presse\/#breadcrumb\",\"itemListElement\":[{\"@type\":\"ListItem\",\"position\":1,\"name\":\"Home\",\"item\":\"https:\/\/www.citybrewtours.com\/montreal\/\"},{\"@type\":\"ListItem\",\"position\":2,\"name\":\"\u00c0 propos de La Tourn\u00e9e Brassicole\",\"item\":\"https:\/\/www.citybrewtours.com\/montreal\/fr\/about\/\"},{\"@type\":\"ListItem\",\"position\":3,\"name\":\"Articles de presse &amp; m\u00e9dias\"}]},{\"@type\":\"WebSite\",\"@id\":\"https:\/\/www.citybrewtours.com\/montreal\/#website\",\"url\":\"https:\/\/www.citybrewtours.com\/montreal\/\",\"name\":\"Montr\u00e9al Brew Tours - All-Inclusive, Guided Brewery Tours &amp; Events\",\"description\":\"Local Brewery Tours in Montreal, QC\",\"publisher\":{\"@id\":\"https:\/\/www.citybrewtours.com\/montreal\/#organization\"},\"potentialAction\":[{\"@type\":\"SearchAction\",\"target\":{\"@type\":\"EntryPoint\",\"urlTemplate\":\"https:\/\/www.citybrewtours.com\/montreal\/?s={search_term_string}\"},\"query-input\":\"required name=search_term_string\"}],\"inLanguage\":\"en-US\"},{\"@type\":\"Organization\",\"@id\":\"https:\/\/www.citybrewtours.com\/montreal\/#organization\",\"name\":\"City Brew Tours Montreal La Tourn\u00e9e Brasicole\",\"url\":\"https:\/\/www.citybrewtours.com\/montreal\/\",\"logo\":{\"@type\":\"ImageObject\",\"inLanguage\":\"en-US\",\"@id\":\"https:\/\/www.citybrewtours.com\/montreal\/#\/schema\/logo\/image\/\",\"url\":\"https:\/\/www.citybrewtours.com\/montreal\/wp-content\/uploads\/sites\/10\/2018\/04\/brown_horizontal_nyc.png\",\"contentUrl\":\"https:\/\/www.citybrewtours.com\/montreal\/wp-content\/uploads\/sites\/10\/2018\/04\/brown_horizontal_nyc.png\",\"width\":246,\"height\":90,\"caption\":\"City Brew Tours Montreal La Tourn\u00e9e Brasicole\"},\"image\":{\"@id\":\"https:\/\/www.citybrewtours.com\/montreal\/#\/schema\/logo\/image\/\"},\"sameAs\":[\"https:\/\/www.instagram.com\/citybrewtoursmtl\/\",\"https:\/\/www.facebook.com\/citybrewtoursMTL\/\"]}]}<\/script>\n<!-- \/ Yoast SEO plugin. -->","yoast_head_json":{"title":"Articles de presse &amp; m\u00e9dias - Montr\u00e9al Brew Tours - All-Inclusive, Guided Brewery Tours &amp; Events","description":"Lisez les diff\u00e9rents articles de presse et l'avis des m\u00e9dias sur La Tourn\u00e9e Brassicole de Montr\u00e9al","robots":{"index":"index","follow":"follow","max-snippet":"max-snippet:-1","max-image-preview":"max-image-preview:large","max-video-preview":"max-video-preview:-1"},"canonical":"https:\/\/www.citybrewtours.com\/montreal\/about\/presse\/","og_locale":"en_US","og_type":"article","og_title":"Articles de presse &amp; m\u00e9dias - Montr\u00e9al Brew Tours - All-Inclusive, Guided Brewery Tours &amp; Events","og_description":"Lisez les diff\u00e9rents articles de presse et l'avis des m\u00e9dias sur La Tourn\u00e9e Brassicole de Montr\u00e9al","og_url":"https:\/\/www.citybrewtours.com\/montreal\/fr\/about\/presse\/","og_site_name":"Montr\u00e9al Brew Tours - All-Inclusive, Guided Brewery Tours &amp; Events","article_publisher":"https:\/\/www.facebook.com\/citybrewtoursMTL\/","article_modified_time":"2022-08-24T19:20:29+00:00","og_image":[{"width":2880,"height":960,"url":"https:\/\/www.citybrewtours.com\/montreal\/wp-content\/uploads\/sites\/10\/2016\/10\/featured.jpg","type":"image\/jpeg"}],"twitter_card":"summary_large_image","twitter_misc":{"Est. reading time":"1 minute"},"schema":{"@context":"https:\/\/schema.org","@graph":[{"@type":"WebPage","@id":"https:\/\/www.citybrewtours.com\/montreal\/fr\/about\/presse\/","url":"https:\/\/www.citybrewtours.com\/montreal\/fr\/about\/presse\/","name":"Articles de presse &amp; m\u00e9dias - Montr\u00e9al Brew Tours - All-Inclusive, Guided Brewery Tours &amp; Events","isPartOf":{"@id":"https:\/\/www.citybrewtours.com\/montreal\/#website"},"datePublished":"2016-10-31T17:40:03+00:00","dateModified":"2022-08-24T19:20:29+00:00","description":"Lisez les diff\u00e9rents articles de presse et l'avis des m\u00e9dias sur La Tourn\u00e9e Brassicole de Montr\u00e9al","breadcrumb":{"@id":"https:\/\/www.citybrewtours.com\/montreal\/fr\/about\/presse\/#breadcrumb"},"inLanguage":"en-US","potentialAction":[{"@type":"ReadAction","target":["https:\/\/www.citybrewtours.com\/montreal\/fr\/about\/presse\/"]}]},{"@type":"BreadcrumbList","@id":"https:\/\/www.citybrewtours.com\/montreal\/fr\/about\/presse\/#breadcrumb","itemListElement":[{"@type":"ListItem","position":1,"name":"Home","item":"https:\/\/www.citybrewtours.com\/montreal\/"},{"@type":"ListItem","position":2,"name":"\u00c0 propos de La Tourn\u00e9e Brassicole","item":"https:\/\/www.citybrewtours.com\/montreal\/fr\/about\/"},{"@type":"ListItem","position":3,"name":"Articles de presse &amp; m\u00e9dias"}]},{"@type":"WebSite","@id":"https:\/\/www.citybrewtours.com\/montreal\/#website","url":"https:\/\/www.citybrewtours.com\/montreal\/","name":"Montr\u00e9al Brew Tours - All-Inclusive, Guided Brewery Tours &amp; Events","description":"Local Brewery Tours in Montreal, QC","publisher":{"@id":"https:\/\/www.citybrewtours.com\/montreal\/#organization"},"potentialAction":[{"@type":"SearchAction","target":{"@type":"EntryPoint","urlTemplate":"https:\/\/www.citybrewtours.com\/montreal\/?s={search_term_string}"},"query-input":"required name=search_term_string"}],"inLanguage":"en-US"},{"@type":"Organization","@id":"https:\/\/www.citybrewtours.com\/montreal\/#organization","name":"City Brew Tours Montreal La Tourn\u00e9e Brasicole","url":"https:\/\/www.citybrewtours.com\/montreal\/","logo":{"@type":"ImageObject","inLanguage":"en-US","@id":"https:\/\/www.citybrewtours.com\/montreal\/#\/schema\/logo\/image\/","url":"https:\/\/www.citybrewtours.com\/montreal\/wp-content\/uploads\/sites\/10\/2018\/04\/brown_horizontal_nyc.png","contentUrl":"https:\/\/www.citybrewtours.com\/montreal\/wp-content\/uploads\/sites\/10\/2018\/04\/brown_horizontal_nyc.png","width":246,"height":90,"caption":"City Brew Tours Montreal La Tourn\u00e9e Brasicole"},"image":{"@id":"https:\/\/www.citybrewtours.com\/montreal\/#\/schema\/logo\/image\/"},"sameAs":["https:\/\/www.instagram.com\/citybrewtoursmtl\/","https:\/\/www.facebook.com\/citybrewtoursMTL\/"]}]}},"_links":{"self":[{"href":"https:\/\/www.citybrewtours.com\/montreal\/wp-json\/wp\/v2\/pages\/2619"}],"collection":[{"href":"https:\/\/www.citybrewtours.com\/montreal\/wp-json\/wp\/v2\/pages"}],"about":[{"href":"https:\/\/www.citybrewtours.com\/montreal\/wp-json\/wp\/v2\/types\/page"}],"author":[{"embeddable":true,"href":"https:\/\/www.citybrewtours.com\/montreal\/wp-json\/wp\/v2\/users\/1"}],"replies":[{"embeddable":true,"href":"https:\/\/www.citybrewtours.com\/montreal\/wp-json\/wp\/v2\/comments?post=2619"}],"version-history":[{"count":0,"href":"https:\/\/www.citybrewtours.com\/montreal\/wp-json\/wp\/v2\/pages\/2619\/revisions"}],"up":[{"embeddable":true,"href":"https:\/\/www.citybrewtours.com\/montreal\/wp-json\/wp\/v2\/pages\/2580"}],"wp:featuredmedia":[{"embeddable":true,"href":"https:\/\/www.citybrewtours.com\/montreal\/wp-json\/wp\/v2\/media\/2569"}],"wp:attachment":[{"href":"https:\/\/www.citybrewtours.com\/montreal\/wp-json\/wp\/v2\/media?parent=2619"}],"curies":[{"name":"wp","href":"https:\/\/api.w.org\/{rel}","templated":true}]}}