{"id":2623,"date":"2016-10-31T17:40:03","date_gmt":"2016-10-31T17:40:03","guid":{"rendered":"https:\/\/www.citybrewtours.com\/montreal\/tours\/the-original-brew-tour\/"},"modified":"2023-01-11T11:56:57","modified_gmt":"2023-01-11T11:56:57","slug":"lexperience-brassicole-de-montreal","status":"publish","type":"page","link":"https:\/\/www.citybrewtours.com\/montreal\/fr\/tours\/lexperience-brassicole-de-montreal\/","title":{"rendered":"L&#8217;exp\u00e9rience Brassicole de MTL"},"content":{"rendered":"<p>5 Hours<\/p>\n<p>11AM-4PM &#8211; Saturday and Sunday<\/p>\n<p>14<\/p>\n<p>$85PP<\/p>\n<p>beer<\/p>\n<p>food<\/p>\n<p>transportation<\/p>\n<p>VIP Lanyards<\/p>\n<p>The one that started it all&#8230;<\/p>\n<p>The Original Brew Tour features an assortment of craft brew tastings, an in-depth analysis of up to 15 beers and perfectly paired meals at some of the area\u2019s best gastropubs plus round-trip transportation. Our carefully curated tour takes you behind-the-scenes of some of Philadelphia and Southern New Jersey\u2019s best breweries, and gives you an inside look into the cities revered beer history. Let\u2019s just say that your experience will be nothing short of Freedom! You\u2019re drinking for your country, after all. God Bless America.<\/p>\n<p>Whether you\u2019re a craft brew connoisseur, a light beer drinker or a beer enthusiast, Philly Brew Tours provides a fun, safe and comfortable way to visit Philadelphia\u2019s top breweries and distilleries. From Pilsners to Stouts &#8212; and everything in between &#8212; our beer guides will introduce you to award-winning beers of all styles.<\/p>\n<p>The only thing between you and a frothy pint is booking your tour today!<\/p>\n<table>\n<thead>\n<tr>\n<th>Stop<\/th>\n<th>Brewery(ies)<\/th>\n<\/tr>\n<\/thead>\n<tbody>\n<tr>\n<td>1<\/td>\n<td><\/td>\n<\/tr>\n<tr>\n<td>2<\/td>\n<td><\/td>\n<\/tr>\n<tr>\n<td>3<\/td>\n<td><\/td>\n<\/tr>\n<tr>\n<td>4<\/td>\n<td><\/td>\n<\/tr>\n<tr>\n<td>Alternates<\/td>\n<td><\/td>\n<\/tr>\n<\/tbody>\n<\/table>\n<p>Actual itineraries will be confirmed 48 hours in advance based on local\/brewery events, weather, and anticipated traffic.<\/p>\n<table>\n<thead>\n<tr>\n<th>Stop<\/th>\n<th>Brewery(ies)<\/th>\n<\/tr>\n<\/thead>\n<tbody>\n<tr>\n<td>1<\/td>\n<td><\/td>\n<\/tr>\n<tr>\n<td>2<\/td>\n<td><\/td>\n<\/tr>\n<tr>\n<td>3<\/td>\n<td><\/td>\n<\/tr>\n<tr>\n<td>4<\/td>\n<td><\/td>\n<\/tr>\n<tr>\n<td>Alternates<\/td>\n<td><\/td>\n<\/tr>\n<\/tbody>\n<\/table>\n<p>Actual itineraries will be confirmed 48 hours in advance based on local\/brewery events, weather, and anticipated traffic.<\/p>\n<p>Crime and Punishment, Port City Brewing, Lunacy Brewing, 2nd Story Brewing, Dock Street Brewery, Philadelphia Brewing Co, Saint Benjamins<\/p>\n<p>1211 Arch St Philadelphia<\/p>\n","protected":false},"excerpt":{"rendered":"<p>5 Hours 11AM-4PM &#8211; Saturday and Sunday 14 $85PP beer food transportation VIP Lanyards The one that started it all&#8230; The Original Brew Tour features an assortment of craft brew tastings, an in-depth analysis of up to 15 beers and perfectly paired meals at some of the area\u2019s best gastropubs plus round-trip transportation. Our carefully [&hellip;]<\/p>\n","protected":false},"author":1,"featured_media":0,"parent":2567,"menu_order":0,"comment_status":"closed","ping_status":"closed","template":"page-tpl-tour.php","meta":[],"acf":[],"yoast_head":"<!-- This site is optimized with the Yoast SEO plugin v19.10 - https:\/\/yoast.com\/wordpress\/plugins\/seo\/ -->\n<title>L&#039;exp\u00e9rience Brassicole de MTL - Montr\u00e9al Brew Tours - All-Inclusive, Guided Brewery Tours &amp; Events<\/title>\n<meta name=\"description\" content=\"L&#039;exp\u00e9rience Brassicole c&#039;est La Tourn\u00e9e signature et le circuit le plus g\u00e9n\u00e9reux de Montr\u00e9al en termes de bi\u00e8re artisanale!\" \/>\n<meta name=\"robots\" content=\"index, follow, max-snippet:-1, max-image-preview:large, max-video-preview:-1\" \/>\n<link rel=\"canonical\" href=\"https:\/\/www.citybrewtours.com\/montreal\/tours\/lexperience-brassicole-de-montreal\/\" \/>\n<meta property=\"og:locale\" content=\"en_US\" \/>\n<meta property=\"og:type\" content=\"article\" \/>\n<meta property=\"og:title\" content=\"L&#039;exp\u00e9rience Brassicole de MTL - Montr\u00e9al Brew Tours - All-Inclusive, Guided Brewery Tours &amp; Events\" \/>\n<meta property=\"og:description\" content=\"L&#039;exp\u00e9rience Brassicole c&#039;est La Tourn\u00e9e signature et le circuit le plus g\u00e9n\u00e9reux de Montr\u00e9al en termes de bi\u00e8re artisanale!\" \/>\n<meta property=\"og:url\" content=\"https:\/\/www.citybrewtours.com\/montreal\/fr\/tours\/lexperience-brassicole-de-montreal\/\" \/>\n<meta property=\"og:site_name\" content=\"Montr\u00e9al Brew Tours - All-Inclusive, Guided Brewery Tours &amp; Events\" \/>\n<meta property=\"article:publisher\" content=\"https:\/\/www.facebook.com\/citybrewtoursMTL\/\" \/>\n<meta property=\"article:modified_time\" content=\"2023-01-11T11:56:57+00:00\" \/>\n<meta name=\"twitter:card\" content=\"summary_large_image\" \/>\n<meta name=\"twitter:label1\" content=\"Est. reading time\" \/>\n\t<meta name=\"twitter:data1\" content=\"2 minutes\" \/>\n<script type=\"application\/ld+json\" class=\"yoast-schema-graph\">{\"@context\":\"https:\/\/schema.org\",\"@graph\":[{\"@type\":\"WebPage\",\"@id\":\"https:\/\/www.citybrewtours.com\/montreal\/fr\/tours\/lexperience-brassicole-de-montreal\/\",\"url\":\"https:\/\/www.citybrewtours.com\/montreal\/fr\/tours\/lexperience-brassicole-de-montreal\/\",\"name\":\"L'exp\u00e9rience Brassicole de MTL - Montr\u00e9al Brew Tours - All-Inclusive, Guided Brewery Tours &amp; Events\",\"isPartOf\":{\"@id\":\"https:\/\/www.citybrewtours.com\/montreal\/#website\"},\"datePublished\":\"2016-10-31T17:40:03+00:00\",\"dateModified\":\"2023-01-11T11:56:57+00:00\",\"description\":\"L'exp\u00e9rience Brassicole c'est La Tourn\u00e9e signature et le circuit le plus g\u00e9n\u00e9reux de Montr\u00e9al en termes de bi\u00e8re artisanale!\",\"breadcrumb\":{\"@id\":\"https:\/\/www.citybrewtours.com\/montreal\/fr\/tours\/lexperience-brassicole-de-montreal\/#breadcrumb\"},\"inLanguage\":\"en-US\",\"potentialAction\":[{\"@type\":\"ReadAction\",\"target\":[\"https:\/\/www.citybrewtours.com\/montreal\/fr\/tours\/lexperience-brassicole-de-montreal\/\"]}]},{\"@type\":\"BreadcrumbList\",\"@id\":\"https:\/\/www.citybrewtours.com\/montreal\/fr\/tours\/lexperience-brassicole-de-montreal\/#breadcrumb\",\"itemListElement\":[{\"@type\":\"ListItem\",\"position\":1,\"name\":\"Home\",\"item\":\"https:\/\/www.citybrewtours.com\/montreal\/\"},{\"@type\":\"ListItem\",\"position\":2,\"name\":\"Choisissez votre tourn\u00e9e\",\"item\":\"https:\/\/www.citybrewtours.com\/montreal\/fr\/tours\/\"},{\"@type\":\"ListItem\",\"position\":3,\"name\":\"L&rsquo;exp\u00e9rience Brassicole de MTL\"}]},{\"@type\":\"WebSite\",\"@id\":\"https:\/\/www.citybrewtours.com\/montreal\/#website\",\"url\":\"https:\/\/www.citybrewtours.com\/montreal\/\",\"name\":\"Montr\u00e9al Brew Tours - All-Inclusive, Guided Brewery Tours &amp; Events\",\"description\":\"Local Brewery Tours in Montreal, QC\",\"publisher\":{\"@id\":\"https:\/\/www.citybrewtours.com\/montreal\/#organization\"},\"potentialAction\":[{\"@type\":\"SearchAction\",\"target\":{\"@type\":\"EntryPoint\",\"urlTemplate\":\"https:\/\/www.citybrewtours.com\/montreal\/?s={search_term_string}\"},\"query-input\":\"required name=search_term_string\"}],\"inLanguage\":\"en-US\"},{\"@type\":\"Organization\",\"@id\":\"https:\/\/www.citybrewtours.com\/montreal\/#organization\",\"name\":\"City Brew Tours Montreal La Tourn\u00e9e Brasicole\",\"url\":\"https:\/\/www.citybrewtours.com\/montreal\/\",\"logo\":{\"@type\":\"ImageObject\",\"inLanguage\":\"en-US\",\"@id\":\"https:\/\/www.citybrewtours.com\/montreal\/#\/schema\/logo\/image\/\",\"url\":\"https:\/\/www.citybrewtours.com\/montreal\/wp-content\/uploads\/sites\/10\/2018\/04\/brown_horizontal_nyc.png\",\"contentUrl\":\"https:\/\/www.citybrewtours.com\/montreal\/wp-content\/uploads\/sites\/10\/2018\/04\/brown_horizontal_nyc.png\",\"width\":246,\"height\":90,\"caption\":\"City Brew Tours Montreal La Tourn\u00e9e Brasicole\"},\"image\":{\"@id\":\"https:\/\/www.citybrewtours.com\/montreal\/#\/schema\/logo\/image\/\"},\"sameAs\":[\"https:\/\/www.instagram.com\/citybrewtoursmtl\/\",\"https:\/\/www.facebook.com\/citybrewtoursMTL\/\"]}]}<\/script>\n<!-- \/ Yoast SEO plugin. -->","yoast_head_json":{"title":"L'exp\u00e9rience Brassicole de MTL - Montr\u00e9al Brew Tours - All-Inclusive, Guided Brewery Tours &amp; Events","description":"L'exp\u00e9rience Brassicole c'est La Tourn\u00e9e signature et le circuit le plus g\u00e9n\u00e9reux de Montr\u00e9al en termes de bi\u00e8re artisanale!","robots":{"index":"index","follow":"follow","max-snippet":"max-snippet:-1","max-image-preview":"max-image-preview:large","max-video-preview":"max-video-preview:-1"},"canonical":"https:\/\/www.citybrewtours.com\/montreal\/tours\/lexperience-brassicole-de-montreal\/","og_locale":"en_US","og_type":"article","og_title":"L'exp\u00e9rience Brassicole de MTL - Montr\u00e9al Brew Tours - All-Inclusive, Guided Brewery Tours &amp; Events","og_description":"L'exp\u00e9rience Brassicole c'est La Tourn\u00e9e signature et le circuit le plus g\u00e9n\u00e9reux de Montr\u00e9al en termes de bi\u00e8re artisanale!","og_url":"https:\/\/www.citybrewtours.com\/montreal\/fr\/tours\/lexperience-brassicole-de-montreal\/","og_site_name":"Montr\u00e9al Brew Tours - All-Inclusive, Guided Brewery Tours &amp; Events","article_publisher":"https:\/\/www.facebook.com\/citybrewtoursMTL\/","article_modified_time":"2023-01-11T11:56:57+00:00","twitter_card":"summary_large_image","twitter_misc":{"Est. reading time":"2 minutes"},"schema":{"@context":"https:\/\/schema.org","@graph":[{"@type":"WebPage","@id":"https:\/\/www.citybrewtours.com\/montreal\/fr\/tours\/lexperience-brassicole-de-montreal\/","url":"https:\/\/www.citybrewtours.com\/montreal\/fr\/tours\/lexperience-brassicole-de-montreal\/","name":"L'exp\u00e9rience Brassicole de MTL - Montr\u00e9al Brew Tours - All-Inclusive, Guided Brewery Tours &amp; Events","isPartOf":{"@id":"https:\/\/www.citybrewtours.com\/montreal\/#website"},"datePublished":"2016-10-31T17:40:03+00:00","dateModified":"2023-01-11T11:56:57+00:00","description":"L'exp\u00e9rience Brassicole c'est La Tourn\u00e9e signature et le circuit le plus g\u00e9n\u00e9reux de Montr\u00e9al en termes de bi\u00e8re artisanale!","breadcrumb":{"@id":"https:\/\/www.citybrewtours.com\/montreal\/fr\/tours\/lexperience-brassicole-de-montreal\/#breadcrumb"},"inLanguage":"en-US","potentialAction":[{"@type":"ReadAction","target":["https:\/\/www.citybrewtours.com\/montreal\/fr\/tours\/lexperience-brassicole-de-montreal\/"]}]},{"@type":"BreadcrumbList","@id":"https:\/\/www.citybrewtours.com\/montreal\/fr\/tours\/lexperience-brassicole-de-montreal\/#breadcrumb","itemListElement":[{"@type":"ListItem","position":1,"name":"Home","item":"https:\/\/www.citybrewtours.com\/montreal\/"},{"@type":"ListItem","position":2,"name":"Choisissez votre tourn\u00e9e","item":"https:\/\/www.citybrewtours.com\/montreal\/fr\/tours\/"},{"@type":"ListItem","position":3,"name":"L&rsquo;exp\u00e9rience Brassicole de MTL"}]},{"@type":"WebSite","@id":"https:\/\/www.citybrewtours.com\/montreal\/#website","url":"https:\/\/www.citybrewtours.com\/montreal\/","name":"Montr\u00e9al Brew Tours - All-Inclusive, Guided Brewery Tours &amp; Events","description":"Local Brewery Tours in Montreal, QC","publisher":{"@id":"https:\/\/www.citybrewtours.com\/montreal\/#organization"},"potentialAction":[{"@type":"SearchAction","target":{"@type":"EntryPoint","urlTemplate":"https:\/\/www.citybrewtours.com\/montreal\/?s={search_term_string}"},"query-input":"required name=search_term_string"}],"inLanguage":"en-US"},{"@type":"Organization","@id":"https:\/\/www.citybrewtours.com\/montreal\/#organization","name":"City Brew Tours Montreal La Tourn\u00e9e Brasicole","url":"https:\/\/www.citybrewtours.com\/montreal\/","logo":{"@type":"ImageObject","inLanguage":"en-US","@id":"https:\/\/www.citybrewtours.com\/montreal\/#\/schema\/logo\/image\/","url":"https:\/\/www.citybrewtours.com\/montreal\/wp-content\/uploads\/sites\/10\/2018\/04\/brown_horizontal_nyc.png","contentUrl":"https:\/\/www.citybrewtours.com\/montreal\/wp-content\/uploads\/sites\/10\/2018\/04\/brown_horizontal_nyc.png","width":246,"height":90,"caption":"City Brew Tours Montreal La Tourn\u00e9e Brasicole"},"image":{"@id":"https:\/\/www.citybrewtours.com\/montreal\/#\/schema\/logo\/image\/"},"sameAs":["https:\/\/www.instagram.com\/citybrewtoursmtl\/","https:\/\/www.facebook.com\/citybrewtoursMTL\/"]}]}},"_links":{"self":[{"href":"https:\/\/www.citybrewtours.com\/montreal\/wp-json\/wp\/v2\/pages\/2623"}],"collection":[{"href":"https:\/\/www.citybrewtours.com\/montreal\/wp-json\/wp\/v2\/pages"}],"about":[{"href":"https:\/\/www.citybrewtours.com\/montreal\/wp-json\/wp\/v2\/types\/page"}],"author":[{"embeddable":true,"href":"https:\/\/www.citybrewtours.com\/montreal\/wp-json\/wp\/v2\/users\/1"}],"replies":[{"embeddable":true,"href":"https:\/\/www.citybrewtours.com\/montreal\/wp-json\/wp\/v2\/comments?post=2623"}],"version-history":[{"count":0,"href":"https:\/\/www.citybrewtours.com\/montreal\/wp-json\/wp\/v2\/pages\/2623\/revisions"}],"up":[{"embeddable":true,"href":"https:\/\/www.citybrewtours.com\/montreal\/wp-json\/wp\/v2\/pages\/2567"}],"wp:attachment":[{"href":"https:\/\/www.citybrewtours.com\/montreal\/wp-json\/wp\/v2\/media?parent=2623"}],"curies":[{"name":"wp","href":"https:\/\/api.w.org\/{rel}","templated":true}]}}