{"id":2635,"date":"2016-10-31T17:40:03","date_gmt":"2016-10-31T17:40:03","guid":{"rendered":"https:\/\/www.citybrewtours.com\/montreal\/contact\/"},"modified":"2023-01-11T12:01:34","modified_gmt":"2023-01-11T12:01:34","slug":"contact","status":"publish","type":"page","link":"https:\/\/www.citybrewtours.com\/montreal\/fr\/contact\/","title":{"rendered":"Contactez La Tourn\u00e9e Brassicole"},"content":{"rendered":"<p><script type=\"text\/javascript\">var gform;gform||(document.addEventListener(\"gform_main_scripts_loaded\",function(){gform.scriptsLoaded=!0}),window.addEventListener(\"DOMContentLoaded\",function(){gform.domLoaded=!0}),gform={domLoaded:!1,scriptsLoaded:!1,initializeOnLoaded:function(o){gform.domLoaded&&gform.scriptsLoaded?o():!gform.domLoaded&&gform.scriptsLoaded?window.addEventListener(\"DOMContentLoaded\",o):document.addEventListener(\"gform_main_scripts_loaded\",o)},hooks:{action:{},filter:{}},addAction:function(o,n,r,t){gform.addHook(\"action\",o,n,r,t)},addFilter:function(o,n,r,t){gform.addHook(\"filter\",o,n,r,t)},doAction:function(o){gform.doHook(\"action\",o,arguments)},applyFilters:function(o){return gform.doHook(\"filter\",o,arguments)},removeAction:function(o,n){gform.removeHook(\"action\",o,n)},removeFilter:function(o,n,r){gform.removeHook(\"filter\",o,n,r)},addHook:function(o,n,r,t,i){null==gform.hooks[o][n]&&(gform.hooks[o][n]=[]);var e=gform.hooks[o][n];null==i&&(i=n+\"_\"+e.length),gform.hooks[o][n].push({tag:i,callable:r,priority:t=null==t?10:t})},doHook:function(n,o,r){var t;if(r=Array.prototype.slice.call(r,1),null!=gform.hooks[n][o]&&((o=gform.hooks[n][o]).sort(function(o,n){return o.priority-n.priority}),o.forEach(function(o){\"function\"!=typeof(t=o.callable)&&(t=window[t]),\"action\"==n?t.apply(null,r):r[0]=t.apply(null,r)})),\"filter\"==n)return r[0]},removeHook:function(o,n,t,i){var r;null!=gform.hooks[o][n]&&(r=(r=gform.hooks[o][n]).filter(function(o,n,r){return!!(null!=i&&i!=o.tag||null!=t&&t!=o.priority)}),gform.hooks[o][n]=r)}});<\/script><\/p>\n<div class='gf_browser_gecko gform_wrapper gform_legacy_markup_wrapper gform-theme--no-framework' data-form-theme='legacy' data-form-index='0' id='gform_wrapper_9' >\n<div class='gform_heading'>\n<p class='gform_description'>\n<\/p><\/div>\n<form method='post' enctype='multipart\/form-data'  id='gform_9'  action='\/montreal\/wp-json\/wp\/v2\/pages\/2635' data-formid='9' >\n<div class='gform-body gform_body'>\n<ul id='gform_fields_9' class='gform_fields top_label form_sublabel_below description_below'>\n<li id=\"field_9_1\"  class=\"gfield gfield--type-text gfield_contains_required field_sublabel_below gfield--no-description field_description_below gfield_visibility_visible\"  data-js-reload=\"field_9_1\"><label class='gfield_label gform-field-label' for='input_9_1' >Votre Nom<span class=\"gfield_required\"><span class=\"gfield_required gfield_required_asterisk\">*<\/span><\/span><\/label>\n<div class='ginput_container ginput_container_text'><input name='input_1' id='input_9_1' type='text' value='' class='medium'     aria-required=\"true\" aria-invalid=\"false\"   \/> <\/div>\n<\/li>\n<li id=\"field_9_2\"  class=\"gfield gfield--type-email field_sublabel_below gfield--no-description field_description_below gfield_visibility_visible\"  data-js-reload=\"field_9_2\"><label class='gfield_label gform-field-label' for='input_9_2' >Adresse Email<\/label>\n<div class='ginput_container ginput_container_email'>\n                            <input name='input_2' id='input_9_2' type='text' value='' class='medium'     aria-invalid=\"false\"  \/>\n                        <\/div>\n<\/li>\n<li id=\"field_9_3\"  class=\"gfield gfield--type-text field_sublabel_below gfield--no-description field_description_below gfield_visibility_visible\"  data-js-reload=\"field_9_3\"><label class='gfield_label gform-field-label' for='input_9_3' >Sujet<\/label>\n<div class='ginput_container ginput_container_text'><input name='input_3' id='input_9_3' type='text' value='' class='medium'      aria-invalid=\"false\"   \/> <\/div>\n<\/li>\n<li id=\"field_9_4\"  class=\"gfield gfield--type-textarea gfield_contains_required field_sublabel_below gfield--no-description field_description_below gfield_visibility_visible\"  data-js-reload=\"field_9_4\"><label class='gfield_label gform-field-label' for='input_9_4' >Votre message<span class=\"gfield_required\"><span class=\"gfield_required gfield_required_asterisk\">*<\/span><\/span><\/label>\n<div class='ginput_container ginput_container_textarea'><textarea name='input_4' id='input_9_4' class='textarea medium'     aria-required=\"true\" aria-invalid=\"false\"   rows='10' cols='50'><\/textarea><\/div>\n<\/li>\n<li id=\"field_9_5\"  class=\"gfield gfield--type-captcha field_sublabel_below gfield--no-description field_description_below gfield_visibility_visible\"  data-js-reload=\"field_9_5\"><label class='gfield_label gform-field-label' for='input_9_5' >Are you a robot?<\/label>\n<div id='input_9_5' class='ginput_container ginput_recaptcha' data-sitekey='6LfJ-yIUAAAAAJssjGNFH8egLgUQDABKwmUa2hXt'  data-theme='light' data-tabindex='0'  data-badge=''><\/div>\n<\/li>\n<\/ul>\n<\/div>\n<div class='gform_footer top_label'> <input type='submit' id='gform_submit_button_9' class='gform_button button' value='Submit'  onclick='if(window[\"gf_submitting_9\"]){return false;}  window[\"gf_submitting_9\"]=true;  ' onkeypress='if( event.keyCode == 13 ){ if(window[\"gf_submitting_9\"]){return false;} window[\"gf_submitting_9\"]=true;  jQuery(\"#gform_9\").trigger(\"submit\",[true]); }' \/><br \/>\n            <input type='hidden' class='gform_hidden' name='is_submit_9' value='1' \/><br \/>\n            <input type='hidden' class='gform_hidden' name='gform_submit' value='9' \/><\/p>\n<p>            <input type='hidden' class='gform_hidden' name='gform_unique_id' value='' \/><br \/>\n            <input type='hidden' class='gform_hidden' name='state_9' value='WyJbXSIsIjU3YjM3OGExYjZlZjAzYWJmNGI4MjdiZDZkMzNiYjc0Il0=' \/><br \/>\n            <input type='hidden' class='gform_hidden' name='gform_target_page_number_9' id='gform_target_page_number_9' value='0' \/><br \/>\n            <input type='hidden' class='gform_hidden' name='gform_source_page_number_9' id='gform_source_page_number_9' value='1' \/><br \/>\n            <input type='hidden' name='gform_field_values' value='' \/><\/p><\/div>\n<\/p><\/form>\n<\/p><\/div>\n<p><script type=\"text\/javascript\">\ngform.initializeOnLoaded( function() {gformInitSpinner( 9, 'https:\/\/www.citybrewtours.com\/montreal\/wp-content\/plugins\/gravityforms\/images\/spinner.svg', true );jQuery('#gform_ajax_frame_9').on('load',function(){var contents = jQuery(this).contents().find('*').html();var is_postback = contents.indexOf('GF_AJAX_POSTBACK') >= 0;if(!is_postback){return;}var form_content = jQuery(this).contents().find('#gform_wrapper_9');var is_confirmation = jQuery(this).contents().find('#gform_confirmation_wrapper_9').length > 0;var is_redirect = contents.indexOf('gformRedirect(){') >= 0;var is_form = form_content.length > 0 && ! is_redirect && ! is_confirmation;var mt = parseInt(jQuery('html').css('margin-top'), 10) + parseInt(jQuery('body').css('margin-top'), 10) + 100;if(is_form){jQuery('#gform_wrapper_9').html(form_content.html());if(form_content.hasClass('gform_validation_error')){jQuery('#gform_wrapper_9').addClass('gform_validation_error');} else {jQuery('#gform_wrapper_9').removeClass('gform_validation_error');}setTimeout( function() { \/* delay the scroll by 50 milliseconds to fix a bug in chrome *\/  }, 50 );if(window['gformInitDatepicker']) {gformInitDatepicker();}if(window['gformInitPriceFields']) {gformInitPriceFields();}var current_page = jQuery('#gform_source_page_number_9').val();gformInitSpinner( 9, 'https:\/\/www.citybrewtours.com\/montreal\/wp-content\/plugins\/gravityforms\/images\/spinner.svg', true );jQuery(document).trigger('gform_page_loaded', [9, current_page]);window['gf_submitting_9'] = false;}else if(!is_redirect){var confirmation_content = jQuery(this).contents().find('.GF_AJAX_POSTBACK').html();if(!confirmation_content){confirmation_content = contents;}setTimeout(function(){jQuery('#gform_wrapper_9').replaceWith(confirmation_content);jQuery(document).trigger('gform_confirmation_loaded', [9]);window['gf_submitting_9'] = false;wp.a11y.speak(jQuery('#gform_confirmation_message_9').text());}, 50);}else{jQuery('#gform_9').append(contents);if(window['gformRedirect']) {gformRedirect();}}jQuery(document).trigger('gform_post_render', [9, current_page]);gform.utils.trigger({ event: 'gform\/postRender', native: false, data: { formId: 9, currentPage: current_page } });} );} );\n<\/script><\/p>\n<h6>T\u00e9l\u00e9phone<\/h6>\n<p><a href=\"tel:438-800-4419\">438-800-4419<\/a><\/p>\n<h6>E-mail<\/h6>\n<p><a href=\"mailto:montreal@citybrewtours.com\">montreal@citybrewtours.com<\/a><\/p>\n<p>&nbsp;<\/p>\n<p>Nous recueillons vos renseignements personnels de plusieurs fa\u00e7ons, entre autres lorsque vous saisissez des renseignements sur notre Site Web, achetez un produit ou un service, vous abonnez \u00e0 une infolettre, communiquez avec nous par t\u00e9l\u00e9phone ou par courriel, ou publiez du contenu sur nos comptes de m\u00e9dias sociaux. Selon les circonstances, les renseignements personnels peuvent comprendre nom, adresse postale, code postal, adresse courriel, num\u00e9ro de t\u00e9l\u00e9phone, et, si vous l\u2019acceptez, certaines autres informations. La Tourn\u00e9e Brassicole recueille uniquement les renseignements dont il a besoin pour pouvoir offrir ses produits et services.<\/p>\n<p>Certaines donn\u00e9es financi\u00e8res vous seront demand\u00e9es si vous faites un achat en ligne sur notre boutique. Les paiements par carte de cr\u00e9dit sont g\u00e9r\u00e9s par Bookeo, institution ind\u00e9pendante et reconnue pour ses services de paiements s\u00e9curis\u00e9s sur Internet. Les renseignements que vous aurez \u00e0 fournir sont votre nom, pr\u00e9nom, adresse civique, ainsi que votre num\u00e9ro de carte de cr\u00e9dit. Ces informations permettront de proc\u00e9der \u00e0 l\u2019autorisation d\u2019achat. Ce type d\u2019information particuli\u00e8rement sensible, tel que votre num\u00e9ro de carte de cr\u00e9dit, est encod\u00e9 et hautement prot\u00e9g\u00e9 pendant la transmission. Ce processus de collecte et de protection des donn\u00e9es est g\u00e9r\u00e9 par notre fournisseur de gestion de la relation client \u2018\u2019Square\u201d et la plateforme \u201cBookeo\u201d. La Tourn\u00e9e Brassicole ne prend pas connaissance des num\u00e9ros de carte de cr\u00e9dit et ne les conserve pas sur son serveur.<\/p>\n","protected":false},"excerpt":{"rendered":"<p>T\u00e9l\u00e9phone 438-800-4419 E-mail montreal@citybrewtours.com &nbsp; Nous recueillons vos renseignements personnels de plusieurs fa\u00e7ons, entre autres lorsque vous saisissez des renseignements sur notre Site Web, achetez un produit ou un service, vous abonnez \u00e0 une infolettre, communiquez avec nous par t\u00e9l\u00e9phone ou par courriel, ou publiez du contenu sur nos comptes de m\u00e9dias sociaux. Selon les [&hellip;]<\/p>\n","protected":false},"author":1,"featured_media":0,"parent":0,"menu_order":0,"comment_status":"closed","ping_status":"closed","template":"","meta":[],"acf":[],"yoast_head":"<!-- This site is optimized with the Yoast SEO plugin v19.10 - https:\/\/yoast.com\/wordpress\/plugins\/seo\/ -->\n<title>Contactez La Tourn\u00e9e Brassicole - Montr\u00e9al Brew Tours - All-Inclusive, Guided Brewery Tours &amp; Events<\/title>\n<meta name=\"description\" content=\"Contactez La Tourn\u00e9e Brassicole de Montr\u00e9al par t\u00e9l\u00e9phone ou \u00e9crivez-nous. Nous appr\u00e9cions les commentaires et que vous tentiez de nous, nous vous reviendrons tr\u00e8s rapidement.\" \/>\n<meta name=\"robots\" content=\"index, follow, max-snippet:-1, max-image-preview:large, max-video-preview:-1\" \/>\n<link rel=\"canonical\" href=\"https:\/\/www.citybrewtours.com\/montreal\/contact\/\" \/>\n<meta property=\"og:locale\" content=\"en_US\" \/>\n<meta property=\"og:type\" content=\"article\" \/>\n<meta property=\"og:title\" content=\"Contactez La Tourn\u00e9e Brassicole - Montr\u00e9al Brew Tours - All-Inclusive, Guided Brewery Tours &amp; Events\" \/>\n<meta property=\"og:description\" content=\"Contactez La Tourn\u00e9e Brassicole de Montr\u00e9al par t\u00e9l\u00e9phone ou \u00e9crivez-nous. Nous appr\u00e9cions les commentaires et que vous tentiez de nous, nous vous reviendrons tr\u00e8s rapidement.\" \/>\n<meta property=\"og:url\" content=\"https:\/\/www.citybrewtours.com\/montreal\/fr\/contact\/\" \/>\n<meta property=\"og:site_name\" content=\"Montr\u00e9al Brew Tours - All-Inclusive, Guided Brewery Tours &amp; Events\" \/>\n<meta property=\"article:publisher\" content=\"https:\/\/www.facebook.com\/citybrewtoursMTL\/\" \/>\n<meta property=\"article:modified_time\" content=\"2023-01-11T12:01:34+00:00\" \/>\n<meta name=\"twitter:card\" content=\"summary_large_image\" \/>\n<meta name=\"twitter:label1\" content=\"Est. reading time\" \/>\n\t<meta name=\"twitter:data1\" content=\"2 minutes\" \/>\n<script type=\"application\/ld+json\" class=\"yoast-schema-graph\">{\"@context\":\"https:\/\/schema.org\",\"@graph\":[{\"@type\":\"WebPage\",\"@id\":\"https:\/\/www.citybrewtours.com\/montreal\/fr\/contact\/\",\"url\":\"https:\/\/www.citybrewtours.com\/montreal\/fr\/contact\/\",\"name\":\"Contactez La Tourn\u00e9e Brassicole - Montr\u00e9al Brew Tours - All-Inclusive, Guided Brewery Tours &amp; Events\",\"isPartOf\":{\"@id\":\"https:\/\/www.citybrewtours.com\/montreal\/#website\"},\"datePublished\":\"2016-10-31T17:40:03+00:00\",\"dateModified\":\"2023-01-11T12:01:34+00:00\",\"description\":\"Contactez La Tourn\u00e9e Brassicole de Montr\u00e9al par t\u00e9l\u00e9phone ou \u00e9crivez-nous. Nous appr\u00e9cions les commentaires et que vous tentiez de nous, nous vous reviendrons tr\u00e8s rapidement.\",\"breadcrumb\":{\"@id\":\"https:\/\/www.citybrewtours.com\/montreal\/fr\/contact\/#breadcrumb\"},\"inLanguage\":\"en-US\",\"potentialAction\":[{\"@type\":\"ReadAction\",\"target\":[\"https:\/\/www.citybrewtours.com\/montreal\/fr\/contact\/\"]}]},{\"@type\":\"BreadcrumbList\",\"@id\":\"https:\/\/www.citybrewtours.com\/montreal\/fr\/contact\/#breadcrumb\",\"itemListElement\":[{\"@type\":\"ListItem\",\"position\":1,\"name\":\"Home\",\"item\":\"https:\/\/www.citybrewtours.com\/montreal\/\"},{\"@type\":\"ListItem\",\"position\":2,\"name\":\"Contactez La Tourn\u00e9e Brassicole\"}]},{\"@type\":\"WebSite\",\"@id\":\"https:\/\/www.citybrewtours.com\/montreal\/#website\",\"url\":\"https:\/\/www.citybrewtours.com\/montreal\/\",\"name\":\"Montr\u00e9al Brew Tours - All-Inclusive, Guided Brewery Tours &amp; Events\",\"description\":\"Local Brewery Tours in Montreal, QC\",\"publisher\":{\"@id\":\"https:\/\/www.citybrewtours.com\/montreal\/#organization\"},\"potentialAction\":[{\"@type\":\"SearchAction\",\"target\":{\"@type\":\"EntryPoint\",\"urlTemplate\":\"https:\/\/www.citybrewtours.com\/montreal\/?s={search_term_string}\"},\"query-input\":\"required name=search_term_string\"}],\"inLanguage\":\"en-US\"},{\"@type\":\"Organization\",\"@id\":\"https:\/\/www.citybrewtours.com\/montreal\/#organization\",\"name\":\"City Brew Tours Montreal La Tourn\u00e9e Brasicole\",\"url\":\"https:\/\/www.citybrewtours.com\/montreal\/\",\"logo\":{\"@type\":\"ImageObject\",\"inLanguage\":\"en-US\",\"@id\":\"https:\/\/www.citybrewtours.com\/montreal\/#\/schema\/logo\/image\/\",\"url\":\"https:\/\/www.citybrewtours.com\/montreal\/wp-content\/uploads\/sites\/10\/2018\/04\/brown_horizontal_nyc.png\",\"contentUrl\":\"https:\/\/www.citybrewtours.com\/montreal\/wp-content\/uploads\/sites\/10\/2018\/04\/brown_horizontal_nyc.png\",\"width\":246,\"height\":90,\"caption\":\"City Brew Tours Montreal La Tourn\u00e9e Brasicole\"},\"image\":{\"@id\":\"https:\/\/www.citybrewtours.com\/montreal\/#\/schema\/logo\/image\/\"},\"sameAs\":[\"https:\/\/www.instagram.com\/citybrewtoursmtl\/\",\"https:\/\/www.facebook.com\/citybrewtoursMTL\/\"]}]}<\/script>\n<!-- \/ Yoast SEO plugin. -->","yoast_head_json":{"title":"Contactez La Tourn\u00e9e Brassicole - Montr\u00e9al Brew Tours - All-Inclusive, Guided Brewery Tours &amp; Events","description":"Contactez La Tourn\u00e9e Brassicole de Montr\u00e9al par t\u00e9l\u00e9phone ou \u00e9crivez-nous. Nous appr\u00e9cions les commentaires et que vous tentiez de nous, nous vous reviendrons tr\u00e8s rapidement.","robots":{"index":"index","follow":"follow","max-snippet":"max-snippet:-1","max-image-preview":"max-image-preview:large","max-video-preview":"max-video-preview:-1"},"canonical":"https:\/\/www.citybrewtours.com\/montreal\/contact\/","og_locale":"en_US","og_type":"article","og_title":"Contactez La Tourn\u00e9e Brassicole - Montr\u00e9al Brew Tours - All-Inclusive, Guided Brewery Tours &amp; Events","og_description":"Contactez La Tourn\u00e9e Brassicole de Montr\u00e9al par t\u00e9l\u00e9phone ou \u00e9crivez-nous. Nous appr\u00e9cions les commentaires et que vous tentiez de nous, nous vous reviendrons tr\u00e8s rapidement.","og_url":"https:\/\/www.citybrewtours.com\/montreal\/fr\/contact\/","og_site_name":"Montr\u00e9al Brew Tours - All-Inclusive, Guided Brewery Tours &amp; Events","article_publisher":"https:\/\/www.facebook.com\/citybrewtoursMTL\/","article_modified_time":"2023-01-11T12:01:34+00:00","twitter_card":"summary_large_image","twitter_misc":{"Est. reading time":"2 minutes"},"schema":{"@context":"https:\/\/schema.org","@graph":[{"@type":"WebPage","@id":"https:\/\/www.citybrewtours.com\/montreal\/fr\/contact\/","url":"https:\/\/www.citybrewtours.com\/montreal\/fr\/contact\/","name":"Contactez La Tourn\u00e9e Brassicole - Montr\u00e9al Brew Tours - All-Inclusive, Guided Brewery Tours &amp; Events","isPartOf":{"@id":"https:\/\/www.citybrewtours.com\/montreal\/#website"},"datePublished":"2016-10-31T17:40:03+00:00","dateModified":"2023-01-11T12:01:34+00:00","description":"Contactez La Tourn\u00e9e Brassicole de Montr\u00e9al par t\u00e9l\u00e9phone ou \u00e9crivez-nous. Nous appr\u00e9cions les commentaires et que vous tentiez de nous, nous vous reviendrons tr\u00e8s rapidement.","breadcrumb":{"@id":"https:\/\/www.citybrewtours.com\/montreal\/fr\/contact\/#breadcrumb"},"inLanguage":"en-US","potentialAction":[{"@type":"ReadAction","target":["https:\/\/www.citybrewtours.com\/montreal\/fr\/contact\/"]}]},{"@type":"BreadcrumbList","@id":"https:\/\/www.citybrewtours.com\/montreal\/fr\/contact\/#breadcrumb","itemListElement":[{"@type":"ListItem","position":1,"name":"Home","item":"https:\/\/www.citybrewtours.com\/montreal\/"},{"@type":"ListItem","position":2,"name":"Contactez La Tourn\u00e9e Brassicole"}]},{"@type":"WebSite","@id":"https:\/\/www.citybrewtours.com\/montreal\/#website","url":"https:\/\/www.citybrewtours.com\/montreal\/","name":"Montr\u00e9al Brew Tours - All-Inclusive, Guided Brewery Tours &amp; Events","description":"Local Brewery Tours in Montreal, QC","publisher":{"@id":"https:\/\/www.citybrewtours.com\/montreal\/#organization"},"potentialAction":[{"@type":"SearchAction","target":{"@type":"EntryPoint","urlTemplate":"https:\/\/www.citybrewtours.com\/montreal\/?s={search_term_string}"},"query-input":"required name=search_term_string"}],"inLanguage":"en-US"},{"@type":"Organization","@id":"https:\/\/www.citybrewtours.com\/montreal\/#organization","name":"City Brew Tours Montreal La Tourn\u00e9e Brasicole","url":"https:\/\/www.citybrewtours.com\/montreal\/","logo":{"@type":"ImageObject","inLanguage":"en-US","@id":"https:\/\/www.citybrewtours.com\/montreal\/#\/schema\/logo\/image\/","url":"https:\/\/www.citybrewtours.com\/montreal\/wp-content\/uploads\/sites\/10\/2018\/04\/brown_horizontal_nyc.png","contentUrl":"https:\/\/www.citybrewtours.com\/montreal\/wp-content\/uploads\/sites\/10\/2018\/04\/brown_horizontal_nyc.png","width":246,"height":90,"caption":"City Brew Tours Montreal La Tourn\u00e9e Brasicole"},"image":{"@id":"https:\/\/www.citybrewtours.com\/montreal\/#\/schema\/logo\/image\/"},"sameAs":["https:\/\/www.instagram.com\/citybrewtoursmtl\/","https:\/\/www.facebook.com\/citybrewtoursMTL\/"]}]}},"_links":{"self":[{"href":"https:\/\/www.citybrewtours.com\/montreal\/wp-json\/wp\/v2\/pages\/2635"}],"collection":[{"href":"https:\/\/www.citybrewtours.com\/montreal\/wp-json\/wp\/v2\/pages"}],"about":[{"href":"https:\/\/www.citybrewtours.com\/montreal\/wp-json\/wp\/v2\/types\/page"}],"author":[{"embeddable":true,"href":"https:\/\/www.citybrewtours.com\/montreal\/wp-json\/wp\/v2\/users\/1"}],"replies":[{"embeddable":true,"href":"https:\/\/www.citybrewtours.com\/montreal\/wp-json\/wp\/v2\/comments?post=2635"}],"version-history":[{"count":0,"href":"https:\/\/www.citybrewtours.com\/montreal\/wp-json\/wp\/v2\/pages\/2635\/revisions"}],"wp:attachment":[{"href":"https:\/\/www.citybrewtours.com\/montreal\/wp-json\/wp\/v2\/media?parent=2635"}],"curies":[{"name":"wp","href":"https:\/\/api.w.org\/{rel}","templated":true}]}}