{"id":2640,"date":"2016-10-31T17:40:03","date_gmt":"2016-10-31T17:40:03","guid":{"rendered":"https:\/\/www.citybrewtours.com\/montreal\/gift-certificate\/"},"modified":"2019-10-17T13:31:37","modified_gmt":"2019-10-17T13:31:37","slug":"gift-card","status":"publish","type":"page","link":"https:\/\/www.citybrewtours.com\/montreal\/fr\/gift-card\/","title":{"rendered":"Cartes-Cadeaux La Tourn\u00e9e Brassicole"},"content":{"rendered":"<p><em><img decoding=\"async\" class=\"alignright wp-image-1096 lazyload\" data-src=\"https:\/\/www.citybrewtours.com\/montreal\/wp-content\/uploads\/sites\/10\/2016\/10\/gift-card-wrapped-large.jpg\" alt=\"gift-card-wrapped-large\" width=\"555\" height=\"417\" data-srcset=\"https:\/\/www.citybrewtours.com\/montreal\/wp-content\/uploads\/sites\/10\/2016\/10\/gift-card-wrapped-large.jpg 1110w, https:\/\/www.citybrewtours.com\/montreal\/wp-content\/uploads\/sites\/10\/2016\/10\/gift-card-wrapped-large-300x225.jpg 300w, https:\/\/www.citybrewtours.com\/montreal\/wp-content\/uploads\/sites\/10\/2016\/10\/gift-card-wrapped-large-768x576.jpg 768w, https:\/\/www.citybrewtours.com\/montreal\/wp-content\/uploads\/sites\/10\/2016\/10\/gift-card-wrapped-large-1024x768.jpg 1024w\" data-sizes=\"(max-width: 555px) 100vw, 555px\" src=\"data:image\/svg+xml;base64,PHN2ZyB3aWR0aD0iMSIgaGVpZ2h0PSIxIiB4bWxucz0iaHR0cDovL3d3dy53My5vcmcvMjAwMC9zdmciPjwvc3ZnPg==\" style=\"--smush-placeholder-width: 555px; --smush-placeholder-aspect-ratio: 555\/417;\" \/><\/em><\/p>\n<p><span id=\"result_box\" lang=\"fr\"><span title=\"We have the PERFECT present for the craft beer lover or home brewer among your friends and family!\">Nous avons le cadeau parfait pour les amateurs de bi\u00e8res artisanales ou les brasseurs amateurs parmi votre famille et vos amis! <\/span><span title=\"We all know people who love craft beer and what better gift for them than a gift certificate towards a City Brew Tour NYC!\">Nous connaissons tous des gens qui aiment la bi\u00e8re artisanale et quel meilleur cadeau pour eux qu&#8217;un certificat-cadeau pour une tourn\u00e9e \u00e0 Montr\u00e9al! <\/span><span title=\"Give them a present they\u2019ll never forget with a day full of New York's local craft breweries, cider houses, and distilleries.\">Offrez-leur un cadeau qu\u2019ils n\u2019oublieront jamais. <\/span><span title=\"Our guides will lead them all over Queens and Brooklyn\u2019s award-winning craft beer scene with up to 15 beer tastings paired excellently with beer-inspired meal.\">Nos guides les m\u00e8neront dans toute la ville et sur la sc\u00e8ne de la bi\u00e8re artisanale prim\u00e9e de Montr\u00e9al, avec jusqu\u2019\u00e0 15 d\u00e9gustations de bi\u00e8res jumel\u00e9es de mani\u00e8re excellente avec un repas inspir\u00e9 de la bi\u00e8re. <\/span><span title=\"This lucky recipient will experience beer like they never have before, with tons of brew knowledge and exclusive behind scene tours of their favorite breweries in the Big Apple.\">Ce chanceux r\u00e9cipiendaire fera l&#8217;exp\u00e9rience de la bi\u00e8re comme jamais auparavant, avec des tonnes de connaissances et des visites exclusives de ses brasseries pr\u00e9f\u00e9r\u00e9es. <\/span><span title=\"Both the beer connoisseurs and enthusiasts will brag to their friends about their day, which will make you look super awesome! \">Les amateurs de bi\u00e8re et les nouveaux curieux se vanteront aupr\u00e8s de leurs amis de leur journ\u00e9e, ce qui vous rendra super g\u00e9nial!<\/span><\/span><\/p>\n<p><span title=\"Either way, does your friend or loved one really need more stuff like another tie, scarf or gadget?\">De toute fa\u00e7on, votre ami ou votre proche a-t-il vraiment besoin de plus de choses, comme une autre cravate, une \u00e9charpe ou un gadget?\u00a0<\/span>Soyez cr\u00e9atifs et donnez-leur une exp\u00e9rience dont ils vous remercieront et parleront pendant des ann\u00e9es \u00e0 venir!<\/p>\n<p><span title=\"Our tours are the perfect gift for a birthday, a wedding, Valentine\u2019s Day, or any other occasion you can think of and one that they will never forget!\">Nos circuits sont le cadeau id\u00e9al pour un anniversaire, un mariage, la Saint-Valentin ou toute autre occasion \u00e0 laquelle vous pouvez penser et qu\u2019ils n\u2019oublieront jamais!<\/span><\/p>\n<p><span class=\"button-wrap\"><a href=\"http:\/\/bookeo.com\/montrealcbt\/buyvoucher\" class=\"button button-light\" target=\"self\">Acheter une carte<\/a><\/span> <span class=\"button-wrap\"><a href=\"http:\/\/bookeo.com\/montrealcbt\/voucher\" class=\"button button-light\" target=\"self\">Utiliser sa carte<\/a><\/span><\/p>\n","protected":false},"excerpt":{"rendered":"<p>Nous avons le cadeau parfait pour les amateurs de bi\u00e8res artisanales ou les brasseurs amateurs parmi votre famille et vos amis! Nous connaissons tous des gens qui aiment la bi\u00e8re artisanale et quel meilleur cadeau pour eux qu&#8217;un certificat-cadeau pour une tourn\u00e9e \u00e0 Montr\u00e9al! Offrez-leur un cadeau qu\u2019ils n\u2019oublieront jamais. Nos guides les m\u00e8neront dans [&hellip;]<\/p>\n","protected":false},"author":1,"featured_media":0,"parent":0,"menu_order":0,"comment_status":"closed","ping_status":"closed","template":"","meta":[],"acf":[],"yoast_head":"<!-- This site is optimized with the Yoast SEO plugin v19.10 - https:\/\/yoast.com\/wordpress\/plugins\/seo\/ -->\n<title>Cartes-Cadeaux - Montr\u00e9al Brew Tours - All-Inclusive, Guided Brewery Tours &amp; Events<\/title>\n<meta name=\"description\" content=\"Nous connaissons tous des gens qui aiment la bi\u00e8re artisanale et quel meilleur pr\u00e9sent pour eux qu&#039;un certificat-cadeau de La Tourn\u00e9e Brassicole de MTL! Donnez-leur un cadeau qu&#039;ils n&#039;oublieront jamais!\" \/>\n<meta name=\"robots\" content=\"index, follow, max-snippet:-1, max-image-preview:large, max-video-preview:-1\" \/>\n<link rel=\"canonical\" href=\"https:\/\/www.citybrewtours.com\/montreal\/gift-card\/\" \/>\n<meta property=\"og:locale\" content=\"en_US\" \/>\n<meta property=\"og:type\" content=\"article\" \/>\n<meta property=\"og:title\" content=\"Cartes-Cadeaux - Montr\u00e9al Brew Tours - All-Inclusive, Guided Brewery Tours &amp; Events\" \/>\n<meta property=\"og:description\" content=\"Nous connaissons tous des gens qui aiment la bi\u00e8re artisanale et quel meilleur pr\u00e9sent pour eux qu&#039;un certificat-cadeau de La Tourn\u00e9e Brassicole de MTL! Donnez-leur un cadeau qu&#039;ils n&#039;oublieront jamais!\" \/>\n<meta property=\"og:url\" content=\"https:\/\/www.citybrewtours.com\/montreal\/fr\/gift-card\/\" \/>\n<meta property=\"og:site_name\" content=\"Montr\u00e9al Brew Tours - All-Inclusive, Guided Brewery Tours &amp; Events\" \/>\n<meta property=\"article:publisher\" content=\"https:\/\/www.facebook.com\/citybrewtoursMTL\/\" \/>\n<meta property=\"article:modified_time\" content=\"2019-10-17T13:31:37+00:00\" \/>\n<meta property=\"og:image\" content=\"https:\/\/www.citybrewtours.com\/montreal\/wp-content\/uploads\/sites\/10\/2016\/10\/gift-card-wrapped-large.jpg\" \/>\n<meta name=\"twitter:card\" content=\"summary_large_image\" \/>\n<meta name=\"twitter:label1\" content=\"Est. reading time\" \/>\n\t<meta name=\"twitter:data1\" content=\"1 minute\" \/>\n<script type=\"application\/ld+json\" class=\"yoast-schema-graph\">{\"@context\":\"https:\/\/schema.org\",\"@graph\":[{\"@type\":\"WebPage\",\"@id\":\"https:\/\/www.citybrewtours.com\/montreal\/fr\/gift-card\/\",\"url\":\"https:\/\/www.citybrewtours.com\/montreal\/fr\/gift-card\/\",\"name\":\"Cartes-Cadeaux - Montr\u00e9al Brew Tours - All-Inclusive, Guided Brewery Tours &amp; Events\",\"isPartOf\":{\"@id\":\"https:\/\/www.citybrewtours.com\/montreal\/#website\"},\"datePublished\":\"2016-10-31T17:40:03+00:00\",\"dateModified\":\"2019-10-17T13:31:37+00:00\",\"description\":\"Nous connaissons tous des gens qui aiment la bi\u00e8re artisanale et quel meilleur pr\u00e9sent pour eux qu'un certificat-cadeau de La Tourn\u00e9e Brassicole de MTL! Donnez-leur un cadeau qu'ils n'oublieront jamais!\",\"breadcrumb\":{\"@id\":\"https:\/\/www.citybrewtours.com\/montreal\/fr\/gift-card\/#breadcrumb\"},\"inLanguage\":\"en-US\",\"potentialAction\":[{\"@type\":\"ReadAction\",\"target\":[\"https:\/\/www.citybrewtours.com\/montreal\/fr\/gift-card\/\"]}]},{\"@type\":\"BreadcrumbList\",\"@id\":\"https:\/\/www.citybrewtours.com\/montreal\/fr\/gift-card\/#breadcrumb\",\"itemListElement\":[{\"@type\":\"ListItem\",\"position\":1,\"name\":\"Home\",\"item\":\"https:\/\/www.citybrewtours.com\/montreal\/\"},{\"@type\":\"ListItem\",\"position\":2,\"name\":\"Cartes-Cadeaux La Tourn\u00e9e Brassicole\"}]},{\"@type\":\"WebSite\",\"@id\":\"https:\/\/www.citybrewtours.com\/montreal\/#website\",\"url\":\"https:\/\/www.citybrewtours.com\/montreal\/\",\"name\":\"Montr\u00e9al Brew Tours - All-Inclusive, Guided Brewery Tours &amp; Events\",\"description\":\"Local Brewery Tours in Montreal, QC\",\"publisher\":{\"@id\":\"https:\/\/www.citybrewtours.com\/montreal\/#organization\"},\"potentialAction\":[{\"@type\":\"SearchAction\",\"target\":{\"@type\":\"EntryPoint\",\"urlTemplate\":\"https:\/\/www.citybrewtours.com\/montreal\/?s={search_term_string}\"},\"query-input\":\"required name=search_term_string\"}],\"inLanguage\":\"en-US\"},{\"@type\":\"Organization\",\"@id\":\"https:\/\/www.citybrewtours.com\/montreal\/#organization\",\"name\":\"City Brew Tours Montreal La Tourn\u00e9e Brasicole\",\"url\":\"https:\/\/www.citybrewtours.com\/montreal\/\",\"logo\":{\"@type\":\"ImageObject\",\"inLanguage\":\"en-US\",\"@id\":\"https:\/\/www.citybrewtours.com\/montreal\/#\/schema\/logo\/image\/\",\"url\":\"https:\/\/www.citybrewtours.com\/montreal\/wp-content\/uploads\/sites\/10\/2018\/04\/brown_horizontal_nyc.png\",\"contentUrl\":\"https:\/\/www.citybrewtours.com\/montreal\/wp-content\/uploads\/sites\/10\/2018\/04\/brown_horizontal_nyc.png\",\"width\":246,\"height\":90,\"caption\":\"City Brew Tours Montreal La Tourn\u00e9e Brasicole\"},\"image\":{\"@id\":\"https:\/\/www.citybrewtours.com\/montreal\/#\/schema\/logo\/image\/\"},\"sameAs\":[\"https:\/\/www.instagram.com\/citybrewtoursmtl\/\",\"https:\/\/www.facebook.com\/citybrewtoursMTL\/\"]}]}<\/script>\n<!-- \/ Yoast SEO plugin. -->","yoast_head_json":{"title":"Cartes-Cadeaux - Montr\u00e9al Brew Tours - All-Inclusive, Guided Brewery Tours &amp; Events","description":"Nous connaissons tous des gens qui aiment la bi\u00e8re artisanale et quel meilleur pr\u00e9sent pour eux qu'un certificat-cadeau de La Tourn\u00e9e Brassicole de MTL! Donnez-leur un cadeau qu'ils n'oublieront jamais!","robots":{"index":"index","follow":"follow","max-snippet":"max-snippet:-1","max-image-preview":"max-image-preview:large","max-video-preview":"max-video-preview:-1"},"canonical":"https:\/\/www.citybrewtours.com\/montreal\/gift-card\/","og_locale":"en_US","og_type":"article","og_title":"Cartes-Cadeaux - Montr\u00e9al Brew Tours - All-Inclusive, Guided Brewery Tours &amp; Events","og_description":"Nous connaissons tous des gens qui aiment la bi\u00e8re artisanale et quel meilleur pr\u00e9sent pour eux qu'un certificat-cadeau de La Tourn\u00e9e Brassicole de MTL! Donnez-leur un cadeau qu'ils n'oublieront jamais!","og_url":"https:\/\/www.citybrewtours.com\/montreal\/fr\/gift-card\/","og_site_name":"Montr\u00e9al Brew Tours - All-Inclusive, Guided Brewery Tours &amp; Events","article_publisher":"https:\/\/www.facebook.com\/citybrewtoursMTL\/","article_modified_time":"2019-10-17T13:31:37+00:00","og_image":[{"url":"https:\/\/www.citybrewtours.com\/montreal\/wp-content\/uploads\/sites\/10\/2016\/10\/gift-card-wrapped-large.jpg"}],"twitter_card":"summary_large_image","twitter_misc":{"Est. reading time":"1 minute"},"schema":{"@context":"https:\/\/schema.org","@graph":[{"@type":"WebPage","@id":"https:\/\/www.citybrewtours.com\/montreal\/fr\/gift-card\/","url":"https:\/\/www.citybrewtours.com\/montreal\/fr\/gift-card\/","name":"Cartes-Cadeaux - Montr\u00e9al Brew Tours - All-Inclusive, Guided Brewery Tours &amp; Events","isPartOf":{"@id":"https:\/\/www.citybrewtours.com\/montreal\/#website"},"datePublished":"2016-10-31T17:40:03+00:00","dateModified":"2019-10-17T13:31:37+00:00","description":"Nous connaissons tous des gens qui aiment la bi\u00e8re artisanale et quel meilleur pr\u00e9sent pour eux qu'un certificat-cadeau de La Tourn\u00e9e Brassicole de MTL! Donnez-leur un cadeau qu'ils n'oublieront jamais!","breadcrumb":{"@id":"https:\/\/www.citybrewtours.com\/montreal\/fr\/gift-card\/#breadcrumb"},"inLanguage":"en-US","potentialAction":[{"@type":"ReadAction","target":["https:\/\/www.citybrewtours.com\/montreal\/fr\/gift-card\/"]}]},{"@type":"BreadcrumbList","@id":"https:\/\/www.citybrewtours.com\/montreal\/fr\/gift-card\/#breadcrumb","itemListElement":[{"@type":"ListItem","position":1,"name":"Home","item":"https:\/\/www.citybrewtours.com\/montreal\/"},{"@type":"ListItem","position":2,"name":"Cartes-Cadeaux La Tourn\u00e9e Brassicole"}]},{"@type":"WebSite","@id":"https:\/\/www.citybrewtours.com\/montreal\/#website","url":"https:\/\/www.citybrewtours.com\/montreal\/","name":"Montr\u00e9al Brew Tours - All-Inclusive, Guided Brewery Tours &amp; Events","description":"Local Brewery Tours in Montreal, QC","publisher":{"@id":"https:\/\/www.citybrewtours.com\/montreal\/#organization"},"potentialAction":[{"@type":"SearchAction","target":{"@type":"EntryPoint","urlTemplate":"https:\/\/www.citybrewtours.com\/montreal\/?s={search_term_string}"},"query-input":"required name=search_term_string"}],"inLanguage":"en-US"},{"@type":"Organization","@id":"https:\/\/www.citybrewtours.com\/montreal\/#organization","name":"City Brew Tours Montreal La Tourn\u00e9e Brasicole","url":"https:\/\/www.citybrewtours.com\/montreal\/","logo":{"@type":"ImageObject","inLanguage":"en-US","@id":"https:\/\/www.citybrewtours.com\/montreal\/#\/schema\/logo\/image\/","url":"https:\/\/www.citybrewtours.com\/montreal\/wp-content\/uploads\/sites\/10\/2018\/04\/brown_horizontal_nyc.png","contentUrl":"https:\/\/www.citybrewtours.com\/montreal\/wp-content\/uploads\/sites\/10\/2018\/04\/brown_horizontal_nyc.png","width":246,"height":90,"caption":"City Brew Tours Montreal La Tourn\u00e9e Brasicole"},"image":{"@id":"https:\/\/www.citybrewtours.com\/montreal\/#\/schema\/logo\/image\/"},"sameAs":["https:\/\/www.instagram.com\/citybrewtoursmtl\/","https:\/\/www.facebook.com\/citybrewtoursMTL\/"]}]}},"_links":{"self":[{"href":"https:\/\/www.citybrewtours.com\/montreal\/wp-json\/wp\/v2\/pages\/2640"}],"collection":[{"href":"https:\/\/www.citybrewtours.com\/montreal\/wp-json\/wp\/v2\/pages"}],"about":[{"href":"https:\/\/www.citybrewtours.com\/montreal\/wp-json\/wp\/v2\/types\/page"}],"author":[{"embeddable":true,"href":"https:\/\/www.citybrewtours.com\/montreal\/wp-json\/wp\/v2\/users\/1"}],"replies":[{"embeddable":true,"href":"https:\/\/www.citybrewtours.com\/montreal\/wp-json\/wp\/v2\/comments?post=2640"}],"version-history":[{"count":0,"href":"https:\/\/www.citybrewtours.com\/montreal\/wp-json\/wp\/v2\/pages\/2640\/revisions"}],"wp:attachment":[{"href":"https:\/\/www.citybrewtours.com\/montreal\/wp-json\/wp\/v2\/media?parent=2640"}],"curies":[{"name":"wp","href":"https:\/\/api.w.org\/{rel}","templated":true}]}}