{"id":2648,"date":"2016-10-31T17:40:03","date_gmt":"2016-10-31T17:40:03","guid":{"rendered":"https:\/\/www.citybrewtours.com\/montreal\/private-tours\/"},"modified":"2023-01-10T17:24:39","modified_gmt":"2023-01-10T17:24:39","slug":"tournees-privees","status":"publish","type":"page","link":"https:\/\/www.citybrewtours.com\/montreal\/fr\/tournees-privees\/","title":{"rendered":"Tourn\u00e9es priv\u00e9es"},"content":{"rendered":"<h2>Brassez votre propre exp\u00e9rience brassicole !<\/h2>\n<p>Que serait une une occasion sp\u00e9ciale duement soulign\u00e9e sans \u00eatre partag\u00e9e, un verre \u00e0 la main et entour\u00e9 de vos coll\u00e8gues, famille et amis. Nous croyons que c&#8217;est encore mieux avec une exp\u00e9rience harmonis\u00e9e \u00e0 vos pr\u00e9f\u00e9rences : combinez saveurs et ambiances pour vos f\u00eates et autres \u00e9v\u00e9nements dans lesquels nous participons pour des souvenirs m\u00e9morables !<\/p>\n<p>Considerez La Tourn\u00e9e Brassicole MTL pour:<\/p>\n<div class=\"ezcol ezcol-one-half\">\n<ul>\n<li><a href=\"https:\/\/www.citybrewtours.com\/montreal\/fr\/tournees-privees\/sortie-pour-entreprise\/\">Sorties d&#8217;entreprise<\/a><\/li>\n<li><a href=\"https:\/\/www.citybrewtours.com\/montreal\/fr\/tournees-privees\/conventions-conferences-et-activites-corporatives\/\">Congr\u00e8s et conf\u00e9rences<\/a><\/li>\n<li><a href=\"https:\/\/www.citybrewtours.com\/montreal\/fr\/tournees-privees\/occasions-speciales\/\">Fian\u00e7ailles<\/a><\/li>\n<li><a href=\"https:\/\/www.citybrewtours.com\/montreal\/fr\/tournees-privees\/occasions-speciales\/\">\u00c9v\u00e9nements \u00a0de reconnaissance pour vos clients<\/a><\/li>\n<li>Soir\u00e9es <a href=\"https:\/\/www.citybrewtours.com\/montreal\/fr\/tournees-privees\/bachelor-party\/\">Bachelor<\/a> ou <a href=\"https:\/\/www.citybrewtours.com\/montreal\/fr\/tournees-privees\/bachelorette-party\/\">Bachelorette<\/a><\/li>\n<\/ul>\n<\/div>\n<div class=\"ezcol ezcol-one-half ezcol-last\">\n<ul>\n<li><a href=\"https:\/\/www.citybrewtours.com\/montreal\/fr\/tournees-privees\/occasions-speciales\/\">F\u00eates et anniversaires<\/a><\/li>\n<li>Voyages d&#8217;affaire<\/li>\n<li><a href=\"https:\/\/www.citybrewtours.com\/montreal\/fr\/tournees-privees\/conventions-conferences-et-activites-corporatives\/\">Services de location de guide<\/a><\/li>\n<li>Classes d&#8217;h\u00f4tellerie<\/li>\n<li>Renforcement d&#8217;\u00e9quipe<\/li>\n<li><em>&#8230; Et beaucoup plus\u00a0!<\/em><\/li>\n<\/ul>\n<\/div>\n<div class=\"ezcol-divider\"><\/div>\n<p><img decoding=\"async\" class=\"alignnone size-full wp-image-2456 lazyload\" data-src=\"https:\/\/www.citybrewtours.com\/montreal\/wp-content\/uploads\/sites\/10\/2018\/08\/Private_Tour.jpg\" alt=\"Private_Tour\" width=\"1016\" height=\"575\" data-srcset=\"https:\/\/www.citybrewtours.com\/montreal\/wp-content\/uploads\/sites\/10\/2018\/08\/Private_Tour.jpg 1016w, https:\/\/www.citybrewtours.com\/montreal\/wp-content\/uploads\/sites\/10\/2018\/08\/Private_Tour-300x170.jpg 300w, https:\/\/www.citybrewtours.com\/montreal\/wp-content\/uploads\/sites\/10\/2018\/08\/Private_Tour-768x435.jpg 768w, https:\/\/www.citybrewtours.com\/montreal\/wp-content\/uploads\/sites\/10\/2018\/08\/Private_Tour-670x380.jpg 670w, https:\/\/www.citybrewtours.com\/montreal\/wp-content\/uploads\/sites\/10\/2018\/08\/Private_Tour-600x340.jpg 600w, https:\/\/www.citybrewtours.com\/montreal\/wp-content\/uploads\/sites\/10\/2018\/08\/Private_Tour-394x223.jpg 394w\" data-sizes=\"(max-width: 1016px) 100vw, 1016px\" src=\"data:image\/svg+xml;base64,PHN2ZyB3aWR0aD0iMSIgaGVpZ2h0PSIxIiB4bWxucz0iaHR0cDovL3d3dy53My5vcmcvMjAwMC9zdmciPjwvc3ZnPg==\" style=\"--smush-placeholder-width: 1016px; --smush-placeholder-aspect-ratio: 1016\/575;\" \/><\/p>\n<p>Tout \u00e9v\u00e9nement sp\u00e9cial comprend la possibilit\u00e9 d&#8217;avoir une visites exclusives dans les coulisses des meilleures brasseries de la ville de Montr\u00e9al! R\u00e9servez une de nos camionnettes ou un autobus <em>City Brew Tour<\/em> , ou bien participez \u00e0 nos visites afin de d\u00e9guster un d\u00e9licieux repas accompagn\u00e9 d&#8217;une des meilleures bi\u00e8res artisanales locales en accord avec ce dernier.<\/p>\n<p><span class=\"button-wrap\"><a href=\"https:\/\/www.citybrewtours.com\/montreal\/tournees-privees\/inquiry\/?lang=fr\" class=\"button button-light\" target=\"\">C&#8217;est Parti<\/a><\/span><\/p>\n","protected":false},"excerpt":{"rendered":"<p>Brassez votre propre exp\u00e9rience brassicole ! Que serait une une occasion sp\u00e9ciale duement soulign\u00e9e sans \u00eatre partag\u00e9e, un verre \u00e0 la main et entour\u00e9 de vos coll\u00e8gues, famille et amis. Nous croyons que c&#8217;est encore mieux avec une exp\u00e9rience harmonis\u00e9e \u00e0 vos pr\u00e9f\u00e9rences : combinez saveurs et ambiances pour vos f\u00eates et autres \u00e9v\u00e9nements dans [&hellip;]<\/p>\n","protected":false},"author":1,"featured_media":2649,"parent":0,"menu_order":0,"comment_status":"closed","ping_status":"closed","template":"page-tpl-leftmenu.php","meta":[],"acf":[],"yoast_head":"<!-- This site is optimized with the Yoast SEO plugin v19.10 - https:\/\/yoast.com\/wordpress\/plugins\/seo\/ -->\n<title>Tourn\u00e9es priv\u00e9es - Montr\u00e9al Brew Tours - All-Inclusive, Guided Brewery Tours &amp; Events<\/title>\n<meta name=\"description\" content=\"Combinez saveurs et ambiances pour vos f\u00eates et autres \u00e9v\u00e9nements. La meilleure fa\u00e7on d&#039;\u00eatre entour\u00e9 de vos coll\u00e8gues, famille et amis. Nous croyons que c&#039;est encore mieux avec une exp\u00e9rience harmonis\u00e9e \u00e0 vos pr\u00e9f\u00e9rences.\" \/>\n<meta name=\"robots\" content=\"index, follow, max-snippet:-1, max-image-preview:large, max-video-preview:-1\" \/>\n<link rel=\"canonical\" href=\"https:\/\/www.citybrewtours.com\/montreal\/tournees-privees\/\" \/>\n<meta property=\"og:locale\" content=\"en_US\" \/>\n<meta property=\"og:type\" content=\"article\" \/>\n<meta property=\"og:title\" content=\"Tourn\u00e9es priv\u00e9es - Montr\u00e9al Brew Tours - All-Inclusive, Guided Brewery Tours &amp; Events\" \/>\n<meta property=\"og:description\" content=\"Combinez saveurs et ambiances pour vos f\u00eates et autres \u00e9v\u00e9nements. La meilleure fa\u00e7on d&#039;\u00eatre entour\u00e9 de vos coll\u00e8gues, famille et amis. Nous croyons que c&#039;est encore mieux avec une exp\u00e9rience harmonis\u00e9e \u00e0 vos pr\u00e9f\u00e9rences.\" \/>\n<meta property=\"og:url\" content=\"https:\/\/www.citybrewtours.com\/montreal\/fr\/tournees-privees\/\" \/>\n<meta property=\"og:site_name\" content=\"Montr\u00e9al Brew Tours - All-Inclusive, Guided Brewery Tours &amp; Events\" \/>\n<meta property=\"article:publisher\" content=\"https:\/\/www.facebook.com\/citybrewtoursMTL\/\" \/>\n<meta property=\"article:modified_time\" content=\"2023-01-10T17:24:39+00:00\" \/>\n<meta property=\"og:image\" content=\"https:\/\/www.citybrewtours.com\/montreal\/wp-content\/uploads\/sites\/10\/2016\/10\/brewery.jpg\" \/>\n\t<meta property=\"og:image:width\" content=\"2880\" \/>\n\t<meta property=\"og:image:height\" content=\"960\" \/>\n\t<meta property=\"og:image:type\" content=\"image\/jpeg\" \/>\n<meta name=\"twitter:card\" content=\"summary_large_image\" \/>\n<meta name=\"twitter:label1\" content=\"Est. reading time\" \/>\n\t<meta name=\"twitter:data1\" content=\"1 minute\" \/>\n<script type=\"application\/ld+json\" class=\"yoast-schema-graph\">{\"@context\":\"https:\/\/schema.org\",\"@graph\":[{\"@type\":\"WebPage\",\"@id\":\"https:\/\/www.citybrewtours.com\/montreal\/fr\/tournees-privees\/\",\"url\":\"https:\/\/www.citybrewtours.com\/montreal\/fr\/tournees-privees\/\",\"name\":\"Tourn\u00e9es priv\u00e9es - Montr\u00e9al Brew Tours - All-Inclusive, Guided Brewery Tours &amp; Events\",\"isPartOf\":{\"@id\":\"https:\/\/www.citybrewtours.com\/montreal\/#website\"},\"datePublished\":\"2016-10-31T17:40:03+00:00\",\"dateModified\":\"2023-01-10T17:24:39+00:00\",\"description\":\"Combinez saveurs et ambiances pour vos f\u00eates et autres \u00e9v\u00e9nements. La meilleure fa\u00e7on d'\u00eatre entour\u00e9 de vos coll\u00e8gues, famille et amis. Nous croyons que c'est encore mieux avec une exp\u00e9rience harmonis\u00e9e \u00e0 vos pr\u00e9f\u00e9rences.\",\"breadcrumb\":{\"@id\":\"https:\/\/www.citybrewtours.com\/montreal\/fr\/tournees-privees\/#breadcrumb\"},\"inLanguage\":\"en-US\",\"potentialAction\":[{\"@type\":\"ReadAction\",\"target\":[\"https:\/\/www.citybrewtours.com\/montreal\/fr\/tournees-privees\/\"]}]},{\"@type\":\"BreadcrumbList\",\"@id\":\"https:\/\/www.citybrewtours.com\/montreal\/fr\/tournees-privees\/#breadcrumb\",\"itemListElement\":[{\"@type\":\"ListItem\",\"position\":1,\"name\":\"Home\",\"item\":\"https:\/\/www.citybrewtours.com\/montreal\/\"},{\"@type\":\"ListItem\",\"position\":2,\"name\":\"Tourn\u00e9es priv\u00e9es\"}]},{\"@type\":\"WebSite\",\"@id\":\"https:\/\/www.citybrewtours.com\/montreal\/#website\",\"url\":\"https:\/\/www.citybrewtours.com\/montreal\/\",\"name\":\"Montr\u00e9al Brew Tours - All-Inclusive, Guided Brewery Tours &amp; Events\",\"description\":\"Local Brewery Tours in Montreal, QC\",\"publisher\":{\"@id\":\"https:\/\/www.citybrewtours.com\/montreal\/#organization\"},\"potentialAction\":[{\"@type\":\"SearchAction\",\"target\":{\"@type\":\"EntryPoint\",\"urlTemplate\":\"https:\/\/www.citybrewtours.com\/montreal\/?s={search_term_string}\"},\"query-input\":\"required name=search_term_string\"}],\"inLanguage\":\"en-US\"},{\"@type\":\"Organization\",\"@id\":\"https:\/\/www.citybrewtours.com\/montreal\/#organization\",\"name\":\"City Brew Tours Montreal La Tourn\u00e9e Brasicole\",\"url\":\"https:\/\/www.citybrewtours.com\/montreal\/\",\"logo\":{\"@type\":\"ImageObject\",\"inLanguage\":\"en-US\",\"@id\":\"https:\/\/www.citybrewtours.com\/montreal\/#\/schema\/logo\/image\/\",\"url\":\"https:\/\/www.citybrewtours.com\/montreal\/wp-content\/uploads\/sites\/10\/2018\/04\/brown_horizontal_nyc.png\",\"contentUrl\":\"https:\/\/www.citybrewtours.com\/montreal\/wp-content\/uploads\/sites\/10\/2018\/04\/brown_horizontal_nyc.png\",\"width\":246,\"height\":90,\"caption\":\"City Brew Tours Montreal La Tourn\u00e9e Brasicole\"},\"image\":{\"@id\":\"https:\/\/www.citybrewtours.com\/montreal\/#\/schema\/logo\/image\/\"},\"sameAs\":[\"https:\/\/www.instagram.com\/citybrewtoursmtl\/\",\"https:\/\/www.facebook.com\/citybrewtoursMTL\/\"]}]}<\/script>\n<!-- \/ Yoast SEO plugin. -->","yoast_head_json":{"title":"Tourn\u00e9es priv\u00e9es - Montr\u00e9al Brew Tours - All-Inclusive, Guided Brewery Tours &amp; Events","description":"Combinez saveurs et ambiances pour vos f\u00eates et autres \u00e9v\u00e9nements. La meilleure fa\u00e7on d'\u00eatre entour\u00e9 de vos coll\u00e8gues, famille et amis. Nous croyons que c'est encore mieux avec une exp\u00e9rience harmonis\u00e9e \u00e0 vos pr\u00e9f\u00e9rences.","robots":{"index":"index","follow":"follow","max-snippet":"max-snippet:-1","max-image-preview":"max-image-preview:large","max-video-preview":"max-video-preview:-1"},"canonical":"https:\/\/www.citybrewtours.com\/montreal\/tournees-privees\/","og_locale":"en_US","og_type":"article","og_title":"Tourn\u00e9es priv\u00e9es - Montr\u00e9al Brew Tours - All-Inclusive, Guided Brewery Tours &amp; Events","og_description":"Combinez saveurs et ambiances pour vos f\u00eates et autres \u00e9v\u00e9nements. La meilleure fa\u00e7on d'\u00eatre entour\u00e9 de vos coll\u00e8gues, famille et amis. Nous croyons que c'est encore mieux avec une exp\u00e9rience harmonis\u00e9e \u00e0 vos pr\u00e9f\u00e9rences.","og_url":"https:\/\/www.citybrewtours.com\/montreal\/fr\/tournees-privees\/","og_site_name":"Montr\u00e9al Brew Tours - All-Inclusive, Guided Brewery Tours &amp; Events","article_publisher":"https:\/\/www.facebook.com\/citybrewtoursMTL\/","article_modified_time":"2023-01-10T17:24:39+00:00","og_image":[{"width":2880,"height":960,"url":"https:\/\/www.citybrewtours.com\/montreal\/wp-content\/uploads\/sites\/10\/2016\/10\/brewery.jpg","type":"image\/jpeg"}],"twitter_card":"summary_large_image","twitter_misc":{"Est. reading time":"1 minute"},"schema":{"@context":"https:\/\/schema.org","@graph":[{"@type":"WebPage","@id":"https:\/\/www.citybrewtours.com\/montreal\/fr\/tournees-privees\/","url":"https:\/\/www.citybrewtours.com\/montreal\/fr\/tournees-privees\/","name":"Tourn\u00e9es priv\u00e9es - Montr\u00e9al Brew Tours - All-Inclusive, Guided Brewery Tours &amp; Events","isPartOf":{"@id":"https:\/\/www.citybrewtours.com\/montreal\/#website"},"datePublished":"2016-10-31T17:40:03+00:00","dateModified":"2023-01-10T17:24:39+00:00","description":"Combinez saveurs et ambiances pour vos f\u00eates et autres \u00e9v\u00e9nements. La meilleure fa\u00e7on d'\u00eatre entour\u00e9 de vos coll\u00e8gues, famille et amis. Nous croyons que c'est encore mieux avec une exp\u00e9rience harmonis\u00e9e \u00e0 vos pr\u00e9f\u00e9rences.","breadcrumb":{"@id":"https:\/\/www.citybrewtours.com\/montreal\/fr\/tournees-privees\/#breadcrumb"},"inLanguage":"en-US","potentialAction":[{"@type":"ReadAction","target":["https:\/\/www.citybrewtours.com\/montreal\/fr\/tournees-privees\/"]}]},{"@type":"BreadcrumbList","@id":"https:\/\/www.citybrewtours.com\/montreal\/fr\/tournees-privees\/#breadcrumb","itemListElement":[{"@type":"ListItem","position":1,"name":"Home","item":"https:\/\/www.citybrewtours.com\/montreal\/"},{"@type":"ListItem","position":2,"name":"Tourn\u00e9es priv\u00e9es"}]},{"@type":"WebSite","@id":"https:\/\/www.citybrewtours.com\/montreal\/#website","url":"https:\/\/www.citybrewtours.com\/montreal\/","name":"Montr\u00e9al Brew Tours - All-Inclusive, Guided Brewery Tours &amp; Events","description":"Local Brewery Tours in Montreal, QC","publisher":{"@id":"https:\/\/www.citybrewtours.com\/montreal\/#organization"},"potentialAction":[{"@type":"SearchAction","target":{"@type":"EntryPoint","urlTemplate":"https:\/\/www.citybrewtours.com\/montreal\/?s={search_term_string}"},"query-input":"required name=search_term_string"}],"inLanguage":"en-US"},{"@type":"Organization","@id":"https:\/\/www.citybrewtours.com\/montreal\/#organization","name":"City Brew Tours Montreal La Tourn\u00e9e Brasicole","url":"https:\/\/www.citybrewtours.com\/montreal\/","logo":{"@type":"ImageObject","inLanguage":"en-US","@id":"https:\/\/www.citybrewtours.com\/montreal\/#\/schema\/logo\/image\/","url":"https:\/\/www.citybrewtours.com\/montreal\/wp-content\/uploads\/sites\/10\/2018\/04\/brown_horizontal_nyc.png","contentUrl":"https:\/\/www.citybrewtours.com\/montreal\/wp-content\/uploads\/sites\/10\/2018\/04\/brown_horizontal_nyc.png","width":246,"height":90,"caption":"City Brew Tours Montreal La Tourn\u00e9e Brasicole"},"image":{"@id":"https:\/\/www.citybrewtours.com\/montreal\/#\/schema\/logo\/image\/"},"sameAs":["https:\/\/www.instagram.com\/citybrewtoursmtl\/","https:\/\/www.facebook.com\/citybrewtoursMTL\/"]}]}},"_links":{"self":[{"href":"https:\/\/www.citybrewtours.com\/montreal\/wp-json\/wp\/v2\/pages\/2648"}],"collection":[{"href":"https:\/\/www.citybrewtours.com\/montreal\/wp-json\/wp\/v2\/pages"}],"about":[{"href":"https:\/\/www.citybrewtours.com\/montreal\/wp-json\/wp\/v2\/types\/page"}],"author":[{"embeddable":true,"href":"https:\/\/www.citybrewtours.com\/montreal\/wp-json\/wp\/v2\/users\/1"}],"replies":[{"embeddable":true,"href":"https:\/\/www.citybrewtours.com\/montreal\/wp-json\/wp\/v2\/comments?post=2648"}],"version-history":[{"count":0,"href":"https:\/\/www.citybrewtours.com\/montreal\/wp-json\/wp\/v2\/pages\/2648\/revisions"}],"wp:featuredmedia":[{"embeddable":true,"href":"https:\/\/www.citybrewtours.com\/montreal\/wp-json\/wp\/v2\/media\/2649"}],"wp:attachment":[{"href":"https:\/\/www.citybrewtours.com\/montreal\/wp-json\/wp\/v2\/media?parent=2648"}],"curies":[{"name":"wp","href":"https:\/\/api.w.org\/{rel}","templated":true}]}}