{"id":2651,"date":"2016-10-31T17:40:03","date_gmt":"2016-10-31T17:40:03","guid":{"rendered":"https:\/\/www.citybrewtours.com\/montreal\/private-tours\/bachelor-party\/"},"modified":"2023-03-31T00:42:01","modified_gmt":"2023-03-31T00:42:01","slug":"bachelor-party","status":"publish","type":"page","link":"https:\/\/www.citybrewtours.com\/montreal\/fr\/tournees-privees\/bachelor-party\/","title":{"rendered":"Enterrement de vie de gar\u00e7on"},"content":{"rendered":"<h2>Faites-en un inoubliable !<\/h2>\n<p>On ce doute bien que vous voulez offrir \u00e0 votre meilleur ami LE plus m\u00e9morable des enterrements de vie de gar\u00e7on possible. Nous savons aussi \u00e0 quel point cela peut \u00eatre difficile \u00e0 organiser !\u00a0D\u00e9l\u00e9guez-nous cette fastidieuse t\u00e2che, et faites la f\u00eate avec vos amis le temps d\u2019un tour avec La Tourn\u00e9e Brassicole ! \u00a0Nul besoin de vous dire que nous compilons les meilleures soir\u00e9es \u00ab <em>bachelor party \u00bb<\/em>. Depuis 2008, On se lie de complicit\u00e9 avec vous pour vous promettre un \u00e9v\u00e9nement dont vous et vos amis reparlerez dans 20 ans&#8230; Ou peut-\u00eatre m\u00eame 30 ! \u00a0 Et vous croyiez devoir vous sacrifier \u00e0 la t\u00e2che du chauffeur d\u00e9sign\u00e9 ? Inutile d\u2019en faire autant, puisque NOUS conduisons pendant que vous vous la coulez douce entre nos visites des meilleures brasseries artisanales en ville.<\/p>\n<div class=\"ezcol ezcol-one-third\">\n<p><img decoding=\"async\" class=\"alignnone size-full wp-image-648 lazyload\" data-src=\"https:\/\/www.citybrewtours.com\/montreal\/wp-content\/uploads\/sites\/10\/2016\/10\/light-beer.jpg\" alt=\"light-beer\" width=\"900\" height=\"900\" data-srcset=\"https:\/\/www.citybrewtours.com\/montreal\/wp-content\/uploads\/sites\/10\/2016\/10\/light-beer.jpg 900w, https:\/\/www.citybrewtours.com\/montreal\/wp-content\/uploads\/sites\/10\/2016\/10\/light-beer-150x150.jpg 150w, https:\/\/www.citybrewtours.com\/montreal\/wp-content\/uploads\/sites\/10\/2016\/10\/light-beer-300x300.jpg 300w, https:\/\/www.citybrewtours.com\/montreal\/wp-content\/uploads\/sites\/10\/2016\/10\/light-beer-768x768.jpg 768w\" data-sizes=\"(max-width: 900px) 100vw, 900px\" src=\"data:image\/svg+xml;base64,PHN2ZyB3aWR0aD0iMSIgaGVpZ2h0PSIxIiB4bWxucz0iaHR0cDovL3d3dy53My5vcmcvMjAwMC9zdmciPjwvc3ZnPg==\" style=\"--smush-placeholder-width: 900px; --smush-placeholder-aspect-ratio: 900\/900;\" \/><\/p>\n<\/div>\n<div class=\"ezcol ezcol-one-third\">\n<p><img decoding=\"async\" class=\"alignnone size-full wp-image-2459 lazyload\" data-src=\"https:\/\/www.citybrewtours.com\/montreal\/wp-content\/uploads\/sites\/10\/2018\/08\/Bachelor_party.jpg\" alt=\"Bachelor_party\" width=\"476\" height=\"476\" data-srcset=\"https:\/\/www.citybrewtours.com\/montreal\/wp-content\/uploads\/sites\/10\/2018\/08\/Bachelor_party.jpg 476w, https:\/\/www.citybrewtours.com\/montreal\/wp-content\/uploads\/sites\/10\/2018\/08\/Bachelor_party-150x150-1.jpg 150w, https:\/\/www.citybrewtours.com\/montreal\/wp-content\/uploads\/sites\/10\/2018\/08\/Bachelor_party-300x300-1.jpg 300w, https:\/\/www.citybrewtours.com\/montreal\/wp-content\/uploads\/sites\/10\/2018\/08\/Bachelor_party-223x223-1.jpg 223w\" data-sizes=\"(max-width: 476px) 100vw, 476px\" src=\"data:image\/svg+xml;base64,PHN2ZyB3aWR0aD0iMSIgaGVpZ2h0PSIxIiB4bWxucz0iaHR0cDovL3d3dy53My5vcmcvMjAwMC9zdmciPjwvc3ZnPg==\" style=\"--smush-placeholder-width: 476px; --smush-placeholder-aspect-ratio: 476\/476;\" \/><\/p>\n<\/div>\n<div class=\"ezcol ezcol-one-third ezcol-last\">\n<p><img decoding=\"async\" class=\"alignnone size-full wp-image-649 lazyload\" data-src=\"https:\/\/www.citybrewtours.com\/montreal\/wp-content\/uploads\/sites\/10\/2016\/10\/short-path-2.jpg\" alt=\"short-path-2\" width=\"900\" height=\"900\" data-srcset=\"https:\/\/www.citybrewtours.com\/montreal\/wp-content\/uploads\/sites\/10\/2016\/10\/short-path-2.jpg 900w, https:\/\/www.citybrewtours.com\/montreal\/wp-content\/uploads\/sites\/10\/2016\/10\/short-path-2-150x150.jpg 150w, https:\/\/www.citybrewtours.com\/montreal\/wp-content\/uploads\/sites\/10\/2016\/10\/short-path-2-300x300.jpg 300w, https:\/\/www.citybrewtours.com\/montreal\/wp-content\/uploads\/sites\/10\/2016\/10\/short-path-2-768x768.jpg 768w\" data-sizes=\"(max-width: 900px) 100vw, 900px\" src=\"data:image\/svg+xml;base64,PHN2ZyB3aWR0aD0iMSIgaGVpZ2h0PSIxIiB4bWxucz0iaHR0cDovL3d3dy53My5vcmcvMjAwMC9zdmciPjwvc3ZnPg==\" style=\"--smush-placeholder-width: 900px; --smush-placeholder-aspect-ratio: 900\/900;\" \/><\/p>\n<\/div>\n<div class=\"ezcol-divider\"><\/div>\n<h3>QU\u2019EST-CE QUI EST INCLUS DANS UN ENTERREMENT DE VIE DE GAR\u00c7ON<\/h3>\n<p>Chaque visite vous arr\u00eate \u00e0 trois ou quatre brasseries diff\u00e9rentes, sans compter le repas ou une collation agenc\u00e9 au bi\u00e8res servi. Venez d\u00e9guster plus de 10 \u00e0 14 bi\u00e8res distinctes des meilleures brasseries artisanales de Montr\u00e9al sur une p\u00e9riode d\u2019environ 4 heures. Des visites exclusives dans les coulisses de ces derni\u00e8res vous attendent, question de vous informer davantage sur les singularit\u00e9s de nos bi\u00e8res qu\u00e9b\u00e9coises.<\/p>\n<p><strong>PRIX DE GROUPE PRIV\u00c9 | 3 ARR\u00caTS incluant UN SNACK<\/strong><\/p>\n<ul>\n<li>Jusqu\u2019\u00e0 10 invit\u00e9s $1127 +tx + pourboires\u00a0 (94$ additionnel tous inclus pour chaque invit\u00e9 de plus)<\/li>\n<li>Les groupes de 15-21 avec un minibus spacieux + 395\u00a0$<\/li>\n<li>Les groupes de 21 et + d&#8217;autre type de transport s&#8217;offrent \u00e0 vous; Coach bus de luxe + 1,095$ (selon la saison) ou Bus scolaire + 695$<\/li>\n<li>Les groupes\u00a021+ doivent <a href=\"https:\/\/www.citybrewtours.com\/montreal\/fr\/tournees-privees\/inquiry\/\">nous contacter<\/a> pour une proposition personnalis\u00e9e<\/li>\n<\/ul>\n<p>*Les visites priv\u00e9es incluent tous les frais de service et pourboires<\/p>\n<h5><\/h5>\n<h5><strong>INCLUS DANS LE PRIX DE BASE<\/strong><\/h5>\n<p>10 bi\u00e8res accompagn\u00e9es d\u2019une savoureuse assiette \u00e0 partager dans l\u2019une de nos superbes brasseries de Montr\u00e9al. Choisissez l\u2019heure et lieu de ramassage n&#8217;importe ou \u00e0 Montr\u00e9al, vous aurez un de nos planificateurs d&#8217;\u00e9v\u00e9nement d\u00e9di\u00e9 qui fera de votre \u00e9v\u00e9nement une exp\u00e9rience incomparable et votre tour sera ferm\u00e9 au publique !<\/p>\n<p>De plus, votre visite est personnalisable&#8230; Il est toujours possible de modifier votre exp\u00e9rience en discutant avec notre \u00e9quipe !<\/p>\n<h5><\/h5>\n<h5>OPTIONS PREMIUM<\/h5>\n<p>1 heure suppl\u00e9mentaire avec un brasseur o\u00f9 vous pourrez poser toutes vos questions, pinte suppl\u00e9mentaire, formule \u00abopen-bar\u00bb ou m\u00eame \u00eatre accompagn\u00e9 par un photographe\/cameraman pour immortaliser le moment.<\/p>\n<p>Nous offrons \u00e9galement des options pour le transport en limousine, en autocar ou en autobus scolaire.<\/p>\n<p><span class=\"button-wrap\"><a href=\"https:\/\/www.citybrewtours.com\/montreal\/tournees-privees\/inquiry\/?lang=fr\" class=\"button button-light\" target=\"\">Allez-y<\/a><\/span><\/p>\n","protected":false},"excerpt":{"rendered":"<p>Faites-en un inoubliable ! On ce doute bien que vous voulez offrir \u00e0 votre meilleur ami LE plus m\u00e9morable des enterrements de vie de gar\u00e7on possible. Nous savons aussi \u00e0 quel point cela peut \u00eatre difficile \u00e0 organiser !\u00a0D\u00e9l\u00e9guez-nous cette fastidieuse t\u00e2che, et faites la f\u00eate avec vos amis le temps d\u2019un tour avec La [&hellip;]<\/p>\n","protected":false},"author":1,"featured_media":2652,"parent":2648,"menu_order":0,"comment_status":"closed","ping_status":"closed","template":"page-tpl-leftmenu.php","meta":[],"acf":[],"yoast_head":"<!-- This site is optimized with the Yoast SEO plugin v19.10 - https:\/\/yoast.com\/wordpress\/plugins\/seo\/ -->\n<title>Enterrement de vie de gar\u00e7on - Reserve The #1 Event<\/title>\n<meta name=\"description\" content=\"Assoyez-vous et relaxez pendant que nous planifions pour vous, le parfait enterrement de vie de gar\u00e7on \u00e0 Montr\u00e9al. R\u00e9servez votre Tourn\u00e9e Brassicole adaptez \u00e0 vos besoins d\u00e8s maintenant!\" \/>\n<meta name=\"robots\" content=\"index, follow, max-snippet:-1, max-image-preview:large, max-video-preview:-1\" \/>\n<link rel=\"canonical\" href=\"https:\/\/www.citybrewtours.com\/montreal\/tournees-privees\/bachelor-party\/\" \/>\n<meta property=\"og:locale\" content=\"en_US\" \/>\n<meta property=\"og:type\" content=\"article\" \/>\n<meta property=\"og:title\" content=\"Enterrement de vie de gar\u00e7on - Reserve The #1 Event\" \/>\n<meta property=\"og:description\" content=\"Assoyez-vous et relaxez pendant que nous planifions pour vous, le parfait enterrement de vie de gar\u00e7on \u00e0 Montr\u00e9al. R\u00e9servez votre Tourn\u00e9e Brassicole adaptez \u00e0 vos besoins d\u00e8s maintenant!\" \/>\n<meta property=\"og:url\" content=\"https:\/\/www.citybrewtours.com\/montreal\/fr\/tournees-privees\/bachelor-party\/\" \/>\n<meta property=\"og:site_name\" content=\"Montr\u00e9al Brew Tours - All-Inclusive, Guided Brewery Tours &amp; Events\" \/>\n<meta property=\"article:publisher\" content=\"https:\/\/www.facebook.com\/citybrewtoursMTL\/\" \/>\n<meta property=\"article:modified_time\" content=\"2023-03-31T00:42:01+00:00\" \/>\n<meta property=\"og:image\" content=\"https:\/\/www.citybrewtours.com\/montreal\/wp-content\/uploads\/sites\/10\/2016\/10\/taps.jpg\" \/>\n\t<meta property=\"og:image:width\" content=\"2880\" \/>\n\t<meta property=\"og:image:height\" content=\"960\" \/>\n\t<meta property=\"og:image:type\" content=\"image\/jpeg\" \/>\n<meta name=\"twitter:card\" content=\"summary_large_image\" \/>\n<meta name=\"twitter:label1\" content=\"Est. reading time\" \/>\n\t<meta name=\"twitter:data1\" content=\"3 minutes\" \/>\n<script type=\"application\/ld+json\" class=\"yoast-schema-graph\">{\"@context\":\"https:\/\/schema.org\",\"@graph\":[{\"@type\":\"WebPage\",\"@id\":\"https:\/\/www.citybrewtours.com\/montreal\/fr\/tournees-privees\/bachelor-party\/\",\"url\":\"https:\/\/www.citybrewtours.com\/montreal\/fr\/tournees-privees\/bachelor-party\/\",\"name\":\"Enterrement de vie de gar\u00e7on - Reserve The #1 Event\",\"isPartOf\":{\"@id\":\"https:\/\/www.citybrewtours.com\/montreal\/#website\"},\"datePublished\":\"2016-10-31T17:40:03+00:00\",\"dateModified\":\"2023-03-31T00:42:01+00:00\",\"description\":\"Assoyez-vous et relaxez pendant que nous planifions pour vous, le parfait enterrement de vie de gar\u00e7on \u00e0 Montr\u00e9al. R\u00e9servez votre Tourn\u00e9e Brassicole adaptez \u00e0 vos besoins d\u00e8s maintenant!\",\"breadcrumb\":{\"@id\":\"https:\/\/www.citybrewtours.com\/montreal\/fr\/tournees-privees\/bachelor-party\/#breadcrumb\"},\"inLanguage\":\"en-US\",\"potentialAction\":[{\"@type\":\"ReadAction\",\"target\":[\"https:\/\/www.citybrewtours.com\/montreal\/fr\/tournees-privees\/bachelor-party\/\"]}]},{\"@type\":\"BreadcrumbList\",\"@id\":\"https:\/\/www.citybrewtours.com\/montreal\/fr\/tournees-privees\/bachelor-party\/#breadcrumb\",\"itemListElement\":[{\"@type\":\"ListItem\",\"position\":1,\"name\":\"Home\",\"item\":\"https:\/\/www.citybrewtours.com\/montreal\/\"},{\"@type\":\"ListItem\",\"position\":2,\"name\":\"Tourn\u00e9es priv\u00e9es\",\"item\":\"https:\/\/www.citybrewtours.com\/montreal\/fr\/tournees-privees\/\"},{\"@type\":\"ListItem\",\"position\":3,\"name\":\"Enterrement de vie de gar\u00e7on\"}]},{\"@type\":\"WebSite\",\"@id\":\"https:\/\/www.citybrewtours.com\/montreal\/#website\",\"url\":\"https:\/\/www.citybrewtours.com\/montreal\/\",\"name\":\"Montr\u00e9al Brew Tours - All-Inclusive, Guided Brewery Tours &amp; Events\",\"description\":\"Local Brewery Tours in Montreal, QC\",\"publisher\":{\"@id\":\"https:\/\/www.citybrewtours.com\/montreal\/#organization\"},\"potentialAction\":[{\"@type\":\"SearchAction\",\"target\":{\"@type\":\"EntryPoint\",\"urlTemplate\":\"https:\/\/www.citybrewtours.com\/montreal\/?s={search_term_string}\"},\"query-input\":\"required name=search_term_string\"}],\"inLanguage\":\"en-US\"},{\"@type\":\"Organization\",\"@id\":\"https:\/\/www.citybrewtours.com\/montreal\/#organization\",\"name\":\"City Brew Tours Montreal La Tourn\u00e9e Brasicole\",\"url\":\"https:\/\/www.citybrewtours.com\/montreal\/\",\"logo\":{\"@type\":\"ImageObject\",\"inLanguage\":\"en-US\",\"@id\":\"https:\/\/www.citybrewtours.com\/montreal\/#\/schema\/logo\/image\/\",\"url\":\"https:\/\/www.citybrewtours.com\/montreal\/wp-content\/uploads\/sites\/10\/2018\/04\/brown_horizontal_nyc.png\",\"contentUrl\":\"https:\/\/www.citybrewtours.com\/montreal\/wp-content\/uploads\/sites\/10\/2018\/04\/brown_horizontal_nyc.png\",\"width\":246,\"height\":90,\"caption\":\"City Brew Tours Montreal La Tourn\u00e9e Brasicole\"},\"image\":{\"@id\":\"https:\/\/www.citybrewtours.com\/montreal\/#\/schema\/logo\/image\/\"},\"sameAs\":[\"https:\/\/www.instagram.com\/citybrewtoursmtl\/\",\"https:\/\/www.facebook.com\/citybrewtoursMTL\/\"]}]}<\/script>\n<!-- \/ Yoast SEO plugin. -->","yoast_head_json":{"title":"Enterrement de vie de gar\u00e7on - Reserve The #1 Event","description":"Assoyez-vous et relaxez pendant que nous planifions pour vous, le parfait enterrement de vie de gar\u00e7on \u00e0 Montr\u00e9al. R\u00e9servez votre Tourn\u00e9e Brassicole adaptez \u00e0 vos besoins d\u00e8s maintenant!","robots":{"index":"index","follow":"follow","max-snippet":"max-snippet:-1","max-image-preview":"max-image-preview:large","max-video-preview":"max-video-preview:-1"},"canonical":"https:\/\/www.citybrewtours.com\/montreal\/tournees-privees\/bachelor-party\/","og_locale":"en_US","og_type":"article","og_title":"Enterrement de vie de gar\u00e7on - Reserve The #1 Event","og_description":"Assoyez-vous et relaxez pendant que nous planifions pour vous, le parfait enterrement de vie de gar\u00e7on \u00e0 Montr\u00e9al. R\u00e9servez votre Tourn\u00e9e Brassicole adaptez \u00e0 vos besoins d\u00e8s maintenant!","og_url":"https:\/\/www.citybrewtours.com\/montreal\/fr\/tournees-privees\/bachelor-party\/","og_site_name":"Montr\u00e9al Brew Tours - All-Inclusive, Guided Brewery Tours &amp; Events","article_publisher":"https:\/\/www.facebook.com\/citybrewtoursMTL\/","article_modified_time":"2023-03-31T00:42:01+00:00","og_image":[{"width":2880,"height":960,"url":"https:\/\/www.citybrewtours.com\/montreal\/wp-content\/uploads\/sites\/10\/2016\/10\/taps.jpg","type":"image\/jpeg"}],"twitter_card":"summary_large_image","twitter_misc":{"Est. reading time":"3 minutes"},"schema":{"@context":"https:\/\/schema.org","@graph":[{"@type":"WebPage","@id":"https:\/\/www.citybrewtours.com\/montreal\/fr\/tournees-privees\/bachelor-party\/","url":"https:\/\/www.citybrewtours.com\/montreal\/fr\/tournees-privees\/bachelor-party\/","name":"Enterrement de vie de gar\u00e7on - Reserve The #1 Event","isPartOf":{"@id":"https:\/\/www.citybrewtours.com\/montreal\/#website"},"datePublished":"2016-10-31T17:40:03+00:00","dateModified":"2023-03-31T00:42:01+00:00","description":"Assoyez-vous et relaxez pendant que nous planifions pour vous, le parfait enterrement de vie de gar\u00e7on \u00e0 Montr\u00e9al. R\u00e9servez votre Tourn\u00e9e Brassicole adaptez \u00e0 vos besoins d\u00e8s maintenant!","breadcrumb":{"@id":"https:\/\/www.citybrewtours.com\/montreal\/fr\/tournees-privees\/bachelor-party\/#breadcrumb"},"inLanguage":"en-US","potentialAction":[{"@type":"ReadAction","target":["https:\/\/www.citybrewtours.com\/montreal\/fr\/tournees-privees\/bachelor-party\/"]}]},{"@type":"BreadcrumbList","@id":"https:\/\/www.citybrewtours.com\/montreal\/fr\/tournees-privees\/bachelor-party\/#breadcrumb","itemListElement":[{"@type":"ListItem","position":1,"name":"Home","item":"https:\/\/www.citybrewtours.com\/montreal\/"},{"@type":"ListItem","position":2,"name":"Tourn\u00e9es priv\u00e9es","item":"https:\/\/www.citybrewtours.com\/montreal\/fr\/tournees-privees\/"},{"@type":"ListItem","position":3,"name":"Enterrement de vie de gar\u00e7on"}]},{"@type":"WebSite","@id":"https:\/\/www.citybrewtours.com\/montreal\/#website","url":"https:\/\/www.citybrewtours.com\/montreal\/","name":"Montr\u00e9al Brew Tours - All-Inclusive, Guided Brewery Tours &amp; Events","description":"Local Brewery Tours in Montreal, QC","publisher":{"@id":"https:\/\/www.citybrewtours.com\/montreal\/#organization"},"potentialAction":[{"@type":"SearchAction","target":{"@type":"EntryPoint","urlTemplate":"https:\/\/www.citybrewtours.com\/montreal\/?s={search_term_string}"},"query-input":"required name=search_term_string"}],"inLanguage":"en-US"},{"@type":"Organization","@id":"https:\/\/www.citybrewtours.com\/montreal\/#organization","name":"City Brew Tours Montreal La Tourn\u00e9e Brasicole","url":"https:\/\/www.citybrewtours.com\/montreal\/","logo":{"@type":"ImageObject","inLanguage":"en-US","@id":"https:\/\/www.citybrewtours.com\/montreal\/#\/schema\/logo\/image\/","url":"https:\/\/www.citybrewtours.com\/montreal\/wp-content\/uploads\/sites\/10\/2018\/04\/brown_horizontal_nyc.png","contentUrl":"https:\/\/www.citybrewtours.com\/montreal\/wp-content\/uploads\/sites\/10\/2018\/04\/brown_horizontal_nyc.png","width":246,"height":90,"caption":"City Brew Tours Montreal La Tourn\u00e9e Brasicole"},"image":{"@id":"https:\/\/www.citybrewtours.com\/montreal\/#\/schema\/logo\/image\/"},"sameAs":["https:\/\/www.instagram.com\/citybrewtoursmtl\/","https:\/\/www.facebook.com\/citybrewtoursMTL\/"]}]}},"_links":{"self":[{"href":"https:\/\/www.citybrewtours.com\/montreal\/wp-json\/wp\/v2\/pages\/2651"}],"collection":[{"href":"https:\/\/www.citybrewtours.com\/montreal\/wp-json\/wp\/v2\/pages"}],"about":[{"href":"https:\/\/www.citybrewtours.com\/montreal\/wp-json\/wp\/v2\/types\/page"}],"author":[{"embeddable":true,"href":"https:\/\/www.citybrewtours.com\/montreal\/wp-json\/wp\/v2\/users\/1"}],"replies":[{"embeddable":true,"href":"https:\/\/www.citybrewtours.com\/montreal\/wp-json\/wp\/v2\/comments?post=2651"}],"version-history":[{"count":0,"href":"https:\/\/www.citybrewtours.com\/montreal\/wp-json\/wp\/v2\/pages\/2651\/revisions"}],"up":[{"embeddable":true,"href":"https:\/\/www.citybrewtours.com\/montreal\/wp-json\/wp\/v2\/pages\/2648"}],"wp:featuredmedia":[{"embeddable":true,"href":"https:\/\/www.citybrewtours.com\/montreal\/wp-json\/wp\/v2\/media\/2652"}],"wp:attachment":[{"href":"https:\/\/www.citybrewtours.com\/montreal\/wp-json\/wp\/v2\/media?parent=2651"}],"curies":[{"name":"wp","href":"https:\/\/api.w.org\/{rel}","templated":true}]}}