{"id":2654,"date":"2016-10-31T17:40:03","date_gmt":"2016-10-31T17:40:03","guid":{"rendered":"https:\/\/www.citybrewtours.com\/montreal\/private-tours\/bachelorette-party\/"},"modified":"2024-04-08T18:47:39","modified_gmt":"2024-04-08T18:47:39","slug":"bachelorette-party","status":"publish","type":"page","link":"https:\/\/www.citybrewtours.com\/montreal\/fr\/tournees-privees\/bachelorette-party\/","title":{"rendered":"Enterrement de vie de fille"},"content":{"rendered":"<h2>Un enterrement de vie de fille \u00e0 MTL<\/h2>\n<h3>dont vous vous souviendrez longtemps\u2009!<\/h3>\n<p>Trop bond\u00e9s et trop bruyants, les clubs pour ce genre d\u2019\u00e9v\u00e9nement, non? Optez plut\u00f4t pour des visites priv\u00e9es dans des brasseries d\u2019ici, promettant une ambiance festive que vous ne retrouverez pas ailleurs.\u00a0Go\u00fbtez jusqu\u2019\u00e0 16 produits diff\u00e9rents, accompagn\u00e9 par vos amies, dans des atmosph\u00e8res qui vous permettront toutes les folies possibles et attendues d\u2019un <em>bachelorette party. <\/em><em>\u00a0<\/em>Et pourquoi se casser la t\u00eate avec le transport ! Nous nous occupons de l\u2019all\u00e9e et du retour, sans compter un arr\u00eat pour manger dans un broue-pub o\u00f9 vous aurez la chance d\u2019accorder votre bi\u00e8re avec votre plat (tout inclus).<\/p>\n<p><img decoding=\"async\" class=\"alignnone size-full wp-image-681 lazyload\" data-src=\"https:\/\/www.citybrewtours.com\/montreal\/wp-content\/uploads\/sites\/10\/2016\/10\/women-toasting-1.jpg\" alt=\"women-toasting\" width=\"1696\" height=\"954\" data-srcset=\"https:\/\/www.citybrewtours.com\/montreal\/wp-content\/uploads\/sites\/10\/2016\/10\/women-toasting-1.jpg 1696w, https:\/\/www.citybrewtours.com\/montreal\/wp-content\/uploads\/sites\/10\/2016\/10\/women-toasting-1-300x169.jpg 300w, https:\/\/www.citybrewtours.com\/montreal\/wp-content\/uploads\/sites\/10\/2016\/10\/women-toasting-1-768x432.jpg 768w, https:\/\/www.citybrewtours.com\/montreal\/wp-content\/uploads\/sites\/10\/2016\/10\/women-toasting-1-1024x576.jpg 1024w\" data-sizes=\"(max-width: 1696px) 100vw, 1696px\" src=\"data:image\/svg+xml;base64,PHN2ZyB3aWR0aD0iMSIgaGVpZ2h0PSIxIiB4bWxucz0iaHR0cDovL3d3dy53My5vcmcvMjAwMC9zdmciPjwvc3ZnPg==\" style=\"--smush-placeholder-width: 1696px; --smush-placeholder-aspect-ratio: 1696\/954;\" \/><\/p>\n<h3>Tout ce que vous devez savoir<\/h3>\n<p><strong>\u00a0<\/strong>Depuis plus de 10 ans, nous aidons les demoiselles d\u2019honneur \u00e0 planifier toutes sortes d\u2019enterrements de vie de fille. Ce que l\u2019on a pu remarquer, c\u2019est qu\u2019avec nos tours, toutes peuvent s\u2019amuser\u00a0: m\u00eame vous, ch\u00e8res demoiselles d\u2019honneur\u2009!\u00a0Oubliez vos plans plut\u00f4t compliqu\u00e9s et embarquez dans une aventure qui marquera vos m\u00e9moires. Et puisque NOUS conduisons, vous n\u2019aurez pas besoin de d\u00e9signer de chauffeuse pour le retour\u2009!\u00a0Ce qui attend votre bachelorette party, c\u2019est\u00a0: un tour de 5 heures en minibus (comprenant de 13 \u00e0 16 d\u00e9gustations), entrepris par les meilleurs guides en ville dans 3 \u00e0 4 des meilleures brasseries de Montr\u00e9al. Sans compter que vous ferez un arr\u00eat dans un resto o\u00f9 vous pourrez ais\u00e9ment accorder vos plats avec une bi\u00e8re d\u2019ici.<\/p>\n<h3>Faire rimer Montr\u00e9al avec <em>Bachelorette<\/em> <em>party<\/em><\/h3>\n<p><strong>\u00a0<\/strong>Vous avez choisi une des plus belles villes pour votre \u00e9v\u00e9nement\u00a0: laissez-vous vous faire d\u00e9couvrir ses confins et son histoire gr\u00e2ce \u00e0 notre proximit\u00e9 avec nos partenaires brassicoles\u2009! Ni plus ni moins, vous serez invit\u00e9es \u00e0 visiter de mani\u00e8re exclusive et priv\u00e9e les coulisses des meilleures brasseries de Montr\u00e9al. \u00a0Contactez-nous d\u00e8s aujourd\u2019hui pour personnaliser le meilleur <em>bachelorette party<\/em> pour vos \u00ab\u2009besties\u2009\u00bb\u2009! Peu importe combien vous serez, nos formules s\u2019ajustent \u00e0 vos attentes et \u00e0 vos id\u00e9es les plus folles.\u00a0Vos d\u00e9corations, et accessoires sont les bienvenus\u00a0: nous nous occuperons du reste pour une soir\u00e9e qui attirera les regards, les coups de klaxons et autres extravagances que seul cet \u00e9v\u00e9nement peut comporter\u2009!<\/p>\n<h4>PRIX POUR GROUPES PRIV\u00c9S | 3 ARR\u00caTS &amp; REPAS<\/h4>\n<ul>\n<li>Jusqu&#8217;\u00e0 10 invit\u00e9es: $1,275 + taxes et pourboires(+$110 par personnes aditionnelles)<\/li>\n<li>Groupes 15-24 ajout\u00e9 un bus +$350 ou bus \u00e9colier +$645<\/li>\n<li>Groupes 25+ contactez-nous\u00a0pour une proposition personnalis\u00e9e.<\/li>\n<\/ul>\n<p>*Les Tourn\u00e9es priv\u00e9es incluent tout les frais et pourboires.<\/p>\n<p>&nbsp;<\/p>\n<h5><img decoding=\"async\" class=\"wp-image-674 alignright lazyload\" data-src=\"https:\/\/www.citybrewtours.com\/montreal\/wp-content\/uploads\/sites\/10\/2016\/10\/brew-girls.jpg\" alt=\"brew-girls\" width=\"424\" height=\"318\" data-srcset=\"https:\/\/www.citybrewtours.com\/montreal\/wp-content\/uploads\/sites\/10\/2016\/10\/brew-girls.jpg 900w, https:\/\/www.citybrewtours.com\/montreal\/wp-content\/uploads\/sites\/10\/2016\/10\/brew-girls-300x225.jpg 300w, https:\/\/www.citybrewtours.com\/montreal\/wp-content\/uploads\/sites\/10\/2016\/10\/brew-girls-768x576.jpg 768w\" data-sizes=\"(max-width: 424px) 100vw, 424px\" src=\"data:image\/svg+xml;base64,PHN2ZyB3aWR0aD0iMSIgaGVpZ2h0PSIxIiB4bWxucz0iaHR0cDovL3d3dy53My5vcmcvMjAwMC9zdmciPjwvc3ZnPg==\" style=\"--smush-placeholder-width: 424px; --smush-placeholder-aspect-ratio: 424\/318;\" \/>LE PRIX DE BASE INCLUS<\/h5>\n<p>12-16 bi\u00e8res, un repas centr\u00e9 sur la bi\u00e8re dans un de nos broue-pub partenaire, choisissez l&#8217;heure et le lieu de ramassage n&#8217;importe o\u00f9 sur l&#8217;ile, un planificateur d\u00e9di\u00e9 pour rendre votre exp\u00e9rience optimale, choisissez-vous m\u00eame parmi nos brasseries partenaire, de plus votre tourn\u00e9e est enti\u00e8rement priv\u00e9e.<\/p>\n<p>&nbsp;<\/p>\n<p><a href=\"https:\/\/www.citybrewtours.com\/montreal\/fr\/tournees-privees\/inquiry\/\">Renseignez-vous<\/a> si vous \u00eates int\u00e9ress\u00e9 par une option plus courte ou excluant le repas.<\/p>\n<h5>OPTIONS PREMIUM<\/h5>\n<p>1 heure suppl\u00e9mentaire avec les brasseurs, des verres extras,\u00a0 le photographe, le vid\u00e9aste ou le transport en limousine\/autocar\/autobus scolaire<\/p>\n<h3><\/h3>\n<p><span class=\"button-wrap\"><a href=\"https:\/\/www.citybrewtours.com\/montreal\/tournees-privees\/inquiry\/?lang=fr\" class=\"button button-light\" target=\"\">Allez-y<\/a><\/span><\/p>\n","protected":false},"excerpt":{"rendered":"<p>Un enterrement de vie de fille \u00e0 MTL dont vous vous souviendrez longtemps\u2009! Trop bond\u00e9s et trop bruyants, les clubs pour ce genre d\u2019\u00e9v\u00e9nement, non? Optez plut\u00f4t pour des visites priv\u00e9es dans des brasseries d\u2019ici, promettant une ambiance festive que vous ne retrouverez pas ailleurs.\u00a0Go\u00fbtez jusqu\u2019\u00e0 16 produits diff\u00e9rents, accompagn\u00e9 par vos amies, dans des [&hellip;]<\/p>\n","protected":false},"author":1,"featured_media":2656,"parent":2648,"menu_order":0,"comment_status":"closed","ping_status":"closed","template":"page-tpl-leftmenu.php","meta":[],"acf":[],"yoast_head":"<!-- This site is optimized with the Yoast SEO plugin v19.10 - https:\/\/yoast.com\/wordpress\/plugins\/seo\/ -->\n<title>Bachelorette Party in Montreal: Brew Tour - City Brew Tours<\/title>\n<meta name=\"description\" content=\"Contactez-nous d\u00e8s aujourd\u2019hui pour personnaliser le meilleur bachelorette party pour vos \u00ab\u2009besties\u2009\u00bb\u2009! Peu importe combien vous serez, nos formules s\u2019ajustent \u00e0 vos attentes et \u00e0 vos id\u00e9es les plus folles. Assoyez-vous et relaxez pendant que nous planifions pour vous, le parfait enterrement de vie de fille \u00e0 Montr\u00e9al\" \/>\n<meta name=\"robots\" content=\"index, follow, max-snippet:-1, max-image-preview:large, max-video-preview:-1\" \/>\n<link rel=\"canonical\" href=\"https:\/\/www.citybrewtours.com\/montreal\/tournees-privees\/bachelorette-party\/\" \/>\n<meta property=\"og:locale\" content=\"en_US\" \/>\n<meta property=\"og:type\" content=\"article\" \/>\n<meta property=\"og:title\" content=\"Bachelorette Party in Montreal: Brew Tour - City Brew Tours\" \/>\n<meta property=\"og:description\" content=\"Contactez-nous d\u00e8s aujourd\u2019hui pour personnaliser le meilleur bachelorette party pour vos \u00ab\u2009besties\u2009\u00bb\u2009! Peu importe combien vous serez, nos formules s\u2019ajustent \u00e0 vos attentes et \u00e0 vos id\u00e9es les plus folles. Assoyez-vous et relaxez pendant que nous planifions pour vous, le parfait enterrement de vie de fille \u00e0 Montr\u00e9al\" \/>\n<meta property=\"og:url\" content=\"https:\/\/www.citybrewtours.com\/montreal\/fr\/tournees-privees\/bachelorette-party\/\" \/>\n<meta property=\"og:site_name\" content=\"Montr\u00e9al Brew Tours - All-Inclusive, Guided Brewery Tours &amp; Events\" \/>\n<meta property=\"article:publisher\" content=\"https:\/\/www.facebook.com\/citybrewtoursMTL\/\" \/>\n<meta property=\"article:modified_time\" content=\"2024-04-08T18:47:39+00:00\" \/>\n<meta property=\"og:image\" content=\"https:\/\/www.citybrewtours.com\/montreal\/wp-content\/uploads\/sites\/10\/2016\/10\/samples.jpg\" \/>\n\t<meta property=\"og:image:width\" content=\"2880\" \/>\n\t<meta property=\"og:image:height\" content=\"960\" \/>\n\t<meta property=\"og:image:type\" content=\"image\/jpeg\" \/>\n<meta name=\"twitter:card\" content=\"summary_large_image\" \/>\n<meta name=\"twitter:label1\" content=\"Est. reading time\" \/>\n\t<meta name=\"twitter:data1\" content=\"3 minutes\" \/>\n<script type=\"application\/ld+json\" class=\"yoast-schema-graph\">{\"@context\":\"https:\/\/schema.org\",\"@graph\":[{\"@type\":\"WebPage\",\"@id\":\"https:\/\/www.citybrewtours.com\/montreal\/fr\/tournees-privees\/bachelorette-party\/\",\"url\":\"https:\/\/www.citybrewtours.com\/montreal\/fr\/tournees-privees\/bachelorette-party\/\",\"name\":\"Bachelorette Party in Montreal: Brew Tour - City Brew Tours\",\"isPartOf\":{\"@id\":\"https:\/\/www.citybrewtours.com\/montreal\/#website\"},\"datePublished\":\"2016-10-31T17:40:03+00:00\",\"dateModified\":\"2024-04-08T18:47:39+00:00\",\"description\":\"Contactez-nous d\u00e8s aujourd\u2019hui pour personnaliser le meilleur bachelorette party pour vos \u00ab\u2009besties\u2009\u00bb\u2009! Peu importe combien vous serez, nos formules s\u2019ajustent \u00e0 vos attentes et \u00e0 vos id\u00e9es les plus folles. Assoyez-vous et relaxez pendant que nous planifions pour vous, le parfait enterrement de vie de fille \u00e0 Montr\u00e9al\",\"breadcrumb\":{\"@id\":\"https:\/\/www.citybrewtours.com\/montreal\/fr\/tournees-privees\/bachelorette-party\/#breadcrumb\"},\"inLanguage\":\"en-US\",\"potentialAction\":[{\"@type\":\"ReadAction\",\"target\":[\"https:\/\/www.citybrewtours.com\/montreal\/fr\/tournees-privees\/bachelorette-party\/\"]}]},{\"@type\":\"BreadcrumbList\",\"@id\":\"https:\/\/www.citybrewtours.com\/montreal\/fr\/tournees-privees\/bachelorette-party\/#breadcrumb\",\"itemListElement\":[{\"@type\":\"ListItem\",\"position\":1,\"name\":\"Home\",\"item\":\"https:\/\/www.citybrewtours.com\/montreal\/\"},{\"@type\":\"ListItem\",\"position\":2,\"name\":\"Tourn\u00e9es priv\u00e9es\",\"item\":\"https:\/\/www.citybrewtours.com\/montreal\/fr\/tournees-privees\/\"},{\"@type\":\"ListItem\",\"position\":3,\"name\":\"Enterrement de vie de fille\"}]},{\"@type\":\"WebSite\",\"@id\":\"https:\/\/www.citybrewtours.com\/montreal\/#website\",\"url\":\"https:\/\/www.citybrewtours.com\/montreal\/\",\"name\":\"Montr\u00e9al Brew Tours - All-Inclusive, Guided Brewery Tours &amp; Events\",\"description\":\"Local Brewery Tours in Montreal, QC\",\"publisher\":{\"@id\":\"https:\/\/www.citybrewtours.com\/montreal\/#organization\"},\"potentialAction\":[{\"@type\":\"SearchAction\",\"target\":{\"@type\":\"EntryPoint\",\"urlTemplate\":\"https:\/\/www.citybrewtours.com\/montreal\/?s={search_term_string}\"},\"query-input\":\"required name=search_term_string\"}],\"inLanguage\":\"en-US\"},{\"@type\":\"Organization\",\"@id\":\"https:\/\/www.citybrewtours.com\/montreal\/#organization\",\"name\":\"City Brew Tours Montreal La Tourn\u00e9e Brasicole\",\"url\":\"https:\/\/www.citybrewtours.com\/montreal\/\",\"logo\":{\"@type\":\"ImageObject\",\"inLanguage\":\"en-US\",\"@id\":\"https:\/\/www.citybrewtours.com\/montreal\/#\/schema\/logo\/image\/\",\"url\":\"https:\/\/www.citybrewtours.com\/montreal\/wp-content\/uploads\/sites\/10\/2018\/04\/brown_horizontal_nyc.png\",\"contentUrl\":\"https:\/\/www.citybrewtours.com\/montreal\/wp-content\/uploads\/sites\/10\/2018\/04\/brown_horizontal_nyc.png\",\"width\":246,\"height\":90,\"caption\":\"City Brew Tours Montreal La Tourn\u00e9e Brasicole\"},\"image\":{\"@id\":\"https:\/\/www.citybrewtours.com\/montreal\/#\/schema\/logo\/image\/\"},\"sameAs\":[\"https:\/\/www.instagram.com\/citybrewtoursmtl\/\",\"https:\/\/www.facebook.com\/citybrewtoursMTL\/\"]}]}<\/script>\n<!-- \/ Yoast SEO plugin. -->","yoast_head_json":{"title":"Bachelorette Party in Montreal: Brew Tour - City Brew Tours","description":"Contactez-nous d\u00e8s aujourd\u2019hui pour personnaliser le meilleur bachelorette party pour vos \u00ab\u2009besties\u2009\u00bb\u2009! Peu importe combien vous serez, nos formules s\u2019ajustent \u00e0 vos attentes et \u00e0 vos id\u00e9es les plus folles. Assoyez-vous et relaxez pendant que nous planifions pour vous, le parfait enterrement de vie de fille \u00e0 Montr\u00e9al","robots":{"index":"index","follow":"follow","max-snippet":"max-snippet:-1","max-image-preview":"max-image-preview:large","max-video-preview":"max-video-preview:-1"},"canonical":"https:\/\/www.citybrewtours.com\/montreal\/tournees-privees\/bachelorette-party\/","og_locale":"en_US","og_type":"article","og_title":"Bachelorette Party in Montreal: Brew Tour - City Brew Tours","og_description":"Contactez-nous d\u00e8s aujourd\u2019hui pour personnaliser le meilleur bachelorette party pour vos \u00ab\u2009besties\u2009\u00bb\u2009! Peu importe combien vous serez, nos formules s\u2019ajustent \u00e0 vos attentes et \u00e0 vos id\u00e9es les plus folles. Assoyez-vous et relaxez pendant que nous planifions pour vous, le parfait enterrement de vie de fille \u00e0 Montr\u00e9al","og_url":"https:\/\/www.citybrewtours.com\/montreal\/fr\/tournees-privees\/bachelorette-party\/","og_site_name":"Montr\u00e9al Brew Tours - All-Inclusive, Guided Brewery Tours &amp; Events","article_publisher":"https:\/\/www.facebook.com\/citybrewtoursMTL\/","article_modified_time":"2024-04-08T18:47:39+00:00","og_image":[{"width":2880,"height":960,"url":"https:\/\/www.citybrewtours.com\/montreal\/wp-content\/uploads\/sites\/10\/2016\/10\/samples.jpg","type":"image\/jpeg"}],"twitter_card":"summary_large_image","twitter_misc":{"Est. reading time":"3 minutes"},"schema":{"@context":"https:\/\/schema.org","@graph":[{"@type":"WebPage","@id":"https:\/\/www.citybrewtours.com\/montreal\/fr\/tournees-privees\/bachelorette-party\/","url":"https:\/\/www.citybrewtours.com\/montreal\/fr\/tournees-privees\/bachelorette-party\/","name":"Bachelorette Party in Montreal: Brew Tour - City Brew Tours","isPartOf":{"@id":"https:\/\/www.citybrewtours.com\/montreal\/#website"},"datePublished":"2016-10-31T17:40:03+00:00","dateModified":"2024-04-08T18:47:39+00:00","description":"Contactez-nous d\u00e8s aujourd\u2019hui pour personnaliser le meilleur bachelorette party pour vos \u00ab\u2009besties\u2009\u00bb\u2009! Peu importe combien vous serez, nos formules s\u2019ajustent \u00e0 vos attentes et \u00e0 vos id\u00e9es les plus folles. Assoyez-vous et relaxez pendant que nous planifions pour vous, le parfait enterrement de vie de fille \u00e0 Montr\u00e9al","breadcrumb":{"@id":"https:\/\/www.citybrewtours.com\/montreal\/fr\/tournees-privees\/bachelorette-party\/#breadcrumb"},"inLanguage":"en-US","potentialAction":[{"@type":"ReadAction","target":["https:\/\/www.citybrewtours.com\/montreal\/fr\/tournees-privees\/bachelorette-party\/"]}]},{"@type":"BreadcrumbList","@id":"https:\/\/www.citybrewtours.com\/montreal\/fr\/tournees-privees\/bachelorette-party\/#breadcrumb","itemListElement":[{"@type":"ListItem","position":1,"name":"Home","item":"https:\/\/www.citybrewtours.com\/montreal\/"},{"@type":"ListItem","position":2,"name":"Tourn\u00e9es priv\u00e9es","item":"https:\/\/www.citybrewtours.com\/montreal\/fr\/tournees-privees\/"},{"@type":"ListItem","position":3,"name":"Enterrement de vie de fille"}]},{"@type":"WebSite","@id":"https:\/\/www.citybrewtours.com\/montreal\/#website","url":"https:\/\/www.citybrewtours.com\/montreal\/","name":"Montr\u00e9al Brew Tours - All-Inclusive, Guided Brewery Tours &amp; Events","description":"Local Brewery Tours in Montreal, QC","publisher":{"@id":"https:\/\/www.citybrewtours.com\/montreal\/#organization"},"potentialAction":[{"@type":"SearchAction","target":{"@type":"EntryPoint","urlTemplate":"https:\/\/www.citybrewtours.com\/montreal\/?s={search_term_string}"},"query-input":"required name=search_term_string"}],"inLanguage":"en-US"},{"@type":"Organization","@id":"https:\/\/www.citybrewtours.com\/montreal\/#organization","name":"City Brew Tours Montreal La Tourn\u00e9e Brasicole","url":"https:\/\/www.citybrewtours.com\/montreal\/","logo":{"@type":"ImageObject","inLanguage":"en-US","@id":"https:\/\/www.citybrewtours.com\/montreal\/#\/schema\/logo\/image\/","url":"https:\/\/www.citybrewtours.com\/montreal\/wp-content\/uploads\/sites\/10\/2018\/04\/brown_horizontal_nyc.png","contentUrl":"https:\/\/www.citybrewtours.com\/montreal\/wp-content\/uploads\/sites\/10\/2018\/04\/brown_horizontal_nyc.png","width":246,"height":90,"caption":"City Brew Tours Montreal La Tourn\u00e9e Brasicole"},"image":{"@id":"https:\/\/www.citybrewtours.com\/montreal\/#\/schema\/logo\/image\/"},"sameAs":["https:\/\/www.instagram.com\/citybrewtoursmtl\/","https:\/\/www.facebook.com\/citybrewtoursMTL\/"]}]}},"_links":{"self":[{"href":"https:\/\/www.citybrewtours.com\/montreal\/wp-json\/wp\/v2\/pages\/2654"}],"collection":[{"href":"https:\/\/www.citybrewtours.com\/montreal\/wp-json\/wp\/v2\/pages"}],"about":[{"href":"https:\/\/www.citybrewtours.com\/montreal\/wp-json\/wp\/v2\/types\/page"}],"author":[{"embeddable":true,"href":"https:\/\/www.citybrewtours.com\/montreal\/wp-json\/wp\/v2\/users\/1"}],"replies":[{"embeddable":true,"href":"https:\/\/www.citybrewtours.com\/montreal\/wp-json\/wp\/v2\/comments?post=2654"}],"version-history":[{"count":0,"href":"https:\/\/www.citybrewtours.com\/montreal\/wp-json\/wp\/v2\/pages\/2654\/revisions"}],"up":[{"embeddable":true,"href":"https:\/\/www.citybrewtours.com\/montreal\/wp-json\/wp\/v2\/pages\/2648"}],"wp:featuredmedia":[{"embeddable":true,"href":"https:\/\/www.citybrewtours.com\/montreal\/wp-json\/wp\/v2\/media\/2656"}],"wp:attachment":[{"href":"https:\/\/www.citybrewtours.com\/montreal\/wp-json\/wp\/v2\/media?parent=2654"}],"curies":[{"name":"wp","href":"https:\/\/api.w.org\/{rel}","templated":true}]}}