{"id":2664,"date":"2016-10-31T17:40:03","date_gmt":"2016-10-31T17:40:03","guid":{"rendered":"https:\/\/www.citybrewtours.com\/montreal\/private-tours\/corporate-outing\/"},"modified":"2023-01-10T17:21:59","modified_gmt":"2023-01-10T17:21:59","slug":"sortie-pour-entreprise","status":"publish","type":"page","link":"https:\/\/www.citybrewtours.com\/montreal\/fr\/tournees-privees\/sortie-pour-entreprise\/","title":{"rendered":"Tourn\u00e9e brassicole pour entreprises"},"content":{"rendered":"<h2>Sorties et \u00e9v\u00e9nements d\u2019entreprise<\/h2>\n<p><span style=\"font-weight: 400;\">C\u2019est bien connu qu\u2019une des meilleures fa\u00e7ons d\u2019all\u00e9ger l\u2019ambiance au bureau est de sortir l\u2019\u00e9quipe pour aller boire une bonne bi\u00e8re\u2009! Dans nos microbrasseries d\u00e9contract\u00e9es, r\u00e9unissez votre \u00e9quipe pour d\u00e9couvrir jusqu\u2019\u00e0 16 bi\u00e8res diff\u00e9rentes provenant des meilleurs brasseurs en ville. Ramenez motivation et productivit\u00e9 avec votre propre tourn\u00e9e brassicole personnalis\u00e9e! <\/span><\/p>\n<p><span style=\"font-weight: 400;\">Ne laissez personne de c\u00f4t\u00e9, il est aussi possible d\u2019avoir des options pour les non-buveurs et les v\u00e9g\u00e9tariens. Que ce soit pour votre party de no\u00ebl, soulign\u00e9 un d\u00e9part \u00e0 la retraite ou la signature d\u2019un m\u00e9ga contrat, La Tourn\u00e9e Brassicole pour entreprise est la sortie la plus tendance \u00e0 Montr\u00e9al!<\/span><\/p>\n<div class=\"ezcol ezcol-one-half\">\n<p><img decoding=\"async\" class=\"wp-image-661 alignnone lazyload\" data-src=\"https:\/\/www.citybrewtours.com\/montreal\/wp-content\/uploads\/sites\/10\/2016\/10\/night-shift-2-2.jpg\" alt=\"night-shift-2\" width=\"424\" height=\"318\" data-srcset=\"https:\/\/www.citybrewtours.com\/montreal\/wp-content\/uploads\/sites\/10\/2016\/10\/night-shift-2-2.jpg 900w, https:\/\/www.citybrewtours.com\/montreal\/wp-content\/uploads\/sites\/10\/2016\/10\/night-shift-2-2-300x225.jpg 300w, https:\/\/www.citybrewtours.com\/montreal\/wp-content\/uploads\/sites\/10\/2016\/10\/night-shift-2-2-768x576.jpg 768w\" data-sizes=\"(max-width: 424px) 100vw, 424px\" src=\"data:image\/svg+xml;base64,PHN2ZyB3aWR0aD0iMSIgaGVpZ2h0PSIxIiB4bWxucz0iaHR0cDovL3d3dy53My5vcmcvMjAwMC9zdmciPjwvc3ZnPg==\" style=\"--smush-placeholder-width: 424px; --smush-placeholder-aspect-ratio: 424\/318;\" \/><\/p>\n<\/div>\n<div class=\"ezcol ezcol-one-half ezcol-last\">\n<p><img decoding=\"async\" class=\"wp-image-666 alignnone lazyload\" data-src=\"https:\/\/www.citybrewtours.com\/montreal\/wp-content\/uploads\/sites\/10\/2016\/10\/dinner-1.jpg\" alt=\"dinner\" width=\"424\" height=\"318\" data-srcset=\"https:\/\/www.citybrewtours.com\/montreal\/wp-content\/uploads\/sites\/10\/2016\/10\/dinner-1.jpg 900w, https:\/\/www.citybrewtours.com\/montreal\/wp-content\/uploads\/sites\/10\/2016\/10\/dinner-1-300x225.jpg 300w, https:\/\/www.citybrewtours.com\/montreal\/wp-content\/uploads\/sites\/10\/2016\/10\/dinner-1-768x576.jpg 768w\" data-sizes=\"(max-width: 424px) 100vw, 424px\" src=\"data:image\/svg+xml;base64,PHN2ZyB3aWR0aD0iMSIgaGVpZ2h0PSIxIiB4bWxucz0iaHR0cDovL3d3dy53My5vcmcvMjAwMC9zdmciPjwvc3ZnPg==\" style=\"--smush-placeholder-width: 424px; --smush-placeholder-aspect-ratio: 424\/318;\" \/><\/p>\n<\/div>\n<div class=\"ezcol-divider\"><\/div>\n<div class='clearfix'><\/div>\n<h3>Une sortie personnalis\u00e9e, et selon votre budget<\/h3>\n<p><span style=\"font-weight: 400;\">Selon votre budget et vos autres besoins, nous cr\u00e9ons une exp\u00e9rience inoubliable pour vous et votre \u00e9quipe, allant de 5 \u00e0 500 personnes\u2009! Rassemblez tous le monde pour faire une tourn\u00e9e \u00e0 l\u2019heure de votre choix et d\u00e9tendez vous en bonne compagnie, en plein c\u0153ur de Montr\u00e9al. <\/span><\/p>\n<p><span style=\"font-weight: 400;\">Nous nous d\u00e9placerons directement au bureau ou \u00e0 l\u2019endroit de votre choix pour faciliter les d\u00e9placement et que vous ayez l\u2019esprit en paix. Vous aurez le choix parmis nos diff\u00e9rents minibus et autocars confortable, nos guides s\u2019assureront d\u2019animer et d\u2019informer le groupe lors des d\u00e9placements.<\/span><\/p>\n<p><span style=\"font-weight: 400;\">Passant par une tourn\u00e9e bien simple et conviviale, jusqu\u2019au cocktail dinatoire et projection de diapositive sur \u00e9cran g\u00e9ant, nous pouvons prendre en main tous les d\u00e9tails de votre \u00e9v\u00e9nement.<\/span><\/p>\n<h3>Aux premi\u00e8res loges avec des experts<\/h3>\n<p><em>La tourn\u00e9e brassicole<\/em> est aussi connue pour son partenariat \u00e9troit avec les meilleures brasseries de Montr\u00e9al. Au fil des ans, de cette proximit\u00e9 s\u2019est d\u00e9velopp\u00e9e une complicit\u00e9 vous permettant un acc\u00e8s exclusif \u00e0 l\u2019arri\u00e8re-sc\u00e8ne de ces cr\u00e9ateurs originaux, fut\u00e9s et avant-gardistes. Profitez de la vie en savourant des bi\u00e8res aux parfums d\u2019ici, le temps d\u2019un tour assur\u00e9 par un des meilleurs guides en ville.<\/p>\n<p><img decoding=\"async\" class=\"alignright wp-image-1675 lazyload\" data-src=\"https:\/\/www.citybrewtours.com\/montreal\/wp-content\/uploads\/sites\/10\/2016\/10\/beer-study-300x225.jpg\" alt=\"beer-study\" width=\"424\" height=\"318\" data-srcset=\"https:\/\/www.citybrewtours.com\/montreal\/wp-content\/uploads\/sites\/10\/2016\/10\/beer-study-300x225.jpg 300w, https:\/\/www.citybrewtours.com\/montreal\/wp-content\/uploads\/sites\/10\/2016\/10\/beer-study-768x576.jpg 768w, https:\/\/www.citybrewtours.com\/montreal\/wp-content\/uploads\/sites\/10\/2016\/10\/beer-study.jpg 900w\" data-sizes=\"(max-width: 424px) 100vw, 424px\" src=\"data:image\/svg+xml;base64,PHN2ZyB3aWR0aD0iMSIgaGVpZ2h0PSIxIiB4bWxucz0iaHR0cDovL3d3dy53My5vcmcvMjAwMC9zdmciPjwvc3ZnPg==\" style=\"--smush-placeholder-width: 424px; --smush-placeholder-aspect-ratio: 424\/318;\" \/>Consid\u00e9rez <em>La tourn\u00e9e brassicole<\/em> pour toute activit\u00e9 d\u2019\u00e9quipe \u00e0 Montr\u00e9al :<\/p>\n<ul>\n<li>Activit\u00e9s de <em>team-building<\/em><\/li>\n<li>5 @ 7<\/li>\n<li>Sorties corporatives<\/li>\n<li>Sorties entre coll\u00e8gues<\/li>\n<li>D\u00eeners de remise de prix<\/li>\n<li>R\u00e9unions trimestrielles<\/li>\n<li>Anniversaires d&#8217;entreprises<\/li>\n<li>\u00c9v\u00e9nements corporatifs<\/li>\n<\/ul>\n<p>Passez la journ\u00e9e ou la soir\u00e9e avec vos coll\u00e8gues, clients, employ\u00e9s et superviseurs tout en explorant la ville historique de Montr\u00e9al et en d\u00e9gustant de d\u00e9licieuses bi\u00e8res locales pour souligner le succ\u00e8s de votre entreprise!<\/p>\n<p>Contactez-nous d\u00e8s aujourd\u2019hui pour r\u00e9server votre prochain \u00e9v\u00e9nement!<\/p>\n<p><strong>Email<\/strong>: <a href=\"mailto:danielle@brewtours.us\">jade@citybrewtours.com<\/a><br \/>\n<strong>Phone:<\/strong> (438) 800-4419<\/p>\n<p>&nbsp;<\/p>\n<p><span class=\"button-wrap\"><a href=\"https:\/\/www.citybrewtours.com\/montreal\/tournees-privees\/inquiry\/?lang=fr\" class=\"button button-light\" target=\"\">Demande de proposition<\/a><\/span><\/p>\n","protected":false},"excerpt":{"rendered":"<p>Sorties et \u00e9v\u00e9nements d\u2019entreprise C\u2019est bien connu qu\u2019une des meilleures fa\u00e7ons d\u2019all\u00e9ger l\u2019ambiance au bureau est de sortir l\u2019\u00e9quipe pour aller boire une bonne bi\u00e8re\u2009! Dans nos microbrasseries d\u00e9contract\u00e9es, r\u00e9unissez votre \u00e9quipe pour d\u00e9couvrir jusqu\u2019\u00e0 16 bi\u00e8res diff\u00e9rentes provenant des meilleurs brasseurs en ville. Ramenez motivation et productivit\u00e9 avec votre propre tourn\u00e9e brassicole personnalis\u00e9e! Ne [&hellip;]<\/p>\n","protected":false},"author":1,"featured_media":2665,"parent":2648,"menu_order":0,"comment_status":"closed","ping_status":"closed","template":"page-tpl-leftmenu.php","meta":[],"acf":[],"yoast_head":"<!-- This site is optimized with the Yoast SEO plugin v19.10 - https:\/\/yoast.com\/wordpress\/plugins\/seo\/ -->\n<title>Book the best corporate outings in Montreal - City Brew Tours<\/title>\n<meta name=\"description\" content=\"Que vous d\u00e9siriez rapprocher vos \u00e9quipes, faire une sortie d&#039;entreprise ou un \u00e9v\u00e9nement avec vos clients, La Tourn\u00e9e Brassicole Montr\u00e9al vous offre une exp\u00e9rience inoubliable et enrichissante.\" \/>\n<meta name=\"robots\" content=\"index, follow, max-snippet:-1, max-image-preview:large, max-video-preview:-1\" \/>\n<link rel=\"canonical\" href=\"https:\/\/www.citybrewtours.com\/montreal\/tournees-privees\/sortie-pour-entreprise\/\" \/>\n<meta property=\"og:locale\" content=\"en_US\" \/>\n<meta property=\"og:type\" content=\"article\" \/>\n<meta property=\"og:title\" content=\"Book the best corporate outings in Montreal - City Brew Tours\" \/>\n<meta property=\"og:description\" content=\"Que vous d\u00e9siriez rapprocher vos \u00e9quipes, faire une sortie d&#039;entreprise ou un \u00e9v\u00e9nement avec vos clients, La Tourn\u00e9e Brassicole Montr\u00e9al vous offre une exp\u00e9rience inoubliable et enrichissante.\" \/>\n<meta property=\"og:url\" content=\"https:\/\/www.citybrewtours.com\/montreal\/fr\/tournees-privees\/sortie-pour-entreprise\/\" \/>\n<meta property=\"og:site_name\" content=\"Montr\u00e9al Brew Tours - All-Inclusive, Guided Brewery Tours &amp; Events\" \/>\n<meta property=\"article:publisher\" content=\"https:\/\/www.facebook.com\/citybrewtoursMTL\/\" \/>\n<meta property=\"article:modified_time\" content=\"2023-01-10T17:21:59+00:00\" \/>\n<meta property=\"og:image\" content=\"https:\/\/www.citybrewtours.com\/montreal\/wp-content\/uploads\/sites\/10\/2016\/10\/sample-tray.jpg\" \/>\n\t<meta property=\"og:image:width\" content=\"2880\" \/>\n\t<meta property=\"og:image:height\" content=\"960\" \/>\n\t<meta property=\"og:image:type\" content=\"image\/jpeg\" \/>\n<meta name=\"twitter:card\" content=\"summary_large_image\" \/>\n<meta name=\"twitter:label1\" content=\"Est. reading time\" \/>\n\t<meta name=\"twitter:data1\" content=\"3 minutes\" \/>\n<script type=\"application\/ld+json\" class=\"yoast-schema-graph\">{\"@context\":\"https:\/\/schema.org\",\"@graph\":[{\"@type\":\"WebPage\",\"@id\":\"https:\/\/www.citybrewtours.com\/montreal\/fr\/tournees-privees\/sortie-pour-entreprise\/\",\"url\":\"https:\/\/www.citybrewtours.com\/montreal\/fr\/tournees-privees\/sortie-pour-entreprise\/\",\"name\":\"Book the best corporate outings in Montreal - City Brew Tours\",\"isPartOf\":{\"@id\":\"https:\/\/www.citybrewtours.com\/montreal\/#website\"},\"datePublished\":\"2016-10-31T17:40:03+00:00\",\"dateModified\":\"2023-01-10T17:21:59+00:00\",\"description\":\"Que vous d\u00e9siriez rapprocher vos \u00e9quipes, faire une sortie d'entreprise ou un \u00e9v\u00e9nement avec vos clients, La Tourn\u00e9e Brassicole Montr\u00e9al vous offre une exp\u00e9rience inoubliable et enrichissante.\",\"breadcrumb\":{\"@id\":\"https:\/\/www.citybrewtours.com\/montreal\/fr\/tournees-privees\/sortie-pour-entreprise\/#breadcrumb\"},\"inLanguage\":\"en-US\",\"potentialAction\":[{\"@type\":\"ReadAction\",\"target\":[\"https:\/\/www.citybrewtours.com\/montreal\/fr\/tournees-privees\/sortie-pour-entreprise\/\"]}]},{\"@type\":\"BreadcrumbList\",\"@id\":\"https:\/\/www.citybrewtours.com\/montreal\/fr\/tournees-privees\/sortie-pour-entreprise\/#breadcrumb\",\"itemListElement\":[{\"@type\":\"ListItem\",\"position\":1,\"name\":\"Home\",\"item\":\"https:\/\/www.citybrewtours.com\/montreal\/\"},{\"@type\":\"ListItem\",\"position\":2,\"name\":\"Tourn\u00e9es priv\u00e9es\",\"item\":\"https:\/\/www.citybrewtours.com\/montreal\/fr\/tournees-privees\/\"},{\"@type\":\"ListItem\",\"position\":3,\"name\":\"Tourn\u00e9e brassicole pour entreprises\"}]},{\"@type\":\"WebSite\",\"@id\":\"https:\/\/www.citybrewtours.com\/montreal\/#website\",\"url\":\"https:\/\/www.citybrewtours.com\/montreal\/\",\"name\":\"Montr\u00e9al Brew Tours - All-Inclusive, Guided Brewery Tours &amp; Events\",\"description\":\"Local Brewery Tours in Montreal, QC\",\"publisher\":{\"@id\":\"https:\/\/www.citybrewtours.com\/montreal\/#organization\"},\"potentialAction\":[{\"@type\":\"SearchAction\",\"target\":{\"@type\":\"EntryPoint\",\"urlTemplate\":\"https:\/\/www.citybrewtours.com\/montreal\/?s={search_term_string}\"},\"query-input\":\"required name=search_term_string\"}],\"inLanguage\":\"en-US\"},{\"@type\":\"Organization\",\"@id\":\"https:\/\/www.citybrewtours.com\/montreal\/#organization\",\"name\":\"City Brew Tours Montreal La Tourn\u00e9e Brasicole\",\"url\":\"https:\/\/www.citybrewtours.com\/montreal\/\",\"logo\":{\"@type\":\"ImageObject\",\"inLanguage\":\"en-US\",\"@id\":\"https:\/\/www.citybrewtours.com\/montreal\/#\/schema\/logo\/image\/\",\"url\":\"https:\/\/www.citybrewtours.com\/montreal\/wp-content\/uploads\/sites\/10\/2018\/04\/brown_horizontal_nyc.png\",\"contentUrl\":\"https:\/\/www.citybrewtours.com\/montreal\/wp-content\/uploads\/sites\/10\/2018\/04\/brown_horizontal_nyc.png\",\"width\":246,\"height\":90,\"caption\":\"City Brew Tours Montreal La Tourn\u00e9e Brasicole\"},\"image\":{\"@id\":\"https:\/\/www.citybrewtours.com\/montreal\/#\/schema\/logo\/image\/\"},\"sameAs\":[\"https:\/\/www.instagram.com\/citybrewtoursmtl\/\",\"https:\/\/www.facebook.com\/citybrewtoursMTL\/\"]}]}<\/script>\n<!-- \/ Yoast SEO plugin. -->","yoast_head_json":{"title":"Book the best corporate outings in Montreal - City Brew Tours","description":"Que vous d\u00e9siriez rapprocher vos \u00e9quipes, faire une sortie d'entreprise ou un \u00e9v\u00e9nement avec vos clients, La Tourn\u00e9e Brassicole Montr\u00e9al vous offre une exp\u00e9rience inoubliable et enrichissante.","robots":{"index":"index","follow":"follow","max-snippet":"max-snippet:-1","max-image-preview":"max-image-preview:large","max-video-preview":"max-video-preview:-1"},"canonical":"https:\/\/www.citybrewtours.com\/montreal\/tournees-privees\/sortie-pour-entreprise\/","og_locale":"en_US","og_type":"article","og_title":"Book the best corporate outings in Montreal - City Brew Tours","og_description":"Que vous d\u00e9siriez rapprocher vos \u00e9quipes, faire une sortie d'entreprise ou un \u00e9v\u00e9nement avec vos clients, La Tourn\u00e9e Brassicole Montr\u00e9al vous offre une exp\u00e9rience inoubliable et enrichissante.","og_url":"https:\/\/www.citybrewtours.com\/montreal\/fr\/tournees-privees\/sortie-pour-entreprise\/","og_site_name":"Montr\u00e9al Brew Tours - All-Inclusive, Guided Brewery Tours &amp; Events","article_publisher":"https:\/\/www.facebook.com\/citybrewtoursMTL\/","article_modified_time":"2023-01-10T17:21:59+00:00","og_image":[{"width":2880,"height":960,"url":"https:\/\/www.citybrewtours.com\/montreal\/wp-content\/uploads\/sites\/10\/2016\/10\/sample-tray.jpg","type":"image\/jpeg"}],"twitter_card":"summary_large_image","twitter_misc":{"Est. reading time":"3 minutes"},"schema":{"@context":"https:\/\/schema.org","@graph":[{"@type":"WebPage","@id":"https:\/\/www.citybrewtours.com\/montreal\/fr\/tournees-privees\/sortie-pour-entreprise\/","url":"https:\/\/www.citybrewtours.com\/montreal\/fr\/tournees-privees\/sortie-pour-entreprise\/","name":"Book the best corporate outings in Montreal - City Brew Tours","isPartOf":{"@id":"https:\/\/www.citybrewtours.com\/montreal\/#website"},"datePublished":"2016-10-31T17:40:03+00:00","dateModified":"2023-01-10T17:21:59+00:00","description":"Que vous d\u00e9siriez rapprocher vos \u00e9quipes, faire une sortie d'entreprise ou un \u00e9v\u00e9nement avec vos clients, La Tourn\u00e9e Brassicole Montr\u00e9al vous offre une exp\u00e9rience inoubliable et enrichissante.","breadcrumb":{"@id":"https:\/\/www.citybrewtours.com\/montreal\/fr\/tournees-privees\/sortie-pour-entreprise\/#breadcrumb"},"inLanguage":"en-US","potentialAction":[{"@type":"ReadAction","target":["https:\/\/www.citybrewtours.com\/montreal\/fr\/tournees-privees\/sortie-pour-entreprise\/"]}]},{"@type":"BreadcrumbList","@id":"https:\/\/www.citybrewtours.com\/montreal\/fr\/tournees-privees\/sortie-pour-entreprise\/#breadcrumb","itemListElement":[{"@type":"ListItem","position":1,"name":"Home","item":"https:\/\/www.citybrewtours.com\/montreal\/"},{"@type":"ListItem","position":2,"name":"Tourn\u00e9es priv\u00e9es","item":"https:\/\/www.citybrewtours.com\/montreal\/fr\/tournees-privees\/"},{"@type":"ListItem","position":3,"name":"Tourn\u00e9e brassicole pour entreprises"}]},{"@type":"WebSite","@id":"https:\/\/www.citybrewtours.com\/montreal\/#website","url":"https:\/\/www.citybrewtours.com\/montreal\/","name":"Montr\u00e9al Brew Tours - All-Inclusive, Guided Brewery Tours &amp; Events","description":"Local Brewery Tours in Montreal, QC","publisher":{"@id":"https:\/\/www.citybrewtours.com\/montreal\/#organization"},"potentialAction":[{"@type":"SearchAction","target":{"@type":"EntryPoint","urlTemplate":"https:\/\/www.citybrewtours.com\/montreal\/?s={search_term_string}"},"query-input":"required name=search_term_string"}],"inLanguage":"en-US"},{"@type":"Organization","@id":"https:\/\/www.citybrewtours.com\/montreal\/#organization","name":"City Brew Tours Montreal La Tourn\u00e9e Brasicole","url":"https:\/\/www.citybrewtours.com\/montreal\/","logo":{"@type":"ImageObject","inLanguage":"en-US","@id":"https:\/\/www.citybrewtours.com\/montreal\/#\/schema\/logo\/image\/","url":"https:\/\/www.citybrewtours.com\/montreal\/wp-content\/uploads\/sites\/10\/2018\/04\/brown_horizontal_nyc.png","contentUrl":"https:\/\/www.citybrewtours.com\/montreal\/wp-content\/uploads\/sites\/10\/2018\/04\/brown_horizontal_nyc.png","width":246,"height":90,"caption":"City Brew Tours Montreal La Tourn\u00e9e Brasicole"},"image":{"@id":"https:\/\/www.citybrewtours.com\/montreal\/#\/schema\/logo\/image\/"},"sameAs":["https:\/\/www.instagram.com\/citybrewtoursmtl\/","https:\/\/www.facebook.com\/citybrewtoursMTL\/"]}]}},"_links":{"self":[{"href":"https:\/\/www.citybrewtours.com\/montreal\/wp-json\/wp\/v2\/pages\/2664"}],"collection":[{"href":"https:\/\/www.citybrewtours.com\/montreal\/wp-json\/wp\/v2\/pages"}],"about":[{"href":"https:\/\/www.citybrewtours.com\/montreal\/wp-json\/wp\/v2\/types\/page"}],"author":[{"embeddable":true,"href":"https:\/\/www.citybrewtours.com\/montreal\/wp-json\/wp\/v2\/users\/1"}],"replies":[{"embeddable":true,"href":"https:\/\/www.citybrewtours.com\/montreal\/wp-json\/wp\/v2\/comments?post=2664"}],"version-history":[{"count":0,"href":"https:\/\/www.citybrewtours.com\/montreal\/wp-json\/wp\/v2\/pages\/2664\/revisions"}],"up":[{"embeddable":true,"href":"https:\/\/www.citybrewtours.com\/montreal\/wp-json\/wp\/v2\/pages\/2648"}],"wp:featuredmedia":[{"embeddable":true,"href":"https:\/\/www.citybrewtours.com\/montreal\/wp-json\/wp\/v2\/media\/2665"}],"wp:attachment":[{"href":"https:\/\/www.citybrewtours.com\/montreal\/wp-json\/wp\/v2\/media?parent=2664"}],"curies":[{"name":"wp","href":"https:\/\/api.w.org\/{rel}","templated":true}]}}