{"id":2667,"date":"2016-10-31T17:40:03","date_gmt":"2016-10-31T17:40:03","guid":{"rendered":"https:\/\/www.citybrewtours.com\/montreal\/private-tours\/special-occasion\/"},"modified":"2023-03-31T00:46:58","modified_gmt":"2023-03-31T00:46:58","slug":"occasions-speciales","status":"publish","type":"page","link":"https:\/\/www.citybrewtours.com\/montreal\/fr\/tournees-privees\/occasions-speciales\/","title":{"rendered":"Occasions sp\u00e9ciales"},"content":{"rendered":"<h2>Cr\u00e9ez vos propres \u00e9v\u00e9nements<\/h2>\n<p>\u00c0 chaque occasion sp\u00e9ciale sa bi\u00e8re toute d\u00e9di\u00e9e \u2014 ou bien plusieurs bi\u00e8res d\u00e9di\u00e9es\u2009! Embarquez ensemble, vous et vos amis, familles et coll\u00e8gues, pour une visite guid\u00e9e de <em>La tourn\u00e9e brassicole<\/em>. \u00a0D\u00e9couvrez une formule qui convient \u00e0 tout \u00e9v\u00e9nement\u00a0: f\u00eate, mariage, anniversaire, etc. Chaque visite comprend 15 d\u00e9gustations de bi\u00e8res, ainsi que le transport aller-retour. En tout, jusqu\u2019\u00e0 4 brasseries pourront \u00eatre visit\u00e9es, sans compter un arr\u00eat pour manger dans un broue-pub o\u00f9 des accords mets et bi\u00e8res vous attendent.<\/p>\n<p><img decoding=\"async\" class=\"alignright wp-image-1670 lazyload\" data-src=\"https:\/\/www.citybrewtours.com\/montreal\/wp-content\/uploads\/sites\/10\/2016\/10\/brewery-tour-1-e1490707751165-300x231.jpg\" alt=\"brewery-tour\" width=\"424\" height=\"326\" data-srcset=\"https:\/\/www.citybrewtours.com\/montreal\/wp-content\/uploads\/sites\/10\/2016\/10\/brewery-tour-1-e1490707751165-300x231.jpg 300w, https:\/\/www.citybrewtours.com\/montreal\/wp-content\/uploads\/sites\/10\/2016\/10\/brewery-tour-1-e1490707751165-768x591.jpg 768w, https:\/\/www.citybrewtours.com\/montreal\/wp-content\/uploads\/sites\/10\/2016\/10\/brewery-tour-1-e1490707751165.jpg 900w\" data-sizes=\"(max-width: 424px) 100vw, 424px\" src=\"data:image\/svg+xml;base64,PHN2ZyB3aWR0aD0iMSIgaGVpZ2h0PSIxIiB4bWxucz0iaHR0cDovL3d3dy53My5vcmcvMjAwMC9zdmciPjwvc3ZnPg==\" style=\"--smush-placeholder-width: 424px; --smush-placeholder-aspect-ratio: 424\/326;\" \/>Consid\u00e9rez la tourn\u00e9e brassicole pour des visites :<\/p>\n<ul>\n<li>Anniversaires<\/li>\n<li>Bachelor ou Bachelorette Party<\/li>\n<li>Sortie d&#8217;entreprise<\/li>\n<li>\u00c9v\u00e9nements de reconnaissance pour votre client\u00e8le<\/li>\n<li>Remise de prix<\/li>\n<li>Fian\u00e7ailles<\/li>\n<li>Sorties pour vos membres d\u2019association ou d\u2019organisation<\/li>\n<li>Activit\u00e9s de renforcement d\u2019\u00e9quipe<strong>&#8230; <\/strong>et beaucoup plus\u2009!!<\/li>\n<\/ul>\n<h3>Soulignez les bons moments\u2009!<\/h3>\n<p>Participez \u00e0 l\u2019une de nos visites quotidiennes guid\u00e9es, ou r\u00e9servez une visite priv\u00e9e pour vous et votre famille, vos amis ou vos coll\u00e8gues\u2009! La tourn\u00e9e brassicole organise des tours guid\u00e9s depuis plus de 10 ans\u2009! Faites confiance \u00e0 notre exp\u00e9rience\u00a0: ce type d\u2019organisation n\u2019a plus de secrets pour notre \u00e9quipe.<\/p>\n<h4>PRIX DE GROUPE PRIV\u00c9 | 3 ARR\u00caTS &amp; REPAS<\/h4>\n<ul>\n<li>Jusqu\u2019\u00e0 10 invit\u00e9s : 1\u2009214 $ + taxes et pourboires (+ 104$ pour chaque invit\u00e9 de plus de 10)<\/li>\n<li>Les groupes de 15-24 avec un autocar + 350 $ ou un autobus scolaire + 645 $<\/li>\n<li>Les groupes\u00a025+ doivent nous contacter pour une proposition personnalis\u00e9e<\/li>\n<\/ul>\n<p>*Les visites priv\u00e9es incluent tous les frais de service et pourboires<\/p>\n<h4><strong>INCLUS DANS LE PRIX DE BASE<\/strong><\/h4>\n<p>Notre prix de base comprend de 9 \u00e0 12 bi\u00e8res diff\u00e9rentes \u00e0 d\u00e9guster, un savoureux repas \u00e0 accorder \u00e0 une bi\u00e8re dans l\u2019une de nos superbes brasseries de Montr\u00e9al. Vous n\u2019avez qu\u2019\u00e0 choisir l\u2019heure et lieu de ramassage et un de nos planificateurs sera en mesure de rendre votre \u00e9v\u00e9nement des plus incroyables\u2009!,<\/p>\n<p>Votre visite est ferm\u00e9e au public, et vous pouvez moduler votre exp\u00e9rience, par exemple en mentionnant que vous n\u2019\u00eates pas int\u00e9ress\u00e9 par un repas.<\/p>\n<h5>OPTIONS PREMIUM<\/h5>\n<p>1 heure suppl\u00e9mentaire avec les brasseurs, bi\u00e8res suppl\u00e9mentaires, le photographe, le vid\u00e9aste ou le transport en limousine\/autocar\/autobus scolaire<\/p>\n<p><span class=\"button-wrap\"><a href=\"https:\/\/www.citybrewtours.com\/montreal\/tournees-privees\/inquiry\/?lang=fr\" class=\"button button-light\" target=\"\">Allez-y<\/a><\/span><\/p>\n","protected":false},"excerpt":{"rendered":"<p>Cr\u00e9ez vos propres \u00e9v\u00e9nements \u00c0 chaque occasion sp\u00e9ciale sa bi\u00e8re toute d\u00e9di\u00e9e \u2014 ou bien plusieurs bi\u00e8res d\u00e9di\u00e9es\u2009! Embarquez ensemble, vous et vos amis, familles et coll\u00e8gues, pour une visite guid\u00e9e de La tourn\u00e9e brassicole. \u00a0D\u00e9couvrez une formule qui convient \u00e0 tout \u00e9v\u00e9nement\u00a0: f\u00eate, mariage, anniversaire, etc. Chaque visite comprend 15 d\u00e9gustations de bi\u00e8res, ainsi [&hellip;]<\/p>\n","protected":false},"author":1,"featured_media":2669,"parent":2648,"menu_order":0,"comment_status":"closed","ping_status":"closed","template":"page-tpl-leftmenu.php","meta":[],"acf":[],"yoast_head":"<!-- This site is optimized with the Yoast SEO plugin v19.10 - https:\/\/yoast.com\/wordpress\/plugins\/seo\/ -->\n<title>Occasions sp\u00e9ciales - Montr\u00e9al Brew Tours - All-Inclusive, Guided Brewery Tours &amp; Events<\/title>\n<meta name=\"description\" content=\"Pour un anniversaire, une remise de prix ou autres \u00e9v\u00e9nements \u00e0 souligner, il n&#039;y a pas de meilleur moyen de c\u00e9l\u00e9brer que de go\u00fbter la meilleure bi\u00e8re artisanale que la MTL a \u00e0 offrir. R\u00e9servez une visite guid\u00e9e des occasions sp\u00e9ciales MTL d\u00e8s aujourd&#039;hui!\" \/>\n<meta name=\"robots\" content=\"index, follow, max-snippet:-1, max-image-preview:large, max-video-preview:-1\" \/>\n<link rel=\"canonical\" href=\"https:\/\/www.citybrewtours.com\/montreal\/tournees-privees\/occasions-speciales\/\" \/>\n<meta property=\"og:locale\" content=\"en_US\" \/>\n<meta property=\"og:type\" content=\"article\" \/>\n<meta property=\"og:title\" content=\"Occasions sp\u00e9ciales - Montr\u00e9al Brew Tours - All-Inclusive, Guided Brewery Tours &amp; Events\" \/>\n<meta property=\"og:description\" content=\"Pour un anniversaire, une remise de prix ou autres \u00e9v\u00e9nements \u00e0 souligner, il n&#039;y a pas de meilleur moyen de c\u00e9l\u00e9brer que de go\u00fbter la meilleure bi\u00e8re artisanale que la MTL a \u00e0 offrir. R\u00e9servez une visite guid\u00e9e des occasions sp\u00e9ciales MTL d\u00e8s aujourd&#039;hui!\" \/>\n<meta property=\"og:url\" content=\"https:\/\/www.citybrewtours.com\/montreal\/fr\/tournees-privees\/occasions-speciales\/\" \/>\n<meta property=\"og:site_name\" content=\"Montr\u00e9al Brew Tours - All-Inclusive, Guided Brewery Tours &amp; Events\" \/>\n<meta property=\"article:publisher\" content=\"https:\/\/www.facebook.com\/citybrewtoursMTL\/\" \/>\n<meta property=\"article:modified_time\" content=\"2023-03-31T00:46:58+00:00\" \/>\n<meta property=\"og:image\" content=\"https:\/\/www.citybrewtours.com\/montreal\/wp-content\/uploads\/sites\/10\/2016\/10\/beer-cheers-2.jpg\" \/>\n\t<meta property=\"og:image:width\" content=\"2880\" \/>\n\t<meta property=\"og:image:height\" content=\"960\" \/>\n\t<meta property=\"og:image:type\" content=\"image\/jpeg\" \/>\n<meta name=\"twitter:card\" content=\"summary_large_image\" \/>\n<meta name=\"twitter:label1\" content=\"Est. reading time\" \/>\n\t<meta name=\"twitter:data1\" content=\"2 minutes\" \/>\n<script type=\"application\/ld+json\" class=\"yoast-schema-graph\">{\"@context\":\"https:\/\/schema.org\",\"@graph\":[{\"@type\":\"WebPage\",\"@id\":\"https:\/\/www.citybrewtours.com\/montreal\/fr\/tournees-privees\/occasions-speciales\/\",\"url\":\"https:\/\/www.citybrewtours.com\/montreal\/fr\/tournees-privees\/occasions-speciales\/\",\"name\":\"Occasions sp\u00e9ciales - Montr\u00e9al Brew Tours - All-Inclusive, Guided Brewery Tours &amp; Events\",\"isPartOf\":{\"@id\":\"https:\/\/www.citybrewtours.com\/montreal\/#website\"},\"datePublished\":\"2016-10-31T17:40:03+00:00\",\"dateModified\":\"2023-03-31T00:46:58+00:00\",\"description\":\"Pour un anniversaire, une remise de prix ou autres \u00e9v\u00e9nements \u00e0 souligner, il n'y a pas de meilleur moyen de c\u00e9l\u00e9brer que de go\u00fbter la meilleure bi\u00e8re artisanale que la MTL a \u00e0 offrir. R\u00e9servez une visite guid\u00e9e des occasions sp\u00e9ciales MTL d\u00e8s aujourd'hui!\",\"breadcrumb\":{\"@id\":\"https:\/\/www.citybrewtours.com\/montreal\/fr\/tournees-privees\/occasions-speciales\/#breadcrumb\"},\"inLanguage\":\"en-US\",\"potentialAction\":[{\"@type\":\"ReadAction\",\"target\":[\"https:\/\/www.citybrewtours.com\/montreal\/fr\/tournees-privees\/occasions-speciales\/\"]}]},{\"@type\":\"BreadcrumbList\",\"@id\":\"https:\/\/www.citybrewtours.com\/montreal\/fr\/tournees-privees\/occasions-speciales\/#breadcrumb\",\"itemListElement\":[{\"@type\":\"ListItem\",\"position\":1,\"name\":\"Home\",\"item\":\"https:\/\/www.citybrewtours.com\/montreal\/\"},{\"@type\":\"ListItem\",\"position\":2,\"name\":\"Tourn\u00e9es priv\u00e9es\",\"item\":\"https:\/\/www.citybrewtours.com\/montreal\/fr\/tournees-privees\/\"},{\"@type\":\"ListItem\",\"position\":3,\"name\":\"Occasions sp\u00e9ciales\"}]},{\"@type\":\"WebSite\",\"@id\":\"https:\/\/www.citybrewtours.com\/montreal\/#website\",\"url\":\"https:\/\/www.citybrewtours.com\/montreal\/\",\"name\":\"Montr\u00e9al Brew Tours - All-Inclusive, Guided Brewery Tours &amp; Events\",\"description\":\"Local Brewery Tours in Montreal, QC\",\"publisher\":{\"@id\":\"https:\/\/www.citybrewtours.com\/montreal\/#organization\"},\"potentialAction\":[{\"@type\":\"SearchAction\",\"target\":{\"@type\":\"EntryPoint\",\"urlTemplate\":\"https:\/\/www.citybrewtours.com\/montreal\/?s={search_term_string}\"},\"query-input\":\"required name=search_term_string\"}],\"inLanguage\":\"en-US\"},{\"@type\":\"Organization\",\"@id\":\"https:\/\/www.citybrewtours.com\/montreal\/#organization\",\"name\":\"City Brew Tours Montreal La Tourn\u00e9e Brasicole\",\"url\":\"https:\/\/www.citybrewtours.com\/montreal\/\",\"logo\":{\"@type\":\"ImageObject\",\"inLanguage\":\"en-US\",\"@id\":\"https:\/\/www.citybrewtours.com\/montreal\/#\/schema\/logo\/image\/\",\"url\":\"https:\/\/www.citybrewtours.com\/montreal\/wp-content\/uploads\/sites\/10\/2018\/04\/brown_horizontal_nyc.png\",\"contentUrl\":\"https:\/\/www.citybrewtours.com\/montreal\/wp-content\/uploads\/sites\/10\/2018\/04\/brown_horizontal_nyc.png\",\"width\":246,\"height\":90,\"caption\":\"City Brew Tours Montreal La Tourn\u00e9e Brasicole\"},\"image\":{\"@id\":\"https:\/\/www.citybrewtours.com\/montreal\/#\/schema\/logo\/image\/\"},\"sameAs\":[\"https:\/\/www.instagram.com\/citybrewtoursmtl\/\",\"https:\/\/www.facebook.com\/citybrewtoursMTL\/\"]}]}<\/script>\n<!-- \/ Yoast SEO plugin. -->","yoast_head_json":{"title":"Occasions sp\u00e9ciales - Montr\u00e9al Brew Tours - All-Inclusive, Guided Brewery Tours &amp; Events","description":"Pour un anniversaire, une remise de prix ou autres \u00e9v\u00e9nements \u00e0 souligner, il n'y a pas de meilleur moyen de c\u00e9l\u00e9brer que de go\u00fbter la meilleure bi\u00e8re artisanale que la MTL a \u00e0 offrir. R\u00e9servez une visite guid\u00e9e des occasions sp\u00e9ciales MTL d\u00e8s aujourd'hui!","robots":{"index":"index","follow":"follow","max-snippet":"max-snippet:-1","max-image-preview":"max-image-preview:large","max-video-preview":"max-video-preview:-1"},"canonical":"https:\/\/www.citybrewtours.com\/montreal\/tournees-privees\/occasions-speciales\/","og_locale":"en_US","og_type":"article","og_title":"Occasions sp\u00e9ciales - Montr\u00e9al Brew Tours - All-Inclusive, Guided Brewery Tours &amp; Events","og_description":"Pour un anniversaire, une remise de prix ou autres \u00e9v\u00e9nements \u00e0 souligner, il n'y a pas de meilleur moyen de c\u00e9l\u00e9brer que de go\u00fbter la meilleure bi\u00e8re artisanale que la MTL a \u00e0 offrir. R\u00e9servez une visite guid\u00e9e des occasions sp\u00e9ciales MTL d\u00e8s aujourd'hui!","og_url":"https:\/\/www.citybrewtours.com\/montreal\/fr\/tournees-privees\/occasions-speciales\/","og_site_name":"Montr\u00e9al Brew Tours - All-Inclusive, Guided Brewery Tours &amp; Events","article_publisher":"https:\/\/www.facebook.com\/citybrewtoursMTL\/","article_modified_time":"2023-03-31T00:46:58+00:00","og_image":[{"width":2880,"height":960,"url":"https:\/\/www.citybrewtours.com\/montreal\/wp-content\/uploads\/sites\/10\/2016\/10\/beer-cheers-2.jpg","type":"image\/jpeg"}],"twitter_card":"summary_large_image","twitter_misc":{"Est. reading time":"2 minutes"},"schema":{"@context":"https:\/\/schema.org","@graph":[{"@type":"WebPage","@id":"https:\/\/www.citybrewtours.com\/montreal\/fr\/tournees-privees\/occasions-speciales\/","url":"https:\/\/www.citybrewtours.com\/montreal\/fr\/tournees-privees\/occasions-speciales\/","name":"Occasions sp\u00e9ciales - Montr\u00e9al Brew Tours - All-Inclusive, Guided Brewery Tours &amp; Events","isPartOf":{"@id":"https:\/\/www.citybrewtours.com\/montreal\/#website"},"datePublished":"2016-10-31T17:40:03+00:00","dateModified":"2023-03-31T00:46:58+00:00","description":"Pour un anniversaire, une remise de prix ou autres \u00e9v\u00e9nements \u00e0 souligner, il n'y a pas de meilleur moyen de c\u00e9l\u00e9brer que de go\u00fbter la meilleure bi\u00e8re artisanale que la MTL a \u00e0 offrir. R\u00e9servez une visite guid\u00e9e des occasions sp\u00e9ciales MTL d\u00e8s aujourd'hui!","breadcrumb":{"@id":"https:\/\/www.citybrewtours.com\/montreal\/fr\/tournees-privees\/occasions-speciales\/#breadcrumb"},"inLanguage":"en-US","potentialAction":[{"@type":"ReadAction","target":["https:\/\/www.citybrewtours.com\/montreal\/fr\/tournees-privees\/occasions-speciales\/"]}]},{"@type":"BreadcrumbList","@id":"https:\/\/www.citybrewtours.com\/montreal\/fr\/tournees-privees\/occasions-speciales\/#breadcrumb","itemListElement":[{"@type":"ListItem","position":1,"name":"Home","item":"https:\/\/www.citybrewtours.com\/montreal\/"},{"@type":"ListItem","position":2,"name":"Tourn\u00e9es priv\u00e9es","item":"https:\/\/www.citybrewtours.com\/montreal\/fr\/tournees-privees\/"},{"@type":"ListItem","position":3,"name":"Occasions sp\u00e9ciales"}]},{"@type":"WebSite","@id":"https:\/\/www.citybrewtours.com\/montreal\/#website","url":"https:\/\/www.citybrewtours.com\/montreal\/","name":"Montr\u00e9al Brew Tours - All-Inclusive, Guided Brewery Tours &amp; Events","description":"Local Brewery Tours in Montreal, QC","publisher":{"@id":"https:\/\/www.citybrewtours.com\/montreal\/#organization"},"potentialAction":[{"@type":"SearchAction","target":{"@type":"EntryPoint","urlTemplate":"https:\/\/www.citybrewtours.com\/montreal\/?s={search_term_string}"},"query-input":"required name=search_term_string"}],"inLanguage":"en-US"},{"@type":"Organization","@id":"https:\/\/www.citybrewtours.com\/montreal\/#organization","name":"City Brew Tours Montreal La Tourn\u00e9e Brasicole","url":"https:\/\/www.citybrewtours.com\/montreal\/","logo":{"@type":"ImageObject","inLanguage":"en-US","@id":"https:\/\/www.citybrewtours.com\/montreal\/#\/schema\/logo\/image\/","url":"https:\/\/www.citybrewtours.com\/montreal\/wp-content\/uploads\/sites\/10\/2018\/04\/brown_horizontal_nyc.png","contentUrl":"https:\/\/www.citybrewtours.com\/montreal\/wp-content\/uploads\/sites\/10\/2018\/04\/brown_horizontal_nyc.png","width":246,"height":90,"caption":"City Brew Tours Montreal La Tourn\u00e9e Brasicole"},"image":{"@id":"https:\/\/www.citybrewtours.com\/montreal\/#\/schema\/logo\/image\/"},"sameAs":["https:\/\/www.instagram.com\/citybrewtoursmtl\/","https:\/\/www.facebook.com\/citybrewtoursMTL\/"]}]}},"_links":{"self":[{"href":"https:\/\/www.citybrewtours.com\/montreal\/wp-json\/wp\/v2\/pages\/2667"}],"collection":[{"href":"https:\/\/www.citybrewtours.com\/montreal\/wp-json\/wp\/v2\/pages"}],"about":[{"href":"https:\/\/www.citybrewtours.com\/montreal\/wp-json\/wp\/v2\/types\/page"}],"author":[{"embeddable":true,"href":"https:\/\/www.citybrewtours.com\/montreal\/wp-json\/wp\/v2\/users\/1"}],"replies":[{"embeddable":true,"href":"https:\/\/www.citybrewtours.com\/montreal\/wp-json\/wp\/v2\/comments?post=2667"}],"version-history":[{"count":0,"href":"https:\/\/www.citybrewtours.com\/montreal\/wp-json\/wp\/v2\/pages\/2667\/revisions"}],"up":[{"embeddable":true,"href":"https:\/\/www.citybrewtours.com\/montreal\/wp-json\/wp\/v2\/pages\/2648"}],"wp:featuredmedia":[{"embeddable":true,"href":"https:\/\/www.citybrewtours.com\/montreal\/wp-json\/wp\/v2\/media\/2669"}],"wp:attachment":[{"href":"https:\/\/www.citybrewtours.com\/montreal\/wp-json\/wp\/v2\/media?parent=2667"}],"curies":[{"name":"wp","href":"https:\/\/api.w.org\/{rel}","templated":true}]}}