{"id":3246,"date":"2018-09-25T00:06:19","date_gmt":"2018-09-25T00:06:19","guid":{"rendered":"https:\/\/www.citybrewtours.com\/montreal\/?page_id=3246"},"modified":"2025-04-30T10:43:22","modified_gmt":"2025-04-30T10:43:22","slug":"brasserie-benelux","status":"publish","type":"page","link":"https:\/\/www.citybrewtours.com\/montreal\/fr\/brasserie-benelux\/","title":{"rendered":"Benelux Brasseries Artisanales"},"content":{"rendered":"<h1>Brasseries Benelux<\/h1>\n<p><img decoding=\"async\" class=\"alignnone size-full wp-image-3247 lazyload\" data-src=\"https:\/\/www.citybrewtours.com\/montreal\/wp-content\/uploads\/sites\/10\/2018\/09\/694816-plateau-degustation-benelux-rue-sherbrooke.jpg\" alt=\"plateau-degustation\" width=\"924\" height=\"578\" data-srcset=\"https:\/\/www.citybrewtours.com\/montreal\/wp-content\/uploads\/sites\/10\/2018\/09\/694816-plateau-degustation-benelux-rue-sherbrooke.jpg 924w, https:\/\/www.citybrewtours.com\/montreal\/wp-content\/uploads\/sites\/10\/2018\/09\/694816-plateau-degustation-benelux-rue-sherbrooke-300x188.jpg 300w, https:\/\/www.citybrewtours.com\/montreal\/wp-content\/uploads\/sites\/10\/2018\/09\/694816-plateau-degustation-benelux-rue-sherbrooke-768x480.jpg 768w, https:\/\/www.citybrewtours.com\/montreal\/wp-content\/uploads\/sites\/10\/2018\/09\/694816-plateau-degustation-benelux-rue-sherbrooke-600x375.jpg 600w, https:\/\/www.citybrewtours.com\/montreal\/wp-content\/uploads\/sites\/10\/2018\/09\/694816-plateau-degustation-benelux-rue-sherbrooke-356x223.jpg 356w\" data-sizes=\"(max-width: 924px) 100vw, 924px\" src=\"data:image\/svg+xml;base64,PHN2ZyB3aWR0aD0iMSIgaGVpZ2h0PSIxIiB4bWxucz0iaHR0cDovL3d3dy53My5vcmcvMjAwMC9zdmciPjwvc3ZnPg==\" style=\"--smush-placeholder-width: 924px; --smush-placeholder-aspect-ratio: 924\/578;\" \/><\/p>\n<p>B\u00e9n\u00e9lux propose depuis 2006 une vari\u00e9t\u00e9 impressionnante de bi\u00e8res d\u2019inspirations europ\u00e9ennes et nord-am\u00e9ricaines qui en font leur marque de commerce.<\/p>\n<p>Install\u00e9e dans l&#8217;un des plus beaux \u00e9difices de la rue Wellington (ancienne succursale de la Banque de Montr\u00e9al), la brasserie a \u00e9galement un jardin magnifique dans laquelle une ambiance unique se fait ressentir.\u00a0 Venez d\u00e9couvrir ce que le coffre-fort de la banque cache tout en d\u00e9gustant le meilleur de Montr\u00e9al!<\/p>\n<h6>adresse<\/h6>\n<p>4026 Wellington St, Verdun, QC H4G 1V3<\/p>\n<p>Ou<\/p>\n<p>245 Sherbrooke St W, Montreal, QC H2X 1X8<\/p>\n","protected":false},"excerpt":{"rendered":"<p>Brasseries Benelux B\u00e9n\u00e9lux propose depuis 2006 une vari\u00e9t\u00e9 impressionnante de bi\u00e8res d\u2019inspirations europ\u00e9ennes et nord-am\u00e9ricaines qui en font leur marque de commerce. Install\u00e9e dans l&#8217;un des plus beaux \u00e9difices de la rue Wellington (ancienne succursale de la Banque de Montr\u00e9al), la brasserie a \u00e9galement un jardin magnifique dans laquelle une ambiance unique se fait ressentir.\u00a0 [&hellip;]<\/p>\n","protected":false},"author":22,"featured_media":0,"parent":0,"menu_order":0,"comment_status":"closed","ping_status":"closed","template":"page-tpl-leftmenu.php","meta":[],"acf":[],"yoast_head":"<!-- This site is optimized with the Yoast SEO plugin v19.10 - https:\/\/yoast.com\/wordpress\/plugins\/seo\/ -->\n<title>Benelux Brasseries Artisanales - Montr\u00e9al Brew Tours - All-Inclusive, Guided Brewery Tours &amp; Events<\/title>\n<meta name=\"description\" content=\"Install\u00e9e dans l&#039;un des plus beaux \u00e9difices de la rue Wellington la brasserie a \u00e9galement un jardin magnifique dans laquelle une ambiance unique se fait ressentir. Venez d\u00e9couvrir ce que le coffre-fort de la banque cache tout en d\u00e9gustant le meilleur de Montr\u00e9al.\" \/>\n<meta name=\"robots\" content=\"index, follow, max-snippet:-1, max-image-preview:large, max-video-preview:-1\" \/>\n<link rel=\"canonical\" href=\"https:\/\/www.citybrewtours.com\/montreal\/brasserie-benelux\/\" \/>\n<meta property=\"og:locale\" content=\"en_US\" \/>\n<meta property=\"og:type\" content=\"article\" \/>\n<meta property=\"og:title\" content=\"Benelux Brasseries Artisanales - Montr\u00e9al Brew Tours - All-Inclusive, Guided Brewery Tours &amp; Events\" \/>\n<meta property=\"og:description\" content=\"Install\u00e9e dans l&#039;un des plus beaux \u00e9difices de la rue Wellington la brasserie a \u00e9galement un jardin magnifique dans laquelle une ambiance unique se fait ressentir. Venez d\u00e9couvrir ce que le coffre-fort de la banque cache tout en d\u00e9gustant le meilleur de Montr\u00e9al.\" \/>\n<meta property=\"og:url\" content=\"https:\/\/www.citybrewtours.com\/montreal\/fr\/brasserie-benelux\/\" \/>\n<meta property=\"og:site_name\" content=\"Montr\u00e9al Brew Tours - All-Inclusive, Guided Brewery Tours &amp; Events\" \/>\n<meta property=\"article:publisher\" content=\"https:\/\/www.facebook.com\/citybrewtoursMTL\/\" \/>\n<meta property=\"article:modified_time\" content=\"2025-04-30T10:43:22+00:00\" \/>\n<meta property=\"og:image\" content=\"https:\/\/www.citybrewtours.com\/montreal\/wp-content\/uploads\/sites\/10\/2018\/09\/694816-plateau-degustation-benelux-rue-sherbrooke.jpg\" \/>\n<meta name=\"twitter:card\" content=\"summary_large_image\" \/>\n<meta name=\"twitter:label1\" content=\"Est. reading time\" \/>\n\t<meta name=\"twitter:data1\" content=\"1 minute\" \/>\n<script type=\"application\/ld+json\" class=\"yoast-schema-graph\">{\"@context\":\"https:\/\/schema.org\",\"@graph\":[{\"@type\":\"WebPage\",\"@id\":\"https:\/\/www.citybrewtours.com\/montreal\/fr\/brasserie-benelux\/\",\"url\":\"https:\/\/www.citybrewtours.com\/montreal\/fr\/brasserie-benelux\/\",\"name\":\"Benelux Brasseries Artisanales - Montr\u00e9al Brew Tours - All-Inclusive, Guided Brewery Tours &amp; Events\",\"isPartOf\":{\"@id\":\"https:\/\/www.citybrewtours.com\/montreal\/#website\"},\"datePublished\":\"2018-09-25T00:06:19+00:00\",\"dateModified\":\"2025-04-30T10:43:22+00:00\",\"description\":\"Install\u00e9e dans l'un des plus beaux \u00e9difices de la rue Wellington la brasserie a \u00e9galement un jardin magnifique dans laquelle une ambiance unique se fait ressentir. Venez d\u00e9couvrir ce que le coffre-fort de la banque cache tout en d\u00e9gustant le meilleur de Montr\u00e9al.\",\"breadcrumb\":{\"@id\":\"https:\/\/www.citybrewtours.com\/montreal\/fr\/brasserie-benelux\/#breadcrumb\"},\"inLanguage\":\"en-US\",\"potentialAction\":[{\"@type\":\"ReadAction\",\"target\":[\"https:\/\/www.citybrewtours.com\/montreal\/fr\/brasserie-benelux\/\"]}]},{\"@type\":\"BreadcrumbList\",\"@id\":\"https:\/\/www.citybrewtours.com\/montreal\/fr\/brasserie-benelux\/#breadcrumb\",\"itemListElement\":[{\"@type\":\"ListItem\",\"position\":1,\"name\":\"Home\",\"item\":\"https:\/\/www.citybrewtours.com\/montreal\/\"},{\"@type\":\"ListItem\",\"position\":2,\"name\":\"Benelux Brasseries Artisanales\"}]},{\"@type\":\"WebSite\",\"@id\":\"https:\/\/www.citybrewtours.com\/montreal\/#website\",\"url\":\"https:\/\/www.citybrewtours.com\/montreal\/\",\"name\":\"Montr\u00e9al Brew Tours - All-Inclusive, Guided Brewery Tours &amp; Events\",\"description\":\"Local Brewery Tours in Montreal, QC\",\"publisher\":{\"@id\":\"https:\/\/www.citybrewtours.com\/montreal\/#organization\"},\"potentialAction\":[{\"@type\":\"SearchAction\",\"target\":{\"@type\":\"EntryPoint\",\"urlTemplate\":\"https:\/\/www.citybrewtours.com\/montreal\/?s={search_term_string}\"},\"query-input\":\"required name=search_term_string\"}],\"inLanguage\":\"en-US\"},{\"@type\":\"Organization\",\"@id\":\"https:\/\/www.citybrewtours.com\/montreal\/#organization\",\"name\":\"City Brew Tours Montreal La Tourn\u00e9e Brasicole\",\"url\":\"https:\/\/www.citybrewtours.com\/montreal\/\",\"logo\":{\"@type\":\"ImageObject\",\"inLanguage\":\"en-US\",\"@id\":\"https:\/\/www.citybrewtours.com\/montreal\/#\/schema\/logo\/image\/\",\"url\":\"https:\/\/www.citybrewtours.com\/montreal\/wp-content\/uploads\/sites\/10\/2018\/04\/brown_horizontal_nyc.png\",\"contentUrl\":\"https:\/\/www.citybrewtours.com\/montreal\/wp-content\/uploads\/sites\/10\/2018\/04\/brown_horizontal_nyc.png\",\"width\":246,\"height\":90,\"caption\":\"City Brew Tours Montreal La Tourn\u00e9e Brasicole\"},\"image\":{\"@id\":\"https:\/\/www.citybrewtours.com\/montreal\/#\/schema\/logo\/image\/\"},\"sameAs\":[\"https:\/\/www.instagram.com\/citybrewtoursmtl\/\",\"https:\/\/www.facebook.com\/citybrewtoursMTL\/\"]}]}<\/script>\n<!-- \/ Yoast SEO plugin. -->","yoast_head_json":{"title":"Benelux Brasseries Artisanales - Montr\u00e9al Brew Tours - All-Inclusive, Guided Brewery Tours &amp; Events","description":"Install\u00e9e dans l'un des plus beaux \u00e9difices de la rue Wellington la brasserie a \u00e9galement un jardin magnifique dans laquelle une ambiance unique se fait ressentir. Venez d\u00e9couvrir ce que le coffre-fort de la banque cache tout en d\u00e9gustant le meilleur de Montr\u00e9al.","robots":{"index":"index","follow":"follow","max-snippet":"max-snippet:-1","max-image-preview":"max-image-preview:large","max-video-preview":"max-video-preview:-1"},"canonical":"https:\/\/www.citybrewtours.com\/montreal\/brasserie-benelux\/","og_locale":"en_US","og_type":"article","og_title":"Benelux Brasseries Artisanales - Montr\u00e9al Brew Tours - All-Inclusive, Guided Brewery Tours &amp; Events","og_description":"Install\u00e9e dans l'un des plus beaux \u00e9difices de la rue Wellington la brasserie a \u00e9galement un jardin magnifique dans laquelle une ambiance unique se fait ressentir. Venez d\u00e9couvrir ce que le coffre-fort de la banque cache tout en d\u00e9gustant le meilleur de Montr\u00e9al.","og_url":"https:\/\/www.citybrewtours.com\/montreal\/fr\/brasserie-benelux\/","og_site_name":"Montr\u00e9al Brew Tours - All-Inclusive, Guided Brewery Tours &amp; Events","article_publisher":"https:\/\/www.facebook.com\/citybrewtoursMTL\/","article_modified_time":"2025-04-30T10:43:22+00:00","og_image":[{"url":"https:\/\/www.citybrewtours.com\/montreal\/wp-content\/uploads\/sites\/10\/2018\/09\/694816-plateau-degustation-benelux-rue-sherbrooke.jpg"}],"twitter_card":"summary_large_image","twitter_misc":{"Est. reading time":"1 minute"},"schema":{"@context":"https:\/\/schema.org","@graph":[{"@type":"WebPage","@id":"https:\/\/www.citybrewtours.com\/montreal\/fr\/brasserie-benelux\/","url":"https:\/\/www.citybrewtours.com\/montreal\/fr\/brasserie-benelux\/","name":"Benelux Brasseries Artisanales - Montr\u00e9al Brew Tours - All-Inclusive, Guided Brewery Tours &amp; Events","isPartOf":{"@id":"https:\/\/www.citybrewtours.com\/montreal\/#website"},"datePublished":"2018-09-25T00:06:19+00:00","dateModified":"2025-04-30T10:43:22+00:00","description":"Install\u00e9e dans l'un des plus beaux \u00e9difices de la rue Wellington la brasserie a \u00e9galement un jardin magnifique dans laquelle une ambiance unique se fait ressentir. Venez d\u00e9couvrir ce que le coffre-fort de la banque cache tout en d\u00e9gustant le meilleur de Montr\u00e9al.","breadcrumb":{"@id":"https:\/\/www.citybrewtours.com\/montreal\/fr\/brasserie-benelux\/#breadcrumb"},"inLanguage":"en-US","potentialAction":[{"@type":"ReadAction","target":["https:\/\/www.citybrewtours.com\/montreal\/fr\/brasserie-benelux\/"]}]},{"@type":"BreadcrumbList","@id":"https:\/\/www.citybrewtours.com\/montreal\/fr\/brasserie-benelux\/#breadcrumb","itemListElement":[{"@type":"ListItem","position":1,"name":"Home","item":"https:\/\/www.citybrewtours.com\/montreal\/"},{"@type":"ListItem","position":2,"name":"Benelux Brasseries Artisanales"}]},{"@type":"WebSite","@id":"https:\/\/www.citybrewtours.com\/montreal\/#website","url":"https:\/\/www.citybrewtours.com\/montreal\/","name":"Montr\u00e9al Brew Tours - All-Inclusive, Guided Brewery Tours &amp; Events","description":"Local Brewery Tours in Montreal, QC","publisher":{"@id":"https:\/\/www.citybrewtours.com\/montreal\/#organization"},"potentialAction":[{"@type":"SearchAction","target":{"@type":"EntryPoint","urlTemplate":"https:\/\/www.citybrewtours.com\/montreal\/?s={search_term_string}"},"query-input":"required name=search_term_string"}],"inLanguage":"en-US"},{"@type":"Organization","@id":"https:\/\/www.citybrewtours.com\/montreal\/#organization","name":"City Brew Tours Montreal La Tourn\u00e9e Brasicole","url":"https:\/\/www.citybrewtours.com\/montreal\/","logo":{"@type":"ImageObject","inLanguage":"en-US","@id":"https:\/\/www.citybrewtours.com\/montreal\/#\/schema\/logo\/image\/","url":"https:\/\/www.citybrewtours.com\/montreal\/wp-content\/uploads\/sites\/10\/2018\/04\/brown_horizontal_nyc.png","contentUrl":"https:\/\/www.citybrewtours.com\/montreal\/wp-content\/uploads\/sites\/10\/2018\/04\/brown_horizontal_nyc.png","width":246,"height":90,"caption":"City Brew Tours Montreal La Tourn\u00e9e Brasicole"},"image":{"@id":"https:\/\/www.citybrewtours.com\/montreal\/#\/schema\/logo\/image\/"},"sameAs":["https:\/\/www.instagram.com\/citybrewtoursmtl\/","https:\/\/www.facebook.com\/citybrewtoursMTL\/"]}]}},"_links":{"self":[{"href":"https:\/\/www.citybrewtours.com\/montreal\/wp-json\/wp\/v2\/pages\/3246"}],"collection":[{"href":"https:\/\/www.citybrewtours.com\/montreal\/wp-json\/wp\/v2\/pages"}],"about":[{"href":"https:\/\/www.citybrewtours.com\/montreal\/wp-json\/wp\/v2\/types\/page"}],"author":[{"embeddable":true,"href":"https:\/\/www.citybrewtours.com\/montreal\/wp-json\/wp\/v2\/users\/22"}],"replies":[{"embeddable":true,"href":"https:\/\/www.citybrewtours.com\/montreal\/wp-json\/wp\/v2\/comments?post=3246"}],"version-history":[{"count":0,"href":"https:\/\/www.citybrewtours.com\/montreal\/wp-json\/wp\/v2\/pages\/3246\/revisions"}],"wp:attachment":[{"href":"https:\/\/www.citybrewtours.com\/montreal\/wp-json\/wp\/v2\/media?parent=3246"}],"curies":[{"name":"wp","href":"https:\/\/api.w.org\/{rel}","templated":true}]}}