{"id":3280,"date":"2018-09-24T23:28:28","date_gmt":"2018-09-24T23:28:28","guid":{"rendered":"https:\/\/www.citybrewtours.com\/montreal\/?page_id=3280"},"modified":"2025-04-30T10:50:18","modified_gmt":"2025-04-30T10:50:18","slug":"les-sans-taverne","status":"publish","type":"page","link":"https:\/\/www.citybrewtours.com\/montreal\/fr\/breweries\/les-sans-taverne\/","title":{"rendered":"Les Sans-Taverne Coop &amp; Brasserie"},"content":{"rendered":"<h1><span data-sheets-root=\"1\">Brasserie artisanale Les sans-taverne <\/span><\/h1>\n<p><img decoding=\"async\" class=\"alignnone size-full wp-image-3278 lazyload\" data-src=\"https:\/\/www.citybrewtours.com\/montreal\/wp-content\/uploads\/sites\/10\/2018\/09\/06_SansTaverne.jpg\" alt=\"SansTaverne\" width=\"1200\" height=\"567\" data-srcset=\"https:\/\/www.citybrewtours.com\/montreal\/wp-content\/uploads\/sites\/10\/2018\/09\/06_SansTaverne.jpg 1200w, https:\/\/www.citybrewtours.com\/montreal\/wp-content\/uploads\/sites\/10\/2018\/09\/06_SansTaverne-300x142.jpg 300w, https:\/\/www.citybrewtours.com\/montreal\/wp-content\/uploads\/sites\/10\/2018\/09\/06_SansTaverne-768x363.jpg 768w, https:\/\/www.citybrewtours.com\/montreal\/wp-content\/uploads\/sites\/10\/2018\/09\/06_SansTaverne-1024x484.jpg 1024w, https:\/\/www.citybrewtours.com\/montreal\/wp-content\/uploads\/sites\/10\/2018\/09\/06_SansTaverne-600x284.jpg 600w, https:\/\/www.citybrewtours.com\/montreal\/wp-content\/uploads\/sites\/10\/2018\/09\/06_SansTaverne-397x188.jpg 397w\" data-sizes=\"(max-width: 1200px) 100vw, 1200px\" src=\"data:image\/svg+xml;base64,PHN2ZyB3aWR0aD0iMSIgaGVpZ2h0PSIxIiB4bWxucz0iaHR0cDovL3d3dy53My5vcmcvMjAwMC9zdmciPjwvc3ZnPg==\" style=\"--smush-placeholder-width: 1200px; --smush-placeholder-aspect-ratio: 1200\/567;\" \/><\/p>\n<p>\u00c0 l\u2019\u00e9poque on l\u2019appelait le quartier des cent tavernes, Pointe-Saint-Charles c\u2019est un lieu riche d\u2019histoire dans lequel Le Collectif 7 \u00e0 nous s\u2019est r\u00e9appropri\u00e9 un b\u00e2timent industriel patrimonial pour y installer sa propre microbrasserie. Le B\u00e2timent 7 aspire \u00e0 devenir un moteur de transformation culturelle, sociale,\u00a0politique, \u00e9conomique et environnementale.<\/p>\n<p>Dans cette fabrique d\u2019autonomie collective, on fabrique aussi de bonnes bi\u00e8res fraiches brasser a m\u00eame les lieux dans de petites installations tr\u00e8s efficaces.<\/p>\n<h6>Adresse<\/h6>\n<p>1900, rue Le Ber, Pointe-Saint-Charles, MONTR\u00c9AL, QC<\/p>\n<h6>Site Web<\/h6>\n<p><a href=\"http:\/\/www.sans-taverne.coop\/\">Cliquer ici<\/a><\/p>\n<p><span class=\"button-wrap\"><a href=\"https:\/\/www.citybrewtours.com\/montreal\/tours\/?lang=fr\" class=\"button button-light\" target=\"\">Reserver Maintenant<\/a><\/span><\/p>\n","protected":false},"excerpt":{"rendered":"<p>Brasserie artisanale Les sans-taverne \u00c0 l\u2019\u00e9poque on l\u2019appelait le quartier des cent tavernes, Pointe-Saint-Charles c\u2019est un lieu riche d\u2019histoire dans lequel Le Collectif 7 \u00e0 nous s\u2019est r\u00e9appropri\u00e9 un b\u00e2timent industriel patrimonial pour y installer sa propre microbrasserie. Le B\u00e2timent 7 aspire \u00e0 devenir un moteur de transformation culturelle, sociale,\u00a0politique, \u00e9conomique et environnementale. Dans cette [&hellip;]<\/p>\n","protected":false},"author":22,"featured_media":0,"parent":2644,"menu_order":0,"comment_status":"closed","ping_status":"closed","template":"page-tpl-leftmenu.php","meta":[],"acf":[],"yoast_head":"<!-- This site is optimized with the Yoast SEO plugin v19.10 - https:\/\/yoast.com\/wordpress\/plugins\/seo\/ -->\n<title>Les Sans-Taverne Coop &amp; Brasserie - Montr\u00e9al Brew Tours - All-Inclusive, Guided Brewery Tours &amp; Events<\/title>\n<meta name=\"description\" content=\"Le Collectif 7 \u00e0 nous s\u2019est r\u00e9appropri\u00e9 un b\u00e2timent industriel patrimonial pour y installer sa propre microbrasserie.\" \/>\n<meta name=\"robots\" content=\"index, follow, max-snippet:-1, max-image-preview:large, max-video-preview:-1\" \/>\n<link rel=\"canonical\" href=\"https:\/\/www.citybrewtours.com\/montreal\/breweries\/les-sans-taverne\/\" \/>\n<meta property=\"og:locale\" content=\"en_US\" \/>\n<meta property=\"og:type\" content=\"article\" \/>\n<meta property=\"og:title\" content=\"Les Sans-Taverne Coop &amp; Brasserie - Montr\u00e9al Brew Tours - All-Inclusive, Guided Brewery Tours &amp; Events\" \/>\n<meta property=\"og:description\" content=\"Le Collectif 7 \u00e0 nous s\u2019est r\u00e9appropri\u00e9 un b\u00e2timent industriel patrimonial pour y installer sa propre microbrasserie.\" \/>\n<meta property=\"og:url\" content=\"https:\/\/www.citybrewtours.com\/montreal\/fr\/breweries\/les-sans-taverne\/\" \/>\n<meta property=\"og:site_name\" content=\"Montr\u00e9al Brew Tours - All-Inclusive, Guided Brewery Tours &amp; Events\" \/>\n<meta property=\"article:publisher\" content=\"https:\/\/www.facebook.com\/citybrewtoursMTL\/\" \/>\n<meta property=\"article:modified_time\" content=\"2025-04-30T10:50:18+00:00\" \/>\n<meta property=\"og:image\" content=\"https:\/\/www.citybrewtours.com\/montreal\/wp-content\/uploads\/sites\/10\/2018\/09\/06_SansTaverne.jpg\" \/>\n<meta name=\"twitter:card\" content=\"summary_large_image\" \/>\n<meta name=\"twitter:label1\" content=\"Est. reading time\" \/>\n\t<meta name=\"twitter:data1\" content=\"1 minute\" \/>\n<script type=\"application\/ld+json\" class=\"yoast-schema-graph\">{\"@context\":\"https:\/\/schema.org\",\"@graph\":[{\"@type\":\"WebPage\",\"@id\":\"https:\/\/www.citybrewtours.com\/montreal\/fr\/breweries\/les-sans-taverne\/\",\"url\":\"https:\/\/www.citybrewtours.com\/montreal\/fr\/breweries\/les-sans-taverne\/\",\"name\":\"Les Sans-Taverne Coop &amp; Brasserie - Montr\u00e9al Brew Tours - All-Inclusive, Guided Brewery Tours &amp; Events\",\"isPartOf\":{\"@id\":\"https:\/\/www.citybrewtours.com\/montreal\/#website\"},\"datePublished\":\"2018-09-24T23:28:28+00:00\",\"dateModified\":\"2025-04-30T10:50:18+00:00\",\"description\":\"Le Collectif 7 \u00e0 nous s\u2019est r\u00e9appropri\u00e9 un b\u00e2timent industriel patrimonial pour y installer sa propre microbrasserie.\",\"breadcrumb\":{\"@id\":\"https:\/\/www.citybrewtours.com\/montreal\/fr\/breweries\/les-sans-taverne\/#breadcrumb\"},\"inLanguage\":\"en-US\",\"potentialAction\":[{\"@type\":\"ReadAction\",\"target\":[\"https:\/\/www.citybrewtours.com\/montreal\/fr\/breweries\/les-sans-taverne\/\"]}]},{\"@type\":\"BreadcrumbList\",\"@id\":\"https:\/\/www.citybrewtours.com\/montreal\/fr\/breweries\/les-sans-taverne\/#breadcrumb\",\"itemListElement\":[{\"@type\":\"ListItem\",\"position\":1,\"name\":\"Home\",\"item\":\"https:\/\/www.citybrewtours.com\/montreal\/\"},{\"@type\":\"ListItem\",\"position\":2,\"name\":\"Brasseries de Montr\u00e9al\",\"item\":\"https:\/\/www.citybrewtours.com\/montreal\/breweries\/\"},{\"@type\":\"ListItem\",\"position\":3,\"name\":\"Les Sans-Taverne Coop &amp; Brasserie\"}]},{\"@type\":\"WebSite\",\"@id\":\"https:\/\/www.citybrewtours.com\/montreal\/#website\",\"url\":\"https:\/\/www.citybrewtours.com\/montreal\/\",\"name\":\"Montr\u00e9al Brew Tours - All-Inclusive, Guided Brewery Tours &amp; Events\",\"description\":\"Local Brewery Tours in Montreal, QC\",\"publisher\":{\"@id\":\"https:\/\/www.citybrewtours.com\/montreal\/#organization\"},\"potentialAction\":[{\"@type\":\"SearchAction\",\"target\":{\"@type\":\"EntryPoint\",\"urlTemplate\":\"https:\/\/www.citybrewtours.com\/montreal\/?s={search_term_string}\"},\"query-input\":\"required name=search_term_string\"}],\"inLanguage\":\"en-US\"},{\"@type\":\"Organization\",\"@id\":\"https:\/\/www.citybrewtours.com\/montreal\/#organization\",\"name\":\"City Brew Tours Montreal La Tourn\u00e9e Brasicole\",\"url\":\"https:\/\/www.citybrewtours.com\/montreal\/\",\"logo\":{\"@type\":\"ImageObject\",\"inLanguage\":\"en-US\",\"@id\":\"https:\/\/www.citybrewtours.com\/montreal\/#\/schema\/logo\/image\/\",\"url\":\"https:\/\/www.citybrewtours.com\/montreal\/wp-content\/uploads\/sites\/10\/2018\/04\/brown_horizontal_nyc.png\",\"contentUrl\":\"https:\/\/www.citybrewtours.com\/montreal\/wp-content\/uploads\/sites\/10\/2018\/04\/brown_horizontal_nyc.png\",\"width\":246,\"height\":90,\"caption\":\"City Brew Tours Montreal La Tourn\u00e9e Brasicole\"},\"image\":{\"@id\":\"https:\/\/www.citybrewtours.com\/montreal\/#\/schema\/logo\/image\/\"},\"sameAs\":[\"https:\/\/www.instagram.com\/citybrewtoursmtl\/\",\"https:\/\/www.facebook.com\/citybrewtoursMTL\/\"]}]}<\/script>\n<!-- \/ Yoast SEO plugin. -->","yoast_head_json":{"title":"Les Sans-Taverne Coop &amp; Brasserie - Montr\u00e9al Brew Tours - All-Inclusive, Guided Brewery Tours &amp; Events","description":"Le Collectif 7 \u00e0 nous s\u2019est r\u00e9appropri\u00e9 un b\u00e2timent industriel patrimonial pour y installer sa propre microbrasserie.","robots":{"index":"index","follow":"follow","max-snippet":"max-snippet:-1","max-image-preview":"max-image-preview:large","max-video-preview":"max-video-preview:-1"},"canonical":"https:\/\/www.citybrewtours.com\/montreal\/breweries\/les-sans-taverne\/","og_locale":"en_US","og_type":"article","og_title":"Les Sans-Taverne Coop &amp; Brasserie - Montr\u00e9al Brew Tours - All-Inclusive, Guided Brewery Tours &amp; Events","og_description":"Le Collectif 7 \u00e0 nous s\u2019est r\u00e9appropri\u00e9 un b\u00e2timent industriel patrimonial pour y installer sa propre microbrasserie.","og_url":"https:\/\/www.citybrewtours.com\/montreal\/fr\/breweries\/les-sans-taverne\/","og_site_name":"Montr\u00e9al Brew Tours - All-Inclusive, Guided Brewery Tours &amp; Events","article_publisher":"https:\/\/www.facebook.com\/citybrewtoursMTL\/","article_modified_time":"2025-04-30T10:50:18+00:00","og_image":[{"url":"https:\/\/www.citybrewtours.com\/montreal\/wp-content\/uploads\/sites\/10\/2018\/09\/06_SansTaverne.jpg"}],"twitter_card":"summary_large_image","twitter_misc":{"Est. reading time":"1 minute"},"schema":{"@context":"https:\/\/schema.org","@graph":[{"@type":"WebPage","@id":"https:\/\/www.citybrewtours.com\/montreal\/fr\/breweries\/les-sans-taverne\/","url":"https:\/\/www.citybrewtours.com\/montreal\/fr\/breweries\/les-sans-taverne\/","name":"Les Sans-Taverne Coop &amp; Brasserie - Montr\u00e9al Brew Tours - All-Inclusive, Guided Brewery Tours &amp; Events","isPartOf":{"@id":"https:\/\/www.citybrewtours.com\/montreal\/#website"},"datePublished":"2018-09-24T23:28:28+00:00","dateModified":"2025-04-30T10:50:18+00:00","description":"Le Collectif 7 \u00e0 nous s\u2019est r\u00e9appropri\u00e9 un b\u00e2timent industriel patrimonial pour y installer sa propre microbrasserie.","breadcrumb":{"@id":"https:\/\/www.citybrewtours.com\/montreal\/fr\/breweries\/les-sans-taverne\/#breadcrumb"},"inLanguage":"en-US","potentialAction":[{"@type":"ReadAction","target":["https:\/\/www.citybrewtours.com\/montreal\/fr\/breweries\/les-sans-taverne\/"]}]},{"@type":"BreadcrumbList","@id":"https:\/\/www.citybrewtours.com\/montreal\/fr\/breweries\/les-sans-taverne\/#breadcrumb","itemListElement":[{"@type":"ListItem","position":1,"name":"Home","item":"https:\/\/www.citybrewtours.com\/montreal\/"},{"@type":"ListItem","position":2,"name":"Brasseries de Montr\u00e9al","item":"https:\/\/www.citybrewtours.com\/montreal\/breweries\/"},{"@type":"ListItem","position":3,"name":"Les Sans-Taverne Coop &amp; Brasserie"}]},{"@type":"WebSite","@id":"https:\/\/www.citybrewtours.com\/montreal\/#website","url":"https:\/\/www.citybrewtours.com\/montreal\/","name":"Montr\u00e9al Brew Tours - All-Inclusive, Guided Brewery Tours &amp; Events","description":"Local Brewery Tours in Montreal, QC","publisher":{"@id":"https:\/\/www.citybrewtours.com\/montreal\/#organization"},"potentialAction":[{"@type":"SearchAction","target":{"@type":"EntryPoint","urlTemplate":"https:\/\/www.citybrewtours.com\/montreal\/?s={search_term_string}"},"query-input":"required name=search_term_string"}],"inLanguage":"en-US"},{"@type":"Organization","@id":"https:\/\/www.citybrewtours.com\/montreal\/#organization","name":"City Brew Tours Montreal La Tourn\u00e9e Brasicole","url":"https:\/\/www.citybrewtours.com\/montreal\/","logo":{"@type":"ImageObject","inLanguage":"en-US","@id":"https:\/\/www.citybrewtours.com\/montreal\/#\/schema\/logo\/image\/","url":"https:\/\/www.citybrewtours.com\/montreal\/wp-content\/uploads\/sites\/10\/2018\/04\/brown_horizontal_nyc.png","contentUrl":"https:\/\/www.citybrewtours.com\/montreal\/wp-content\/uploads\/sites\/10\/2018\/04\/brown_horizontal_nyc.png","width":246,"height":90,"caption":"City Brew Tours Montreal La Tourn\u00e9e Brasicole"},"image":{"@id":"https:\/\/www.citybrewtours.com\/montreal\/#\/schema\/logo\/image\/"},"sameAs":["https:\/\/www.instagram.com\/citybrewtoursmtl\/","https:\/\/www.facebook.com\/citybrewtoursMTL\/"]}]}},"_links":{"self":[{"href":"https:\/\/www.citybrewtours.com\/montreal\/wp-json\/wp\/v2\/pages\/3280"}],"collection":[{"href":"https:\/\/www.citybrewtours.com\/montreal\/wp-json\/wp\/v2\/pages"}],"about":[{"href":"https:\/\/www.citybrewtours.com\/montreal\/wp-json\/wp\/v2\/types\/page"}],"author":[{"embeddable":true,"href":"https:\/\/www.citybrewtours.com\/montreal\/wp-json\/wp\/v2\/users\/22"}],"replies":[{"embeddable":true,"href":"https:\/\/www.citybrewtours.com\/montreal\/wp-json\/wp\/v2\/comments?post=3280"}],"version-history":[{"count":0,"href":"https:\/\/www.citybrewtours.com\/montreal\/wp-json\/wp\/v2\/pages\/3280\/revisions"}],"up":[{"embeddable":true,"href":"https:\/\/www.citybrewtours.com\/montreal\/wp-json\/wp\/v2\/pages\/2644"}],"wp:attachment":[{"href":"https:\/\/www.citybrewtours.com\/montreal\/wp-json\/wp\/v2\/media?parent=3280"}],"curies":[{"name":"wp","href":"https:\/\/api.w.org\/{rel}","templated":true}]}}