{"id":3299,"date":"2018-09-25T00:58:02","date_gmt":"2018-09-25T00:58:02","guid":{"rendered":"https:\/\/www.citybrewtours.com\/montreal\/?page_id=3299"},"modified":"2023-01-11T17:57:43","modified_gmt":"2023-01-11T17:57:43","slug":"helm-microbrasserie","status":"publish","type":"page","link":"https:\/\/www.citybrewtours.com\/montreal\/fr\/breweries\/helm-microbrasserie\/","title":{"rendered":"HELM Microbrasserie"},"content":{"rendered":"<p><img decoding=\"async\" class=\"alignnone size-full wp-image-3389 lazyload\" data-src=\"https:\/\/www.citybrewtours.com\/montreal\/wp-content\/uploads\/sites\/10\/2018\/10\/694858-comptoir-bois-helm-merite-coup.jpg\" alt=\"merite-coup\" width=\"922\" height=\"615\" data-srcset=\"https:\/\/www.citybrewtours.com\/montreal\/wp-content\/uploads\/sites\/10\/2018\/10\/694858-comptoir-bois-helm-merite-coup.jpg 922w, https:\/\/www.citybrewtours.com\/montreal\/wp-content\/uploads\/sites\/10\/2018\/10\/694858-comptoir-bois-helm-merite-coup-300x200.jpg 300w, https:\/\/www.citybrewtours.com\/montreal\/wp-content\/uploads\/sites\/10\/2018\/10\/694858-comptoir-bois-helm-merite-coup-768x512.jpg 768w, https:\/\/www.citybrewtours.com\/montreal\/wp-content\/uploads\/sites\/10\/2018\/10\/694858-comptoir-bois-helm-merite-coup-600x400.jpg 600w, https:\/\/www.citybrewtours.com\/montreal\/wp-content\/uploads\/sites\/10\/2018\/10\/694858-comptoir-bois-helm-merite-coup-334x223.jpg 334w, https:\/\/www.citybrewtours.com\/montreal\/wp-content\/uploads\/sites\/10\/2018\/10\/694858-comptoir-bois-helm-merite-coup-115x76.jpg 115w\" data-sizes=\"(max-width: 922px) 100vw, 922px\" src=\"data:image\/svg+xml;base64,PHN2ZyB3aWR0aD0iMSIgaGVpZ2h0PSIxIiB4bWxucz0iaHR0cDovL3d3dy53My5vcmcvMjAwMC9zdmciPjwvc3ZnPg==\" style=\"--smush-placeholder-width: 922px; --smush-placeholder-aspect-ratio: 922\/615;\" \/><\/p>\n<p>H.oublons E.au L.evures M.alt<\/p>\n<p>Depuis son ouverture, il y a d\u00e9j\u00e0 11 ans de cela, la petite Microbrasserie du quartier Mile-End a su traverser le temps en offrant des produits locaux de qualit\u00e9 dans un cadre r\u00e9solument urbain. Le brasseur S\u00e9bastien Brisson a son style bien \u00e0 lui. Il \u00e0 v\u00e9cu en Angleterre, alors \u00e7a se ressent dans ces bi\u00e8res de style tradionnelles. Cet endroit stylis\u00e9 et minimaliste est un coup s\u00fbr, c\u2019est pour \u00e7a qu\u2019on fini toujours par y retourn\u00e9.<\/p>\n<h6>Adresse<\/h6>\n<p>273, ave. Bernard O, Mile-End, Montr\u00e9al<\/p>\n<h6>Site Web<\/h6>\n<p><a href=\"http:\/\/www.helmmicrobrasserie.ca\/?lang=fr\">Cliquer ici<\/a><\/p>\n<p><span class=\"button-wrap\"><a href=\"https:\/\/www.citybrewtours.com\/montreal\/tours\/?lang=fr\" class=\"button button-light\" target=\"\">Reserver Maintenant<\/a><\/span><\/p>\n","protected":false},"excerpt":{"rendered":"<p>H.oublons E.au L.evures M.alt Depuis son ouverture, il y a d\u00e9j\u00e0 11 ans de cela, la petite Microbrasserie du quartier Mile-End a su traverser le temps en offrant des produits locaux de qualit\u00e9 dans un cadre r\u00e9solument urbain. Le brasseur S\u00e9bastien Brisson a son style bien \u00e0 lui. Il \u00e0 v\u00e9cu en Angleterre, alors \u00e7a [&hellip;]<\/p>\n","protected":false},"author":22,"featured_media":2857,"parent":2644,"menu_order":0,"comment_status":"closed","ping_status":"closed","template":"page-tpl-leftmenu.php","meta":[],"acf":[],"yoast_head":"<!-- This site is optimized with the Yoast SEO plugin v19.10 - https:\/\/yoast.com\/wordpress\/plugins\/seo\/ -->\n<title>HELM Microbrasserie - Montr\u00e9al Brew Tours - All-Inclusive, Guided Brewery Tours &amp; Events<\/title>\n<meta name=\"description\" content=\"Microbrasserie \u00e9l\u00e9gante, minimaliste-chic servant \u00e9galement des cocktails cr\u00e9atifs et une cuisine inventive et confortable.\" \/>\n<meta name=\"robots\" content=\"index, follow, max-snippet:-1, max-image-preview:large, max-video-preview:-1\" \/>\n<link rel=\"canonical\" href=\"https:\/\/www.citybrewtours.com\/montreal\/breweries\/helm-microbrasserie\/\" \/>\n<meta property=\"og:locale\" content=\"en_US\" \/>\n<meta property=\"og:type\" content=\"article\" \/>\n<meta property=\"og:title\" content=\"HELM Microbrasserie - Montr\u00e9al Brew Tours - All-Inclusive, Guided Brewery Tours &amp; Events\" \/>\n<meta property=\"og:description\" content=\"Microbrasserie \u00e9l\u00e9gante, minimaliste-chic servant \u00e9galement des cocktails cr\u00e9atifs et une cuisine inventive et confortable.\" \/>\n<meta property=\"og:url\" content=\"https:\/\/www.citybrewtours.com\/montreal\/fr\/breweries\/helm-microbrasserie\/\" \/>\n<meta property=\"og:site_name\" content=\"Montr\u00e9al Brew Tours - All-Inclusive, Guided Brewery Tours &amp; Events\" \/>\n<meta property=\"article:publisher\" content=\"https:\/\/www.facebook.com\/citybrewtoursMTL\/\" \/>\n<meta property=\"article:modified_time\" content=\"2023-01-11T17:57:43+00:00\" \/>\n<meta property=\"og:image\" content=\"https:\/\/www.citybrewtours.com\/montreal\/wp-content\/uploads\/sites\/10\/2017\/03\/glasses_cheers_2.jpg\" \/>\n\t<meta property=\"og:image:width\" content=\"2880\" \/>\n\t<meta property=\"og:image:height\" content=\"960\" \/>\n\t<meta property=\"og:image:type\" content=\"image\/jpeg\" \/>\n<meta name=\"twitter:card\" content=\"summary_large_image\" \/>\n<meta name=\"twitter:label1\" content=\"Est. reading time\" \/>\n\t<meta name=\"twitter:data1\" content=\"1 minute\" \/>\n<script type=\"application\/ld+json\" class=\"yoast-schema-graph\">{\"@context\":\"https:\/\/schema.org\",\"@graph\":[{\"@type\":\"WebPage\",\"@id\":\"https:\/\/www.citybrewtours.com\/montreal\/fr\/breweries\/helm-microbrasserie\/\",\"url\":\"https:\/\/www.citybrewtours.com\/montreal\/fr\/breweries\/helm-microbrasserie\/\",\"name\":\"HELM Microbrasserie - Montr\u00e9al Brew Tours - All-Inclusive, Guided Brewery Tours &amp; Events\",\"isPartOf\":{\"@id\":\"https:\/\/www.citybrewtours.com\/montreal\/#website\"},\"datePublished\":\"2018-09-25T00:58:02+00:00\",\"dateModified\":\"2023-01-11T17:57:43+00:00\",\"description\":\"Microbrasserie \u00e9l\u00e9gante, minimaliste-chic servant \u00e9galement des cocktails cr\u00e9atifs et une cuisine inventive et confortable.\",\"breadcrumb\":{\"@id\":\"https:\/\/www.citybrewtours.com\/montreal\/fr\/breweries\/helm-microbrasserie\/#breadcrumb\"},\"inLanguage\":\"en-US\",\"potentialAction\":[{\"@type\":\"ReadAction\",\"target\":[\"https:\/\/www.citybrewtours.com\/montreal\/fr\/breweries\/helm-microbrasserie\/\"]}]},{\"@type\":\"BreadcrumbList\",\"@id\":\"https:\/\/www.citybrewtours.com\/montreal\/fr\/breweries\/helm-microbrasserie\/#breadcrumb\",\"itemListElement\":[{\"@type\":\"ListItem\",\"position\":1,\"name\":\"Home\",\"item\":\"https:\/\/www.citybrewtours.com\/montreal\/\"},{\"@type\":\"ListItem\",\"position\":2,\"name\":\"Brasseries de Montr\u00e9al\",\"item\":\"https:\/\/www.citybrewtours.com\/montreal\/breweries\/\"},{\"@type\":\"ListItem\",\"position\":3,\"name\":\"HELM Microbrasserie\"}]},{\"@type\":\"WebSite\",\"@id\":\"https:\/\/www.citybrewtours.com\/montreal\/#website\",\"url\":\"https:\/\/www.citybrewtours.com\/montreal\/\",\"name\":\"Montr\u00e9al Brew Tours - All-Inclusive, Guided Brewery Tours &amp; Events\",\"description\":\"Local Brewery Tours in Montreal, QC\",\"publisher\":{\"@id\":\"https:\/\/www.citybrewtours.com\/montreal\/#organization\"},\"potentialAction\":[{\"@type\":\"SearchAction\",\"target\":{\"@type\":\"EntryPoint\",\"urlTemplate\":\"https:\/\/www.citybrewtours.com\/montreal\/?s={search_term_string}\"},\"query-input\":\"required name=search_term_string\"}],\"inLanguage\":\"en-US\"},{\"@type\":\"Organization\",\"@id\":\"https:\/\/www.citybrewtours.com\/montreal\/#organization\",\"name\":\"City Brew Tours Montreal La Tourn\u00e9e Brasicole\",\"url\":\"https:\/\/www.citybrewtours.com\/montreal\/\",\"logo\":{\"@type\":\"ImageObject\",\"inLanguage\":\"en-US\",\"@id\":\"https:\/\/www.citybrewtours.com\/montreal\/#\/schema\/logo\/image\/\",\"url\":\"https:\/\/www.citybrewtours.com\/montreal\/wp-content\/uploads\/sites\/10\/2018\/04\/brown_horizontal_nyc.png\",\"contentUrl\":\"https:\/\/www.citybrewtours.com\/montreal\/wp-content\/uploads\/sites\/10\/2018\/04\/brown_horizontal_nyc.png\",\"width\":246,\"height\":90,\"caption\":\"City Brew Tours Montreal La Tourn\u00e9e Brasicole\"},\"image\":{\"@id\":\"https:\/\/www.citybrewtours.com\/montreal\/#\/schema\/logo\/image\/\"},\"sameAs\":[\"https:\/\/www.instagram.com\/citybrewtoursmtl\/\",\"https:\/\/www.facebook.com\/citybrewtoursMTL\/\"]}]}<\/script>\n<!-- \/ Yoast SEO plugin. -->","yoast_head_json":{"title":"HELM Microbrasserie - Montr\u00e9al Brew Tours - All-Inclusive, Guided Brewery Tours &amp; Events","description":"Microbrasserie \u00e9l\u00e9gante, minimaliste-chic servant \u00e9galement des cocktails cr\u00e9atifs et une cuisine inventive et confortable.","robots":{"index":"index","follow":"follow","max-snippet":"max-snippet:-1","max-image-preview":"max-image-preview:large","max-video-preview":"max-video-preview:-1"},"canonical":"https:\/\/www.citybrewtours.com\/montreal\/breweries\/helm-microbrasserie\/","og_locale":"en_US","og_type":"article","og_title":"HELM Microbrasserie - Montr\u00e9al Brew Tours - All-Inclusive, Guided Brewery Tours &amp; Events","og_description":"Microbrasserie \u00e9l\u00e9gante, minimaliste-chic servant \u00e9galement des cocktails cr\u00e9atifs et une cuisine inventive et confortable.","og_url":"https:\/\/www.citybrewtours.com\/montreal\/fr\/breweries\/helm-microbrasserie\/","og_site_name":"Montr\u00e9al Brew Tours - All-Inclusive, Guided Brewery Tours &amp; Events","article_publisher":"https:\/\/www.facebook.com\/citybrewtoursMTL\/","article_modified_time":"2023-01-11T17:57:43+00:00","og_image":[{"width":2880,"height":960,"url":"https:\/\/www.citybrewtours.com\/montreal\/wp-content\/uploads\/sites\/10\/2017\/03\/glasses_cheers_2.jpg","type":"image\/jpeg"}],"twitter_card":"summary_large_image","twitter_misc":{"Est. reading time":"1 minute"},"schema":{"@context":"https:\/\/schema.org","@graph":[{"@type":"WebPage","@id":"https:\/\/www.citybrewtours.com\/montreal\/fr\/breweries\/helm-microbrasserie\/","url":"https:\/\/www.citybrewtours.com\/montreal\/fr\/breweries\/helm-microbrasserie\/","name":"HELM Microbrasserie - Montr\u00e9al Brew Tours - All-Inclusive, Guided Brewery Tours &amp; Events","isPartOf":{"@id":"https:\/\/www.citybrewtours.com\/montreal\/#website"},"datePublished":"2018-09-25T00:58:02+00:00","dateModified":"2023-01-11T17:57:43+00:00","description":"Microbrasserie \u00e9l\u00e9gante, minimaliste-chic servant \u00e9galement des cocktails cr\u00e9atifs et une cuisine inventive et confortable.","breadcrumb":{"@id":"https:\/\/www.citybrewtours.com\/montreal\/fr\/breweries\/helm-microbrasserie\/#breadcrumb"},"inLanguage":"en-US","potentialAction":[{"@type":"ReadAction","target":["https:\/\/www.citybrewtours.com\/montreal\/fr\/breweries\/helm-microbrasserie\/"]}]},{"@type":"BreadcrumbList","@id":"https:\/\/www.citybrewtours.com\/montreal\/fr\/breweries\/helm-microbrasserie\/#breadcrumb","itemListElement":[{"@type":"ListItem","position":1,"name":"Home","item":"https:\/\/www.citybrewtours.com\/montreal\/"},{"@type":"ListItem","position":2,"name":"Brasseries de Montr\u00e9al","item":"https:\/\/www.citybrewtours.com\/montreal\/breweries\/"},{"@type":"ListItem","position":3,"name":"HELM Microbrasserie"}]},{"@type":"WebSite","@id":"https:\/\/www.citybrewtours.com\/montreal\/#website","url":"https:\/\/www.citybrewtours.com\/montreal\/","name":"Montr\u00e9al Brew Tours - All-Inclusive, Guided Brewery Tours &amp; Events","description":"Local Brewery Tours in Montreal, QC","publisher":{"@id":"https:\/\/www.citybrewtours.com\/montreal\/#organization"},"potentialAction":[{"@type":"SearchAction","target":{"@type":"EntryPoint","urlTemplate":"https:\/\/www.citybrewtours.com\/montreal\/?s={search_term_string}"},"query-input":"required name=search_term_string"}],"inLanguage":"en-US"},{"@type":"Organization","@id":"https:\/\/www.citybrewtours.com\/montreal\/#organization","name":"City Brew Tours Montreal La Tourn\u00e9e Brasicole","url":"https:\/\/www.citybrewtours.com\/montreal\/","logo":{"@type":"ImageObject","inLanguage":"en-US","@id":"https:\/\/www.citybrewtours.com\/montreal\/#\/schema\/logo\/image\/","url":"https:\/\/www.citybrewtours.com\/montreal\/wp-content\/uploads\/sites\/10\/2018\/04\/brown_horizontal_nyc.png","contentUrl":"https:\/\/www.citybrewtours.com\/montreal\/wp-content\/uploads\/sites\/10\/2018\/04\/brown_horizontal_nyc.png","width":246,"height":90,"caption":"City Brew Tours Montreal La Tourn\u00e9e Brasicole"},"image":{"@id":"https:\/\/www.citybrewtours.com\/montreal\/#\/schema\/logo\/image\/"},"sameAs":["https:\/\/www.instagram.com\/citybrewtoursmtl\/","https:\/\/www.facebook.com\/citybrewtoursMTL\/"]}]}},"_links":{"self":[{"href":"https:\/\/www.citybrewtours.com\/montreal\/wp-json\/wp\/v2\/pages\/3299"}],"collection":[{"href":"https:\/\/www.citybrewtours.com\/montreal\/wp-json\/wp\/v2\/pages"}],"about":[{"href":"https:\/\/www.citybrewtours.com\/montreal\/wp-json\/wp\/v2\/types\/page"}],"author":[{"embeddable":true,"href":"https:\/\/www.citybrewtours.com\/montreal\/wp-json\/wp\/v2\/users\/22"}],"replies":[{"embeddable":true,"href":"https:\/\/www.citybrewtours.com\/montreal\/wp-json\/wp\/v2\/comments?post=3299"}],"version-history":[{"count":0,"href":"https:\/\/www.citybrewtours.com\/montreal\/wp-json\/wp\/v2\/pages\/3299\/revisions"}],"up":[{"embeddable":true,"href":"https:\/\/www.citybrewtours.com\/montreal\/wp-json\/wp\/v2\/pages\/2644"}],"wp:featuredmedia":[{"embeddable":true,"href":"https:\/\/www.citybrewtours.com\/montreal\/wp-json\/wp\/v2\/media\/2857"}],"wp:attachment":[{"href":"https:\/\/www.citybrewtours.com\/montreal\/wp-json\/wp\/v2\/media?parent=3299"}],"curies":[{"name":"wp","href":"https:\/\/api.w.org\/{rel}","templated":true}]}}