{"id":3308,"date":"2018-09-25T01:04:59","date_gmt":"2018-09-25T01:04:59","guid":{"rendered":"https:\/\/www.citybrewtours.com\/montreal\/?page_id=3308"},"modified":"2025-04-30T10:48:26","modified_gmt":"2025-04-30T10:48:26","slug":"boswell","status":"publish","type":"page","link":"https:\/\/www.citybrewtours.com\/montreal\/fr\/breweries\/boswell\/","title":{"rendered":"Boswell Brasserie Artisanale"},"content":{"rendered":"<h1>Boswell Brasserie artisanale<\/h1>\n<p><img decoding=\"async\" class=\"alignnone size-full wp-image-3107 lazyload\" data-src=\"https:\/\/www.citybrewtours.com\/montreal\/wp-content\/uploads\/sites\/10\/2018\/08\/IMG_02681-1024x683.jpg\" alt=\"IMG_02681\" width=\"1024\" height=\"683\" data-srcset=\"https:\/\/www.citybrewtours.com\/montreal\/wp-content\/uploads\/sites\/10\/2018\/08\/IMG_02681-1024x683.jpg 1024w, https:\/\/www.citybrewtours.com\/montreal\/wp-content\/uploads\/sites\/10\/2018\/08\/IMG_02681-1024x683-300x200.jpg 300w, https:\/\/www.citybrewtours.com\/montreal\/wp-content\/uploads\/sites\/10\/2018\/08\/IMG_02681-1024x683-768x512.jpg 768w, https:\/\/www.citybrewtours.com\/montreal\/wp-content\/uploads\/sites\/10\/2018\/08\/IMG_02681-1024x683-600x400.jpg 600w, https:\/\/www.citybrewtours.com\/montreal\/wp-content\/uploads\/sites\/10\/2018\/08\/IMG_02681-1024x683-334x223.jpg 334w, https:\/\/www.citybrewtours.com\/montreal\/wp-content\/uploads\/sites\/10\/2018\/08\/IMG_02681-1024x683-115x76.jpg 115w\" data-sizes=\"(max-width: 1024px) 100vw, 1024px\" src=\"data:image\/svg+xml;base64,PHN2ZyB3aWR0aD0iMSIgaGVpZ2h0PSIxIiB4bWxucz0iaHR0cDovL3d3dy53My5vcmcvMjAwMC9zdmciPjwvc3ZnPg==\" style=\"--smush-placeholder-width: 1024px; --smush-placeholder-aspect-ratio: 1024\/683;\" \/><\/p>\n<p>Boswell est surtout un clin d\u2019\u0153il \u00e0 une des plus anciennes brasseries de la ville de Qu\u00e9bec &#8221; Boswell Brewery &#8220;. Cette brasserie mise sur l\u2019exp\u00e9rience et le service client, prix abordable et super ambiance. La d\u00e9couverte des bi\u00e8res du Boswell pourra se poursuivre \u00e0 la maison puisque la microbrasserie fait brasser certains de ses brassins les plus populaires chez MaBrasserie et les distribue ensuite en canettes. Ils planifient construire un chai contenant jusqu\u2019\u00e0 16 f\u00fbts de ch\u00eane pour faire vieillir de la bi\u00e8re dans un environnement contr\u00f4ler dans les prochains temps.<\/p>\n<h6>Adresse<\/h6>\n<p>2407 avenue du Mont-Royal E, Montr\u00e9al, QC \u00a0H2H 1L2<\/p>\n<h6>Site web<\/h6>\n<p><a href=\"http:\/\/brasserieboswell.com\/\">Cliquer ici<\/a><\/p>\n<p><span class=\"button-wrap\"><a href=\"https:\/\/www.citybrewtours.com\/montreal\/tours\/?lang=fr\" class=\"button button-light\" target=\"\">Reserver Maintenant<\/a><\/span><\/p>\n","protected":false},"excerpt":{"rendered":"<p>Boswell Brasserie artisanale Boswell est surtout un clin d\u2019\u0153il \u00e0 une des plus anciennes brasseries de la ville de Qu\u00e9bec &#8221; Boswell Brewery &#8220;. Cette brasserie mise sur l\u2019exp\u00e9rience et le service client, prix abordable et super ambiance. La d\u00e9couverte des bi\u00e8res du Boswell pourra se poursuivre \u00e0 la maison puisque la microbrasserie fait brasser [&hellip;]<\/p>\n","protected":false},"author":22,"featured_media":0,"parent":2644,"menu_order":0,"comment_status":"closed","ping_status":"closed","template":"page-tpl-leftmenu.php","meta":[],"acf":[],"yoast_head":"<!-- This site is optimized with the Yoast SEO plugin v19.10 - https:\/\/yoast.com\/wordpress\/plugins\/seo\/ -->\n<title>Boswell Brasserie Artisanale - Montr\u00e9al Brew Tours - All-Inclusive, Guided Brewery Tours &amp; Events<\/title>\n<meta name=\"description\" content=\"Boswell est surtout un clin d\u2019\u0153il \u00e0 une des plus anciennes brasseries de la ville de Qu\u00e9bec &quot; Boswell Brewery &quot;. Cette brasserie mise sur l\u2019exp\u00e9rience et le service client, prix abordable et super ambiance.\" \/>\n<meta name=\"robots\" content=\"index, follow, max-snippet:-1, max-image-preview:large, max-video-preview:-1\" \/>\n<link rel=\"canonical\" href=\"https:\/\/www.citybrewtours.com\/montreal\/breweries\/boswell\/\" \/>\n<meta property=\"og:locale\" content=\"en_US\" \/>\n<meta property=\"og:type\" content=\"article\" \/>\n<meta property=\"og:title\" content=\"Boswell Brasserie Artisanale - Montr\u00e9al Brew Tours - All-Inclusive, Guided Brewery Tours &amp; Events\" \/>\n<meta property=\"og:description\" content=\"Boswell est surtout un clin d\u2019\u0153il \u00e0 une des plus anciennes brasseries de la ville de Qu\u00e9bec &quot; Boswell Brewery &quot;. Cette brasserie mise sur l\u2019exp\u00e9rience et le service client, prix abordable et super ambiance.\" \/>\n<meta property=\"og:url\" content=\"https:\/\/www.citybrewtours.com\/montreal\/fr\/breweries\/boswell\/\" \/>\n<meta property=\"og:site_name\" content=\"Montr\u00e9al Brew Tours - All-Inclusive, Guided Brewery Tours &amp; Events\" \/>\n<meta property=\"article:publisher\" content=\"https:\/\/www.facebook.com\/citybrewtoursMTL\/\" \/>\n<meta property=\"article:modified_time\" content=\"2025-04-30T10:48:26+00:00\" \/>\n<meta property=\"og:image\" content=\"https:\/\/www.citybrewtours.com\/montreal\/wp-content\/uploads\/sites\/10\/2018\/08\/IMG_02681-1024x683.jpg\" \/>\n<meta name=\"twitter:card\" content=\"summary_large_image\" \/>\n<meta name=\"twitter:label1\" content=\"Est. reading time\" \/>\n\t<meta name=\"twitter:data1\" content=\"1 minute\" \/>\n<script type=\"application\/ld+json\" class=\"yoast-schema-graph\">{\"@context\":\"https:\/\/schema.org\",\"@graph\":[{\"@type\":\"WebPage\",\"@id\":\"https:\/\/www.citybrewtours.com\/montreal\/fr\/breweries\/boswell\/\",\"url\":\"https:\/\/www.citybrewtours.com\/montreal\/fr\/breweries\/boswell\/\",\"name\":\"Boswell Brasserie Artisanale - Montr\u00e9al Brew Tours - All-Inclusive, Guided Brewery Tours &amp; Events\",\"isPartOf\":{\"@id\":\"https:\/\/www.citybrewtours.com\/montreal\/#website\"},\"datePublished\":\"2018-09-25T01:04:59+00:00\",\"dateModified\":\"2025-04-30T10:48:26+00:00\",\"description\":\"Boswell est surtout un clin d\u2019\u0153il \u00e0 une des plus anciennes brasseries de la ville de Qu\u00e9bec \\\" Boswell Brewery \\\". Cette brasserie mise sur l\u2019exp\u00e9rience et le service client, prix abordable et super ambiance.\",\"breadcrumb\":{\"@id\":\"https:\/\/www.citybrewtours.com\/montreal\/fr\/breweries\/boswell\/#breadcrumb\"},\"inLanguage\":\"en-US\",\"potentialAction\":[{\"@type\":\"ReadAction\",\"target\":[\"https:\/\/www.citybrewtours.com\/montreal\/fr\/breweries\/boswell\/\"]}]},{\"@type\":\"BreadcrumbList\",\"@id\":\"https:\/\/www.citybrewtours.com\/montreal\/fr\/breweries\/boswell\/#breadcrumb\",\"itemListElement\":[{\"@type\":\"ListItem\",\"position\":1,\"name\":\"Home\",\"item\":\"https:\/\/www.citybrewtours.com\/montreal\/\"},{\"@type\":\"ListItem\",\"position\":2,\"name\":\"Brasseries de Montr\u00e9al\",\"item\":\"https:\/\/www.citybrewtours.com\/montreal\/breweries\/\"},{\"@type\":\"ListItem\",\"position\":3,\"name\":\"Boswell Brasserie Artisanale\"}]},{\"@type\":\"WebSite\",\"@id\":\"https:\/\/www.citybrewtours.com\/montreal\/#website\",\"url\":\"https:\/\/www.citybrewtours.com\/montreal\/\",\"name\":\"Montr\u00e9al Brew Tours - All-Inclusive, Guided Brewery Tours &amp; Events\",\"description\":\"Local Brewery Tours in Montreal, QC\",\"publisher\":{\"@id\":\"https:\/\/www.citybrewtours.com\/montreal\/#organization\"},\"potentialAction\":[{\"@type\":\"SearchAction\",\"target\":{\"@type\":\"EntryPoint\",\"urlTemplate\":\"https:\/\/www.citybrewtours.com\/montreal\/?s={search_term_string}\"},\"query-input\":\"required name=search_term_string\"}],\"inLanguage\":\"en-US\"},{\"@type\":\"Organization\",\"@id\":\"https:\/\/www.citybrewtours.com\/montreal\/#organization\",\"name\":\"City Brew Tours Montreal La Tourn\u00e9e Brasicole\",\"url\":\"https:\/\/www.citybrewtours.com\/montreal\/\",\"logo\":{\"@type\":\"ImageObject\",\"inLanguage\":\"en-US\",\"@id\":\"https:\/\/www.citybrewtours.com\/montreal\/#\/schema\/logo\/image\/\",\"url\":\"https:\/\/www.citybrewtours.com\/montreal\/wp-content\/uploads\/sites\/10\/2018\/04\/brown_horizontal_nyc.png\",\"contentUrl\":\"https:\/\/www.citybrewtours.com\/montreal\/wp-content\/uploads\/sites\/10\/2018\/04\/brown_horizontal_nyc.png\",\"width\":246,\"height\":90,\"caption\":\"City Brew Tours Montreal La Tourn\u00e9e Brasicole\"},\"image\":{\"@id\":\"https:\/\/www.citybrewtours.com\/montreal\/#\/schema\/logo\/image\/\"},\"sameAs\":[\"https:\/\/www.instagram.com\/citybrewtoursmtl\/\",\"https:\/\/www.facebook.com\/citybrewtoursMTL\/\"]}]}<\/script>\n<!-- \/ Yoast SEO plugin. -->","yoast_head_json":{"title":"Boswell Brasserie Artisanale - Montr\u00e9al Brew Tours - All-Inclusive, Guided Brewery Tours &amp; Events","description":"Boswell est surtout un clin d\u2019\u0153il \u00e0 une des plus anciennes brasseries de la ville de Qu\u00e9bec \" Boswell Brewery \". Cette brasserie mise sur l\u2019exp\u00e9rience et le service client, prix abordable et super ambiance.","robots":{"index":"index","follow":"follow","max-snippet":"max-snippet:-1","max-image-preview":"max-image-preview:large","max-video-preview":"max-video-preview:-1"},"canonical":"https:\/\/www.citybrewtours.com\/montreal\/breweries\/boswell\/","og_locale":"en_US","og_type":"article","og_title":"Boswell Brasserie Artisanale - Montr\u00e9al Brew Tours - All-Inclusive, Guided Brewery Tours &amp; Events","og_description":"Boswell est surtout un clin d\u2019\u0153il \u00e0 une des plus anciennes brasseries de la ville de Qu\u00e9bec \" Boswell Brewery \". Cette brasserie mise sur l\u2019exp\u00e9rience et le service client, prix abordable et super ambiance.","og_url":"https:\/\/www.citybrewtours.com\/montreal\/fr\/breweries\/boswell\/","og_site_name":"Montr\u00e9al Brew Tours - All-Inclusive, Guided Brewery Tours &amp; Events","article_publisher":"https:\/\/www.facebook.com\/citybrewtoursMTL\/","article_modified_time":"2025-04-30T10:48:26+00:00","og_image":[{"url":"https:\/\/www.citybrewtours.com\/montreal\/wp-content\/uploads\/sites\/10\/2018\/08\/IMG_02681-1024x683.jpg"}],"twitter_card":"summary_large_image","twitter_misc":{"Est. reading time":"1 minute"},"schema":{"@context":"https:\/\/schema.org","@graph":[{"@type":"WebPage","@id":"https:\/\/www.citybrewtours.com\/montreal\/fr\/breweries\/boswell\/","url":"https:\/\/www.citybrewtours.com\/montreal\/fr\/breweries\/boswell\/","name":"Boswell Brasserie Artisanale - Montr\u00e9al Brew Tours - All-Inclusive, Guided Brewery Tours &amp; Events","isPartOf":{"@id":"https:\/\/www.citybrewtours.com\/montreal\/#website"},"datePublished":"2018-09-25T01:04:59+00:00","dateModified":"2025-04-30T10:48:26+00:00","description":"Boswell est surtout un clin d\u2019\u0153il \u00e0 une des plus anciennes brasseries de la ville de Qu\u00e9bec \" Boswell Brewery \". Cette brasserie mise sur l\u2019exp\u00e9rience et le service client, prix abordable et super ambiance.","breadcrumb":{"@id":"https:\/\/www.citybrewtours.com\/montreal\/fr\/breweries\/boswell\/#breadcrumb"},"inLanguage":"en-US","potentialAction":[{"@type":"ReadAction","target":["https:\/\/www.citybrewtours.com\/montreal\/fr\/breweries\/boswell\/"]}]},{"@type":"BreadcrumbList","@id":"https:\/\/www.citybrewtours.com\/montreal\/fr\/breweries\/boswell\/#breadcrumb","itemListElement":[{"@type":"ListItem","position":1,"name":"Home","item":"https:\/\/www.citybrewtours.com\/montreal\/"},{"@type":"ListItem","position":2,"name":"Brasseries de Montr\u00e9al","item":"https:\/\/www.citybrewtours.com\/montreal\/breweries\/"},{"@type":"ListItem","position":3,"name":"Boswell Brasserie Artisanale"}]},{"@type":"WebSite","@id":"https:\/\/www.citybrewtours.com\/montreal\/#website","url":"https:\/\/www.citybrewtours.com\/montreal\/","name":"Montr\u00e9al Brew Tours - All-Inclusive, Guided Brewery Tours &amp; Events","description":"Local Brewery Tours in Montreal, QC","publisher":{"@id":"https:\/\/www.citybrewtours.com\/montreal\/#organization"},"potentialAction":[{"@type":"SearchAction","target":{"@type":"EntryPoint","urlTemplate":"https:\/\/www.citybrewtours.com\/montreal\/?s={search_term_string}"},"query-input":"required name=search_term_string"}],"inLanguage":"en-US"},{"@type":"Organization","@id":"https:\/\/www.citybrewtours.com\/montreal\/#organization","name":"City Brew Tours Montreal La Tourn\u00e9e Brasicole","url":"https:\/\/www.citybrewtours.com\/montreal\/","logo":{"@type":"ImageObject","inLanguage":"en-US","@id":"https:\/\/www.citybrewtours.com\/montreal\/#\/schema\/logo\/image\/","url":"https:\/\/www.citybrewtours.com\/montreal\/wp-content\/uploads\/sites\/10\/2018\/04\/brown_horizontal_nyc.png","contentUrl":"https:\/\/www.citybrewtours.com\/montreal\/wp-content\/uploads\/sites\/10\/2018\/04\/brown_horizontal_nyc.png","width":246,"height":90,"caption":"City Brew Tours Montreal La Tourn\u00e9e Brasicole"},"image":{"@id":"https:\/\/www.citybrewtours.com\/montreal\/#\/schema\/logo\/image\/"},"sameAs":["https:\/\/www.instagram.com\/citybrewtoursmtl\/","https:\/\/www.facebook.com\/citybrewtoursMTL\/"]}]}},"_links":{"self":[{"href":"https:\/\/www.citybrewtours.com\/montreal\/wp-json\/wp\/v2\/pages\/3308"}],"collection":[{"href":"https:\/\/www.citybrewtours.com\/montreal\/wp-json\/wp\/v2\/pages"}],"about":[{"href":"https:\/\/www.citybrewtours.com\/montreal\/wp-json\/wp\/v2\/types\/page"}],"author":[{"embeddable":true,"href":"https:\/\/www.citybrewtours.com\/montreal\/wp-json\/wp\/v2\/users\/22"}],"replies":[{"embeddable":true,"href":"https:\/\/www.citybrewtours.com\/montreal\/wp-json\/wp\/v2\/comments?post=3308"}],"version-history":[{"count":0,"href":"https:\/\/www.citybrewtours.com\/montreal\/wp-json\/wp\/v2\/pages\/3308\/revisions"}],"up":[{"embeddable":true,"href":"https:\/\/www.citybrewtours.com\/montreal\/wp-json\/wp\/v2\/pages\/2644"}],"wp:attachment":[{"href":"https:\/\/www.citybrewtours.com\/montreal\/wp-json\/wp\/v2\/media?parent=3308"}],"curies":[{"name":"wp","href":"https:\/\/api.w.org\/{rel}","templated":true}]}}