{"id":4293,"date":"2019-09-12T00:52:42","date_gmt":"2019-09-12T00:52:42","guid":{"rendered":"https:\/\/www.citybrewtours.com\/montreal\/?page_id=4293"},"modified":"2019-09-12T00:52:42","modified_gmt":"2019-09-12T00:52:42","slug":"messorem-bracitorium","status":"publish","type":"page","link":"https:\/\/www.citybrewtours.com\/montreal\/breweries\/messorem-bracitorium\/","title":{"rendered":"Messorem Bracitorium"},"content":{"rendered":"<p><img decoding=\"async\" class=\"alignnone size-full wp-image-4285 lazyload\" data-src=\"https:\/\/www.citybrewtours.com\/montreal\/wp-content\/uploads\/sites\/10\/2019\/09\/Capture-d\u2019e\u0301cran-le-2019-09-11-a\u0300-19.25.36-e1568244561176.png\" alt=\"\" width=\"1116\" height=\"626\" data-srcset=\"https:\/\/www.citybrewtours.com\/montreal\/wp-content\/uploads\/sites\/10\/2019\/09\/Capture-d\u2019e\u0301cran-le-2019-09-11-a\u0300-19.25.36-e1568244561176.png 1116w, https:\/\/www.citybrewtours.com\/montreal\/wp-content\/uploads\/sites\/10\/2019\/09\/Capture-d\u2019e\u0301cran-le-2019-09-11-a\u0300-19.25.36-e1568244561176-300x168.png 300w, https:\/\/www.citybrewtours.com\/montreal\/wp-content\/uploads\/sites\/10\/2019\/09\/Capture-d\u2019e\u0301cran-le-2019-09-11-a\u0300-19.25.36-e1568244561176-768x431.png 768w, https:\/\/www.citybrewtours.com\/montreal\/wp-content\/uploads\/sites\/10\/2019\/09\/Capture-d\u2019e\u0301cran-le-2019-09-11-a\u0300-19.25.36-e1568244561176-1024x574.png 1024w, https:\/\/www.citybrewtours.com\/montreal\/wp-content\/uploads\/sites\/10\/2019\/09\/Capture-d\u2019e\u0301cran-le-2019-09-11-a\u0300-19.25.36-e1568244561176-600x337.png 600w, https:\/\/www.citybrewtours.com\/montreal\/wp-content\/uploads\/sites\/10\/2019\/09\/Capture-d\u2019e\u0301cran-le-2019-09-11-a\u0300-19.25.36-e1568244561176-397x223.png 397w\" data-sizes=\"(max-width: 1116px) 100vw, 1116px\" src=\"data:image\/svg+xml;base64,PHN2ZyB3aWR0aD0iMSIgaGVpZ2h0PSIxIiB4bWxucz0iaHR0cDovL3d3dy53My5vcmcvMjAwMC9zdmciPjwvc3ZnPg==\" style=\"--smush-placeholder-width: 1116px; --smush-placeholder-aspect-ratio: 1116\/626;\" \/><\/p>\n<p>Messorem is a project created on paper by Marc-Andr\u00e9 Filion, S\u00e9bastien Chaput and Vincent M\u00e9nard. Each member has distinct strengths that together can be linked with the creation of a brewing company, a passion that has inhabited them for several years. For them, Messorem Bracitorium is the bridge to gap their hobby (microbrewery beer) and everyday work with friends.<\/p>\n<p><img decoding=\"async\" class=\"alignnone size-full wp-image-4230 lazyload\" data-src=\"https:\/\/www.citybrewtours.com\/montreal\/wp-content\/uploads\/sites\/10\/2019\/08\/67065765_1256960454482516_2326188935014776832_o.png\" alt=\"\" width=\"1143\" height=\"737\" data-srcset=\"https:\/\/www.citybrewtours.com\/montreal\/wp-content\/uploads\/sites\/10\/2019\/08\/67065765_1256960454482516_2326188935014776832_o.png 1143w, https:\/\/www.citybrewtours.com\/montreal\/wp-content\/uploads\/sites\/10\/2019\/08\/67065765_1256960454482516_2326188935014776832_o-300x193.png 300w, https:\/\/www.citybrewtours.com\/montreal\/wp-content\/uploads\/sites\/10\/2019\/08\/67065765_1256960454482516_2326188935014776832_o-768x495.png 768w, https:\/\/www.citybrewtours.com\/montreal\/wp-content\/uploads\/sites\/10\/2019\/08\/67065765_1256960454482516_2326188935014776832_o-1024x660.png 1024w, https:\/\/www.citybrewtours.com\/montreal\/wp-content\/uploads\/sites\/10\/2019\/08\/67065765_1256960454482516_2326188935014776832_o-600x387.png 600w, https:\/\/www.citybrewtours.com\/montreal\/wp-content\/uploads\/sites\/10\/2019\/08\/67065765_1256960454482516_2326188935014776832_o-346x223.png 346w\" data-sizes=\"(max-width: 1143px) 100vw, 1143px\" src=\"data:image\/svg+xml;base64,PHN2ZyB3aWR0aD0iMSIgaGVpZ2h0PSIxIiB4bWxucz0iaHR0cDovL3d3dy53My5vcmcvMjAwMC9zdmciPjwvc3ZnPg==\" style=\"--smush-placeholder-width: 1143px; --smush-placeholder-aspect-ratio: 1143\/737;\" \/><\/p>\n<p>Messorem Bracitorium is a microbrewery that uses the best ingredients found on the market. The primary goal is to create beers that we would want to drink that meet our personal tastes and criteria. The taste, texture in the mouth, and the appearance of our beers are very precise and specific.<span class=\"Apple-converted-space\">\u00a0\u00a0<\/span>What you see, what you drink at Messorem is exactly the result that beer had to have. We specialize in taticent or sour-type hopbeers, to employ English terms.<\/p>\n<h6>Address<\/h6>\n<div class=\"gstl_51 sbib_a\">\n<div id=\"sb_ifc51\" class=\"sbib_b\" dir=\"ltr\">2233 Rue Pitt, Montr\u00e9al, Qc H4E 4H2<\/div>\n<\/div>\n<h6>Website<\/h6>\n<p><a href=\"https:\/\/messorem.co\/en\/\" target=\"_blank\" rel=\"noopener noreferrer\">Click here<\/a><\/p>\n<p><span class=\"button-wrap\"><a href=\"https:\/\/www.citybrewtours.com\/montreal\/tours\/\" class=\"button button-light\" target=\"\">Book Now<\/a><\/span><\/p>\n","protected":false},"excerpt":{"rendered":"<p>Messorem is a project created on paper by Marc-Andr\u00e9 Filion, S\u00e9bastien Chaput and Vincent M\u00e9nard. Each member has distinct strengths that together can be linked with the creation of a brewing company, a passion that has inhabited them for several years. For them, Messorem Bracitorium is the bridge to gap their hobby (microbrewery beer) and [&hellip;]<\/p>\n","protected":false},"author":22,"featured_media":4287,"parent":386,"menu_order":0,"comment_status":"closed","ping_status":"closed","template":"page-tpl-leftmenu.php","meta":[],"acf":[],"yoast_head":"<!-- This site is optimized with the Yoast SEO plugin v19.10 - https:\/\/yoast.com\/wordpress\/plugins\/seo\/ -->\n<title>Messorem Bracitorium - Montr\u00e9al Brew Tours - All-Inclusive, Guided Brewery Tours &amp; Events<\/title>\n<meta name=\"description\" content=\"The primary goal is to create beers that we would want to drink that meet our personal tastes and criteria. The taste, texture in the mouth, and the appearance of their beers are very precise.\" \/>\n<meta name=\"robots\" content=\"index, follow, max-snippet:-1, max-image-preview:large, max-video-preview:-1\" \/>\n<link rel=\"canonical\" href=\"https:\/\/www.citybrewtours.com\/montreal\/breweries\/messorem-bracitorium\/\" \/>\n<meta property=\"og:locale\" content=\"en_US\" \/>\n<meta property=\"og:type\" content=\"article\" \/>\n<meta property=\"og:title\" content=\"Messorem Bracitorium - Montr\u00e9al Brew Tours - All-Inclusive, Guided Brewery Tours &amp; Events\" \/>\n<meta property=\"og:description\" content=\"The primary goal is to create beers that we would want to drink that meet our personal tastes and criteria. The taste, texture in the mouth, and the appearance of their beers are very precise.\" \/>\n<meta property=\"og:url\" content=\"https:\/\/www.citybrewtours.com\/montreal\/breweries\/messorem-bracitorium\/\" \/>\n<meta property=\"og:site_name\" content=\"Montr\u00e9al Brew Tours - All-Inclusive, Guided Brewery Tours &amp; Events\" \/>\n<meta property=\"article:publisher\" content=\"https:\/\/www.facebook.com\/citybrewtoursMTL\/\" \/>\n<meta property=\"og:image\" content=\"https:\/\/www.citybrewtours.com\/montreal\/wp-content\/uploads\/sites\/10\/2019\/09\/Capture-d\u2019e\u0301cran-le-2019-09-11-a\u0300-19.26.11-e1568247372902.png\" \/>\n\t<meta property=\"og:image:width\" content=\"737\" \/>\n\t<meta property=\"og:image:height\" content=\"723\" \/>\n\t<meta property=\"og:image:type\" content=\"image\/png\" \/>\n<meta name=\"twitter:card\" content=\"summary_large_image\" \/>\n<meta name=\"twitter:label1\" content=\"Est. reading time\" \/>\n\t<meta name=\"twitter:data1\" content=\"1 minute\" \/>\n<script type=\"application\/ld+json\" class=\"yoast-schema-graph\">{\"@context\":\"https:\/\/schema.org\",\"@graph\":[{\"@type\":\"WebPage\",\"@id\":\"https:\/\/www.citybrewtours.com\/montreal\/breweries\/messorem-bracitorium\/\",\"url\":\"https:\/\/www.citybrewtours.com\/montreal\/breweries\/messorem-bracitorium\/\",\"name\":\"Messorem Bracitorium - Montr\u00e9al Brew Tours - All-Inclusive, Guided Brewery Tours &amp; Events\",\"isPartOf\":{\"@id\":\"https:\/\/www.citybrewtours.com\/montreal\/#website\"},\"datePublished\":\"2019-09-12T00:52:42+00:00\",\"dateModified\":\"2019-09-12T00:52:42+00:00\",\"description\":\"The primary goal is to create beers that we would want to drink that meet our personal tastes and criteria. The taste, texture in the mouth, and the appearance of their beers are very precise.\",\"breadcrumb\":{\"@id\":\"https:\/\/www.citybrewtours.com\/montreal\/breweries\/messorem-bracitorium\/#breadcrumb\"},\"inLanguage\":\"en-US\",\"potentialAction\":[{\"@type\":\"ReadAction\",\"target\":[\"https:\/\/www.citybrewtours.com\/montreal\/breweries\/messorem-bracitorium\/\"]}]},{\"@type\":\"BreadcrumbList\",\"@id\":\"https:\/\/www.citybrewtours.com\/montreal\/breweries\/messorem-bracitorium\/#breadcrumb\",\"itemListElement\":[{\"@type\":\"ListItem\",\"position\":1,\"name\":\"Home\",\"item\":\"https:\/\/www.citybrewtours.com\/montreal\/\"},{\"@type\":\"ListItem\",\"position\":2,\"name\":\"MTL Breweries\",\"item\":\"https:\/\/www.citybrewtours.com\/montreal\/breweries\/\"},{\"@type\":\"ListItem\",\"position\":3,\"name\":\"Messorem Bracitorium\"}]},{\"@type\":\"WebSite\",\"@id\":\"https:\/\/www.citybrewtours.com\/montreal\/#website\",\"url\":\"https:\/\/www.citybrewtours.com\/montreal\/\",\"name\":\"Montr\u00e9al Brew Tours - All-Inclusive, Guided Brewery Tours &amp; Events\",\"description\":\"Local Brewery Tours in Montreal, QC\",\"publisher\":{\"@id\":\"https:\/\/www.citybrewtours.com\/montreal\/#organization\"},\"potentialAction\":[{\"@type\":\"SearchAction\",\"target\":{\"@type\":\"EntryPoint\",\"urlTemplate\":\"https:\/\/www.citybrewtours.com\/montreal\/?s={search_term_string}\"},\"query-input\":\"required name=search_term_string\"}],\"inLanguage\":\"en-US\"},{\"@type\":\"Organization\",\"@id\":\"https:\/\/www.citybrewtours.com\/montreal\/#organization\",\"name\":\"City Brew Tours Montreal La Tourn\u00e9e Brasicole\",\"url\":\"https:\/\/www.citybrewtours.com\/montreal\/\",\"logo\":{\"@type\":\"ImageObject\",\"inLanguage\":\"en-US\",\"@id\":\"https:\/\/www.citybrewtours.com\/montreal\/#\/schema\/logo\/image\/\",\"url\":\"https:\/\/www.citybrewtours.com\/montreal\/wp-content\/uploads\/sites\/10\/2018\/04\/brown_horizontal_nyc.png\",\"contentUrl\":\"https:\/\/www.citybrewtours.com\/montreal\/wp-content\/uploads\/sites\/10\/2018\/04\/brown_horizontal_nyc.png\",\"width\":246,\"height\":90,\"caption\":\"City Brew Tours Montreal La Tourn\u00e9e Brasicole\"},\"image\":{\"@id\":\"https:\/\/www.citybrewtours.com\/montreal\/#\/schema\/logo\/image\/\"},\"sameAs\":[\"https:\/\/www.instagram.com\/citybrewtoursmtl\/\",\"https:\/\/www.facebook.com\/citybrewtoursMTL\/\"]}]}<\/script>\n<!-- \/ Yoast SEO plugin. -->","yoast_head_json":{"title":"Messorem Bracitorium - Montr\u00e9al Brew Tours - All-Inclusive, Guided Brewery Tours &amp; Events","description":"The primary goal is to create beers that we would want to drink that meet our personal tastes and criteria. The taste, texture in the mouth, and the appearance of their beers are very precise.","robots":{"index":"index","follow":"follow","max-snippet":"max-snippet:-1","max-image-preview":"max-image-preview:large","max-video-preview":"max-video-preview:-1"},"canonical":"https:\/\/www.citybrewtours.com\/montreal\/breweries\/messorem-bracitorium\/","og_locale":"en_US","og_type":"article","og_title":"Messorem Bracitorium - Montr\u00e9al Brew Tours - All-Inclusive, Guided Brewery Tours &amp; Events","og_description":"The primary goal is to create beers that we would want to drink that meet our personal tastes and criteria. The taste, texture in the mouth, and the appearance of their beers are very precise.","og_url":"https:\/\/www.citybrewtours.com\/montreal\/breweries\/messorem-bracitorium\/","og_site_name":"Montr\u00e9al Brew Tours - All-Inclusive, Guided Brewery Tours &amp; Events","article_publisher":"https:\/\/www.facebook.com\/citybrewtoursMTL\/","og_image":[{"width":737,"height":723,"url":"https:\/\/www.citybrewtours.com\/montreal\/wp-content\/uploads\/sites\/10\/2019\/09\/Capture-d\u2019e\u0301cran-le-2019-09-11-a\u0300-19.26.11-e1568247372902.png","type":"image\/png"}],"twitter_card":"summary_large_image","twitter_misc":{"Est. reading time":"1 minute"},"schema":{"@context":"https:\/\/schema.org","@graph":[{"@type":"WebPage","@id":"https:\/\/www.citybrewtours.com\/montreal\/breweries\/messorem-bracitorium\/","url":"https:\/\/www.citybrewtours.com\/montreal\/breweries\/messorem-bracitorium\/","name":"Messorem Bracitorium - Montr\u00e9al Brew Tours - All-Inclusive, Guided Brewery Tours &amp; Events","isPartOf":{"@id":"https:\/\/www.citybrewtours.com\/montreal\/#website"},"datePublished":"2019-09-12T00:52:42+00:00","dateModified":"2019-09-12T00:52:42+00:00","description":"The primary goal is to create beers that we would want to drink that meet our personal tastes and criteria. The taste, texture in the mouth, and the appearance of their beers are very precise.","breadcrumb":{"@id":"https:\/\/www.citybrewtours.com\/montreal\/breweries\/messorem-bracitorium\/#breadcrumb"},"inLanguage":"en-US","potentialAction":[{"@type":"ReadAction","target":["https:\/\/www.citybrewtours.com\/montreal\/breweries\/messorem-bracitorium\/"]}]},{"@type":"BreadcrumbList","@id":"https:\/\/www.citybrewtours.com\/montreal\/breweries\/messorem-bracitorium\/#breadcrumb","itemListElement":[{"@type":"ListItem","position":1,"name":"Home","item":"https:\/\/www.citybrewtours.com\/montreal\/"},{"@type":"ListItem","position":2,"name":"MTL Breweries","item":"https:\/\/www.citybrewtours.com\/montreal\/breweries\/"},{"@type":"ListItem","position":3,"name":"Messorem Bracitorium"}]},{"@type":"WebSite","@id":"https:\/\/www.citybrewtours.com\/montreal\/#website","url":"https:\/\/www.citybrewtours.com\/montreal\/","name":"Montr\u00e9al Brew Tours - All-Inclusive, Guided Brewery Tours &amp; Events","description":"Local Brewery Tours in Montreal, QC","publisher":{"@id":"https:\/\/www.citybrewtours.com\/montreal\/#organization"},"potentialAction":[{"@type":"SearchAction","target":{"@type":"EntryPoint","urlTemplate":"https:\/\/www.citybrewtours.com\/montreal\/?s={search_term_string}"},"query-input":"required name=search_term_string"}],"inLanguage":"en-US"},{"@type":"Organization","@id":"https:\/\/www.citybrewtours.com\/montreal\/#organization","name":"City Brew Tours Montreal La Tourn\u00e9e Brasicole","url":"https:\/\/www.citybrewtours.com\/montreal\/","logo":{"@type":"ImageObject","inLanguage":"en-US","@id":"https:\/\/www.citybrewtours.com\/montreal\/#\/schema\/logo\/image\/","url":"https:\/\/www.citybrewtours.com\/montreal\/wp-content\/uploads\/sites\/10\/2018\/04\/brown_horizontal_nyc.png","contentUrl":"https:\/\/www.citybrewtours.com\/montreal\/wp-content\/uploads\/sites\/10\/2018\/04\/brown_horizontal_nyc.png","width":246,"height":90,"caption":"City Brew Tours Montreal La Tourn\u00e9e Brasicole"},"image":{"@id":"https:\/\/www.citybrewtours.com\/montreal\/#\/schema\/logo\/image\/"},"sameAs":["https:\/\/www.instagram.com\/citybrewtoursmtl\/","https:\/\/www.facebook.com\/citybrewtoursMTL\/"]}]}},"_links":{"self":[{"href":"https:\/\/www.citybrewtours.com\/montreal\/wp-json\/wp\/v2\/pages\/4293"}],"collection":[{"href":"https:\/\/www.citybrewtours.com\/montreal\/wp-json\/wp\/v2\/pages"}],"about":[{"href":"https:\/\/www.citybrewtours.com\/montreal\/wp-json\/wp\/v2\/types\/page"}],"author":[{"embeddable":true,"href":"https:\/\/www.citybrewtours.com\/montreal\/wp-json\/wp\/v2\/users\/22"}],"replies":[{"embeddable":true,"href":"https:\/\/www.citybrewtours.com\/montreal\/wp-json\/wp\/v2\/comments?post=4293"}],"version-history":[{"count":0,"href":"https:\/\/www.citybrewtours.com\/montreal\/wp-json\/wp\/v2\/pages\/4293\/revisions"}],"up":[{"embeddable":true,"href":"https:\/\/www.citybrewtours.com\/montreal\/wp-json\/wp\/v2\/pages\/386"}],"wp:featuredmedia":[{"embeddable":true,"href":"https:\/\/www.citybrewtours.com\/montreal\/wp-json\/wp\/v2\/media\/4287"}],"wp:attachment":[{"href":"https:\/\/www.citybrewtours.com\/montreal\/wp-json\/wp\/v2\/media?parent=4293"}],"curies":[{"name":"wp","href":"https:\/\/api.w.org\/{rel}","templated":true}]}}