{"id":4296,"date":"2019-09-12T00:59:28","date_gmt":"2019-09-12T00:59:28","guid":{"rendered":"https:\/\/www.citybrewtours.com\/montreal\/?page_id=4296"},"modified":"2023-01-11T18:01:27","modified_gmt":"2023-01-11T18:01:27","slug":"messorem-bracitorium","status":"publish","type":"page","link":"https:\/\/www.citybrewtours.com\/montreal\/fr\/breweries\/messorem-bracitorium\/","title":{"rendered":"Messorem Bracitorium"},"content":{"rendered":"<p><img decoding=\"async\" class=\"alignnone size-full wp-image-4285 lazyload\" data-src=\"https:\/\/www.citybrewtours.com\/montreal\/wp-content\/uploads\/sites\/10\/2019\/09\/Capture-d\u2019e\u0301cran-le-2019-09-11-a\u0300-19.25.36-e1568244561176.png\" alt=\"\" width=\"1116\" height=\"626\" data-srcset=\"https:\/\/www.citybrewtours.com\/montreal\/wp-content\/uploads\/sites\/10\/2019\/09\/Capture-d\u2019e\u0301cran-le-2019-09-11-a\u0300-19.25.36-e1568244561176.png 1116w, https:\/\/www.citybrewtours.com\/montreal\/wp-content\/uploads\/sites\/10\/2019\/09\/Capture-d\u2019e\u0301cran-le-2019-09-11-a\u0300-19.25.36-e1568244561176-300x168.png 300w, https:\/\/www.citybrewtours.com\/montreal\/wp-content\/uploads\/sites\/10\/2019\/09\/Capture-d\u2019e\u0301cran-le-2019-09-11-a\u0300-19.25.36-e1568244561176-768x431.png 768w, https:\/\/www.citybrewtours.com\/montreal\/wp-content\/uploads\/sites\/10\/2019\/09\/Capture-d\u2019e\u0301cran-le-2019-09-11-a\u0300-19.25.36-e1568244561176-1024x574.png 1024w, https:\/\/www.citybrewtours.com\/montreal\/wp-content\/uploads\/sites\/10\/2019\/09\/Capture-d\u2019e\u0301cran-le-2019-09-11-a\u0300-19.25.36-e1568244561176-600x337.png 600w, https:\/\/www.citybrewtours.com\/montreal\/wp-content\/uploads\/sites\/10\/2019\/09\/Capture-d\u2019e\u0301cran-le-2019-09-11-a\u0300-19.25.36-e1568244561176-397x223.png 397w\" data-sizes=\"(max-width: 1116px) 100vw, 1116px\" src=\"data:image\/svg+xml;base64,PHN2ZyB3aWR0aD0iMSIgaGVpZ2h0PSIxIiB4bWxucz0iaHR0cDovL3d3dy53My5vcmcvMjAwMC9zdmciPjwvc3ZnPg==\" style=\"--smush-placeholder-width: 1116px; --smush-placeholder-aspect-ratio: 1116\/626;\" \/><\/p>\n<p>Messorem est un projet cr\u00e9\u00e9 sur papier par Marc-Andr\u00e9 Filion, S\u00e9bastien Chaput et Vincent M\u00e9nard. Chacun ayant des forces professionnelles distinctes, pouvant \u00eatre reli\u00e9es \u00e0 la cr\u00e9ation d\u2019une entreprise brassicole, une passion qui les habite depuis plusieurs ann\u00e9es. Pour eux, MessoremBracitorium \u00e9tait le pont pour joindre leur hobby (la bi\u00e8re de microbrasserie) et le travail de tous les jours entre amis.<\/p>\n<p><img decoding=\"async\" class=\"alignnone size-full wp-image-4230 lazyload\" data-src=\"https:\/\/www.citybrewtours.com\/montreal\/wp-content\/uploads\/sites\/10\/2019\/08\/67065765_1256960454482516_2326188935014776832_o.png\" alt=\"\" width=\"1143\" height=\"737\" data-srcset=\"https:\/\/www.citybrewtours.com\/montreal\/wp-content\/uploads\/sites\/10\/2019\/08\/67065765_1256960454482516_2326188935014776832_o.png 1143w, https:\/\/www.citybrewtours.com\/montreal\/wp-content\/uploads\/sites\/10\/2019\/08\/67065765_1256960454482516_2326188935014776832_o-300x193.png 300w, https:\/\/www.citybrewtours.com\/montreal\/wp-content\/uploads\/sites\/10\/2019\/08\/67065765_1256960454482516_2326188935014776832_o-768x495.png 768w, https:\/\/www.citybrewtours.com\/montreal\/wp-content\/uploads\/sites\/10\/2019\/08\/67065765_1256960454482516_2326188935014776832_o-1024x660.png 1024w, https:\/\/www.citybrewtours.com\/montreal\/wp-content\/uploads\/sites\/10\/2019\/08\/67065765_1256960454482516_2326188935014776832_o-600x387.png 600w, https:\/\/www.citybrewtours.com\/montreal\/wp-content\/uploads\/sites\/10\/2019\/08\/67065765_1256960454482516_2326188935014776832_o-346x223.png 346w\" data-sizes=\"(max-width: 1143px) 100vw, 1143px\" src=\"data:image\/svg+xml;base64,PHN2ZyB3aWR0aD0iMSIgaGVpZ2h0PSIxIiB4bWxucz0iaHR0cDovL3d3dy53My5vcmcvMjAwMC9zdmciPjwvc3ZnPg==\" style=\"--smush-placeholder-width: 1143px; --smush-placeholder-aspect-ratio: 1143\/737;\" \/><\/p>\n<p class=\"p1\">Messorem Bracitorium est une microbrasserie qui utilise les meilleurs ingr\u00e9dients que nous pouvons trouver sur le march\u00e9. Le but premier est de cr\u00e9er des bi\u00e8res que nous avons envie de boire pour satisfaire nos propres crit\u00e8res. Le go\u00fbt, les textures en bouche et l\u2019apparence de nos bi\u00e8res sont tr\u00e8s pr\u00e9cis. \u00a0Ce que vous voyez, ce que vous buvez chez Messorem est exactement le r\u00e9sultat que la bi\u00e8re se devait d\u2019avoir. Nous nous sp\u00e9cialisons dans les bi\u00e8res houblonn\u00e9es et de type acidul\u00e9es ou sour, pour utiliser le terme anglais.<\/p>\n<p class=\"p1\">Nous avons \u00e9galement un programme de barriques \u00e0 l\u2019int\u00e9rieur de nos installations qui est d\u00e9j\u00e0 en fonction. F\u00fbts de cha\u00eene Fran\u00e7ais, barriques de Bourbon\u2026 Attendez-vous \u00e0 plusieurs produits vieillis de notre part et nous nous croisons les doigts pour de bons r\u00e9sultats.<\/p>\n<h6>Adresse<\/h6>\n<div class=\"gstl_51 sbib_a\">\n<div id=\"sb_ifc51\" class=\"sbib_b\" dir=\"ltr\">2233 Rue Pitt, Montr\u00e9al, Qc H4E 4H2<\/div>\n<\/div>\n<h6>Site Web<\/h6>\n<p><a href=\"https:\/\/messorem.co\/\" target=\"_blank\" rel=\"noopener noreferrer\">Cliquez Ici<\/a><\/p>\n<p>&nbsp;<\/p>\n","protected":false},"excerpt":{"rendered":"<p>Messorem est un projet cr\u00e9\u00e9 sur papier par Marc-Andr\u00e9 Filion, S\u00e9bastien Chaput et Vincent M\u00e9nard. Chacun ayant des forces professionnelles distinctes, pouvant \u00eatre reli\u00e9es \u00e0 la cr\u00e9ation d\u2019une entreprise brassicole, une passion qui les habite depuis plusieurs ann\u00e9es. Pour eux, MessoremBracitorium \u00e9tait le pont pour joindre leur hobby (la bi\u00e8re de microbrasserie) et le travail [&hellip;]<\/p>\n","protected":false},"author":22,"featured_media":4288,"parent":2644,"menu_order":0,"comment_status":"closed","ping_status":"closed","template":"page-tpl-leftmenu.php","meta":[],"acf":[],"yoast_head":"<!-- This site is optimized with the Yoast SEO plugin v19.10 - https:\/\/yoast.com\/wordpress\/plugins\/seo\/ -->\n<title>Messorem Bracitorium - Montr\u00e9al Brew Tours - All-Inclusive, Guided Brewery Tours &amp; Events<\/title>\n<meta name=\"description\" content=\"Le but premier est de cr\u00e9er des bi\u00e8res que nous avons envie de boire pour satisfaire nos propres crit\u00e8res. Le go\u00fbt, les textures en bouche et l\u2019apparence de nos bi\u00e8res sont tr\u00e8s pr\u00e9cis.\" \/>\n<meta name=\"robots\" content=\"index, follow, max-snippet:-1, max-image-preview:large, max-video-preview:-1\" \/>\n<link rel=\"canonical\" href=\"https:\/\/www.citybrewtours.com\/montreal\/breweries\/messorem-bracitorium\/\" \/>\n<meta property=\"og:locale\" content=\"en_US\" \/>\n<meta property=\"og:type\" content=\"article\" \/>\n<meta property=\"og:title\" content=\"Messorem Bracitorium - Montr\u00e9al Brew Tours - All-Inclusive, Guided Brewery Tours &amp; Events\" \/>\n<meta property=\"og:description\" content=\"Le but premier est de cr\u00e9er des bi\u00e8res que nous avons envie de boire pour satisfaire nos propres crit\u00e8res. Le go\u00fbt, les textures en bouche et l\u2019apparence de nos bi\u00e8res sont tr\u00e8s pr\u00e9cis.\" \/>\n<meta property=\"og:url\" content=\"https:\/\/www.citybrewtours.com\/montreal\/fr\/breweries\/messorem-bracitorium\/\" \/>\n<meta property=\"og:site_name\" content=\"Montr\u00e9al Brew Tours - All-Inclusive, Guided Brewery Tours &amp; Events\" \/>\n<meta property=\"article:publisher\" content=\"https:\/\/www.facebook.com\/citybrewtoursMTL\/\" \/>\n<meta property=\"article:modified_time\" content=\"2023-01-11T18:01:27+00:00\" \/>\n<meta property=\"og:image\" content=\"https:\/\/www.citybrewtours.com\/montreal\/wp-content\/uploads\/sites\/10\/2019\/09\/Capture-d\u2019e\u0301cran-le-2019-09-11-a\u0300-19.26.11-e1568249823234.png\" \/>\n\t<meta property=\"og:image:width\" content=\"745\" \/>\n\t<meta property=\"og:image:height\" content=\"597\" \/>\n\t<meta property=\"og:image:type\" content=\"image\/png\" \/>\n<meta name=\"twitter:card\" content=\"summary_large_image\" \/>\n<meta name=\"twitter:label1\" content=\"Est. reading time\" \/>\n\t<meta name=\"twitter:data1\" content=\"2 minutes\" \/>\n<script type=\"application\/ld+json\" class=\"yoast-schema-graph\">{\"@context\":\"https:\/\/schema.org\",\"@graph\":[{\"@type\":\"WebPage\",\"@id\":\"https:\/\/www.citybrewtours.com\/montreal\/fr\/breweries\/messorem-bracitorium\/\",\"url\":\"https:\/\/www.citybrewtours.com\/montreal\/fr\/breweries\/messorem-bracitorium\/\",\"name\":\"Messorem Bracitorium - Montr\u00e9al Brew Tours - All-Inclusive, Guided Brewery Tours &amp; Events\",\"isPartOf\":{\"@id\":\"https:\/\/www.citybrewtours.com\/montreal\/#website\"},\"datePublished\":\"2019-09-12T00:59:28+00:00\",\"dateModified\":\"2023-01-11T18:01:27+00:00\",\"description\":\"Le but premier est de cr\u00e9er des bi\u00e8res que nous avons envie de boire pour satisfaire nos propres crit\u00e8res. Le go\u00fbt, les textures en bouche et l\u2019apparence de nos bi\u00e8res sont tr\u00e8s pr\u00e9cis.\",\"breadcrumb\":{\"@id\":\"https:\/\/www.citybrewtours.com\/montreal\/fr\/breweries\/messorem-bracitorium\/#breadcrumb\"},\"inLanguage\":\"en-US\",\"potentialAction\":[{\"@type\":\"ReadAction\",\"target\":[\"https:\/\/www.citybrewtours.com\/montreal\/fr\/breweries\/messorem-bracitorium\/\"]}]},{\"@type\":\"BreadcrumbList\",\"@id\":\"https:\/\/www.citybrewtours.com\/montreal\/fr\/breweries\/messorem-bracitorium\/#breadcrumb\",\"itemListElement\":[{\"@type\":\"ListItem\",\"position\":1,\"name\":\"Home\",\"item\":\"https:\/\/www.citybrewtours.com\/montreal\/\"},{\"@type\":\"ListItem\",\"position\":2,\"name\":\"Brasseries de Montr\u00e9al\",\"item\":\"https:\/\/www.citybrewtours.com\/montreal\/breweries\/\"},{\"@type\":\"ListItem\",\"position\":3,\"name\":\"Messorem Bracitorium\"}]},{\"@type\":\"WebSite\",\"@id\":\"https:\/\/www.citybrewtours.com\/montreal\/#website\",\"url\":\"https:\/\/www.citybrewtours.com\/montreal\/\",\"name\":\"Montr\u00e9al Brew Tours - All-Inclusive, Guided Brewery Tours &amp; Events\",\"description\":\"Local Brewery Tours in Montreal, QC\",\"publisher\":{\"@id\":\"https:\/\/www.citybrewtours.com\/montreal\/#organization\"},\"potentialAction\":[{\"@type\":\"SearchAction\",\"target\":{\"@type\":\"EntryPoint\",\"urlTemplate\":\"https:\/\/www.citybrewtours.com\/montreal\/?s={search_term_string}\"},\"query-input\":\"required name=search_term_string\"}],\"inLanguage\":\"en-US\"},{\"@type\":\"Organization\",\"@id\":\"https:\/\/www.citybrewtours.com\/montreal\/#organization\",\"name\":\"City Brew Tours Montreal La Tourn\u00e9e Brasicole\",\"url\":\"https:\/\/www.citybrewtours.com\/montreal\/\",\"logo\":{\"@type\":\"ImageObject\",\"inLanguage\":\"en-US\",\"@id\":\"https:\/\/www.citybrewtours.com\/montreal\/#\/schema\/logo\/image\/\",\"url\":\"https:\/\/www.citybrewtours.com\/montreal\/wp-content\/uploads\/sites\/10\/2018\/04\/brown_horizontal_nyc.png\",\"contentUrl\":\"https:\/\/www.citybrewtours.com\/montreal\/wp-content\/uploads\/sites\/10\/2018\/04\/brown_horizontal_nyc.png\",\"width\":246,\"height\":90,\"caption\":\"City Brew Tours Montreal La Tourn\u00e9e Brasicole\"},\"image\":{\"@id\":\"https:\/\/www.citybrewtours.com\/montreal\/#\/schema\/logo\/image\/\"},\"sameAs\":[\"https:\/\/www.instagram.com\/citybrewtoursmtl\/\",\"https:\/\/www.facebook.com\/citybrewtoursMTL\/\"]}]}<\/script>\n<!-- \/ Yoast SEO plugin. -->","yoast_head_json":{"title":"Messorem Bracitorium - Montr\u00e9al Brew Tours - All-Inclusive, Guided Brewery Tours &amp; Events","description":"Le but premier est de cr\u00e9er des bi\u00e8res que nous avons envie de boire pour satisfaire nos propres crit\u00e8res. Le go\u00fbt, les textures en bouche et l\u2019apparence de nos bi\u00e8res sont tr\u00e8s pr\u00e9cis.","robots":{"index":"index","follow":"follow","max-snippet":"max-snippet:-1","max-image-preview":"max-image-preview:large","max-video-preview":"max-video-preview:-1"},"canonical":"https:\/\/www.citybrewtours.com\/montreal\/breweries\/messorem-bracitorium\/","og_locale":"en_US","og_type":"article","og_title":"Messorem Bracitorium - Montr\u00e9al Brew Tours - All-Inclusive, Guided Brewery Tours &amp; Events","og_description":"Le but premier est de cr\u00e9er des bi\u00e8res que nous avons envie de boire pour satisfaire nos propres crit\u00e8res. Le go\u00fbt, les textures en bouche et l\u2019apparence de nos bi\u00e8res sont tr\u00e8s pr\u00e9cis.","og_url":"https:\/\/www.citybrewtours.com\/montreal\/fr\/breweries\/messorem-bracitorium\/","og_site_name":"Montr\u00e9al Brew Tours - All-Inclusive, Guided Brewery Tours &amp; Events","article_publisher":"https:\/\/www.facebook.com\/citybrewtoursMTL\/","article_modified_time":"2023-01-11T18:01:27+00:00","og_image":[{"width":745,"height":597,"url":"https:\/\/www.citybrewtours.com\/montreal\/wp-content\/uploads\/sites\/10\/2019\/09\/Capture-d\u2019e\u0301cran-le-2019-09-11-a\u0300-19.26.11-e1568249823234.png","type":"image\/png"}],"twitter_card":"summary_large_image","twitter_misc":{"Est. reading time":"2 minutes"},"schema":{"@context":"https:\/\/schema.org","@graph":[{"@type":"WebPage","@id":"https:\/\/www.citybrewtours.com\/montreal\/fr\/breweries\/messorem-bracitorium\/","url":"https:\/\/www.citybrewtours.com\/montreal\/fr\/breweries\/messorem-bracitorium\/","name":"Messorem Bracitorium - Montr\u00e9al Brew Tours - All-Inclusive, Guided Brewery Tours &amp; Events","isPartOf":{"@id":"https:\/\/www.citybrewtours.com\/montreal\/#website"},"datePublished":"2019-09-12T00:59:28+00:00","dateModified":"2023-01-11T18:01:27+00:00","description":"Le but premier est de cr\u00e9er des bi\u00e8res que nous avons envie de boire pour satisfaire nos propres crit\u00e8res. Le go\u00fbt, les textures en bouche et l\u2019apparence de nos bi\u00e8res sont tr\u00e8s pr\u00e9cis.","breadcrumb":{"@id":"https:\/\/www.citybrewtours.com\/montreal\/fr\/breweries\/messorem-bracitorium\/#breadcrumb"},"inLanguage":"en-US","potentialAction":[{"@type":"ReadAction","target":["https:\/\/www.citybrewtours.com\/montreal\/fr\/breweries\/messorem-bracitorium\/"]}]},{"@type":"BreadcrumbList","@id":"https:\/\/www.citybrewtours.com\/montreal\/fr\/breweries\/messorem-bracitorium\/#breadcrumb","itemListElement":[{"@type":"ListItem","position":1,"name":"Home","item":"https:\/\/www.citybrewtours.com\/montreal\/"},{"@type":"ListItem","position":2,"name":"Brasseries de Montr\u00e9al","item":"https:\/\/www.citybrewtours.com\/montreal\/breweries\/"},{"@type":"ListItem","position":3,"name":"Messorem Bracitorium"}]},{"@type":"WebSite","@id":"https:\/\/www.citybrewtours.com\/montreal\/#website","url":"https:\/\/www.citybrewtours.com\/montreal\/","name":"Montr\u00e9al Brew Tours - All-Inclusive, Guided Brewery Tours &amp; Events","description":"Local Brewery Tours in Montreal, QC","publisher":{"@id":"https:\/\/www.citybrewtours.com\/montreal\/#organization"},"potentialAction":[{"@type":"SearchAction","target":{"@type":"EntryPoint","urlTemplate":"https:\/\/www.citybrewtours.com\/montreal\/?s={search_term_string}"},"query-input":"required name=search_term_string"}],"inLanguage":"en-US"},{"@type":"Organization","@id":"https:\/\/www.citybrewtours.com\/montreal\/#organization","name":"City Brew Tours Montreal La Tourn\u00e9e Brasicole","url":"https:\/\/www.citybrewtours.com\/montreal\/","logo":{"@type":"ImageObject","inLanguage":"en-US","@id":"https:\/\/www.citybrewtours.com\/montreal\/#\/schema\/logo\/image\/","url":"https:\/\/www.citybrewtours.com\/montreal\/wp-content\/uploads\/sites\/10\/2018\/04\/brown_horizontal_nyc.png","contentUrl":"https:\/\/www.citybrewtours.com\/montreal\/wp-content\/uploads\/sites\/10\/2018\/04\/brown_horizontal_nyc.png","width":246,"height":90,"caption":"City Brew Tours Montreal La Tourn\u00e9e Brasicole"},"image":{"@id":"https:\/\/www.citybrewtours.com\/montreal\/#\/schema\/logo\/image\/"},"sameAs":["https:\/\/www.instagram.com\/citybrewtoursmtl\/","https:\/\/www.facebook.com\/citybrewtoursMTL\/"]}]}},"_links":{"self":[{"href":"https:\/\/www.citybrewtours.com\/montreal\/wp-json\/wp\/v2\/pages\/4296"}],"collection":[{"href":"https:\/\/www.citybrewtours.com\/montreal\/wp-json\/wp\/v2\/pages"}],"about":[{"href":"https:\/\/www.citybrewtours.com\/montreal\/wp-json\/wp\/v2\/types\/page"}],"author":[{"embeddable":true,"href":"https:\/\/www.citybrewtours.com\/montreal\/wp-json\/wp\/v2\/users\/22"}],"replies":[{"embeddable":true,"href":"https:\/\/www.citybrewtours.com\/montreal\/wp-json\/wp\/v2\/comments?post=4296"}],"version-history":[{"count":0,"href":"https:\/\/www.citybrewtours.com\/montreal\/wp-json\/wp\/v2\/pages\/4296\/revisions"}],"up":[{"embeddable":true,"href":"https:\/\/www.citybrewtours.com\/montreal\/wp-json\/wp\/v2\/pages\/2644"}],"wp:featuredmedia":[{"embeddable":true,"href":"https:\/\/www.citybrewtours.com\/montreal\/wp-json\/wp\/v2\/media\/4288"}],"wp:attachment":[{"href":"https:\/\/www.citybrewtours.com\/montreal\/wp-json\/wp\/v2\/media?parent=4296"}],"curies":[{"name":"wp","href":"https:\/\/api.w.org\/{rel}","templated":true}]}}